{"id":12589,"date":"2024-02-07T08:49:21","date_gmt":"2024-02-07T08:49:21","guid":{"rendered":"http:\/\/tavieta.lt\/produktas\/atverciama-dezute-ks-18-premium\/"},"modified":"2024-02-07T08:49:23","modified_gmt":"2024-02-07T08:49:23","slug":"atverciama-dezute-ks-18-premium","status":"publish","type":"product","link":"https:\/\/tavieta.lt\/lv\/products\/atverciama-dezute-ks-18-premium\/","title":{"rendered":"\u0160arn\u012brveida kaste KS 18 Premium"},"content":{"rendered":"<p>\u0160arn\u012brveida kaste KS 18 Premium<\/p>\n<p>Herm\u0113tiski nosl\u0113gta, augst\u0101k\u0101s kvalit\u0101tes kaste. \u0160\u012b klasisk\u0101 pakarin\u0101m\u0101 kaste ir izgatavota, izmantojot vislab\u0101k\u0101s gr\u0101matu iesie\u0161anas metodes, un t\u0101 ir izgatavota no iztur\u012bga konserv\u0101cijas d\u0113\u013ca ar pilnu auduma oderi. \u012apa\u0161a uzman\u012bba tika piev\u0113rsta novecojo\u0161iem un videi draudz\u012bgiem (maz\u0101k pies\u0101r\u0146ojo\u0161iem) materi\u0101liem. Pieg\u0101de samont\u0113ta un vertik\u0101la. Par\u0101d\u012btais piem\u0113rs ir tikai atsaucei. KS 18 premium kastes vienm\u0113r tiek ra\u017eotas individu\u0101li p\u0113c klienta specifik\u0101cijas.<\/p>\n<div id=\"gtx-trans\" style=\"position: absolute; left: 79px; top: 37px;\">\n<div class=\"gtx-trans-icon\"><\/div>\n<\/div>","protected":false},"excerpt":{"rendered":"<p>\u0160arn\u012brveida kaste KS 18 Premium<\/p>","protected":false},"featured_media":11620,"template":"","meta":[],"product_brand":[],"product_cat":[138],"product_tag":[],"class_list":{"0":"post-12589","1":"product","2":"type-product","3":"status-publish","4":"has-post-thumbnail","6":"product_cat-atverciamo-tipo-dezutes","8":"first","9":"outofstock","10":"product-type-simple"},"_links":{"self":[{"href":"https:\/\/tavieta.lt\/lv\/wp-json\/wp\/v2\/product\/12589","targetHints":{"allow":["GET"]}}],"collection":[{"href":"https:\/\/tavieta.lt\/lv\/wp-json\/wp\/v2\/product"}],"about":[{"href":"https:\/\/tavieta.lt\/lv\/wp-json\/wp\/v2\/types\/product"}],"wp:featuredmedia":[{"embeddable":true,"href":"https:\/\/tavieta.lt\/lv\/wp-json\/wp\/v2\/media\/11620"}],"wp:attachment":[{"href":"https:\/\/tavieta.lt\/lv\/wp-json\/wp\/v2\/media?parent=12589"}],"wp:term":[{"taxonomy":"product_brand","embeddable":true,"href":"https:\/\/tavieta.lt\/lv\/wp-json\/wp\/v2\/product_brand?post=12589"},{"taxonomy":"product_cat","embeddable":true,"href":"https:\/\/tavieta.lt\/lv\/wp-json\/wp\/v2\/product_cat?post=12589"},{"taxonomy":"product_tag","embeddable":true,"href":"https:\/\/tavieta.lt\/lv\/wp-json\/wp\/v2\/product_tag?post=12589"}],"curies":[{"name":"wp","href":"https:\/\/api.w.org\/{rel}","templated":true}]}}