{"id":12590,"date":"2024-02-07T08:49:21","date_gmt":"2024-02-07T08:49:21","guid":{"rendered":"http:\/\/tavieta.lt\/produktas\/apgaubianti-dezute-ks-1\/"},"modified":"2024-03-29T09:31:50","modified_gmt":"2024-03-29T09:31:50","slug":"apgaubianti-dezute-ks-1","status":"publish","type":"product","link":"https:\/\/tavieta.lt\/lv\/products\/apgaubianti-dezute-ks-1\/","title":{"rendered":"Nosl\u0113dzo\u0161\u0101 kaste KS 1"},"content":{"rendered":"<p>Nosl\u0113dzo\u0161\u0101 kaste KS 1<\/p>\n<p>Vienk\u0101r\u0161s un izdev\u012bgs mapes veids, kaste gr\u0101matu, arh\u012bva materi\u0101lu un citu priek\u0161metu glab\u0101\u0161anai. Bie\u017ei izmanto izst\u0101\u017eu transport\u0113\u0161anai.<\/p>\n<div id=\"gtx-trans\" style=\"position: absolute; left: 79px; top: 37px;\">\n<div class=\"gtx-trans-icon\"><\/div>\n<\/div>","protected":false},"excerpt":{"rendered":"<p>Nosl\u0113dzo\u0161\u0101 kaste KS 1<\/p>","protected":false},"featured_media":11622,"template":"","meta":[],"product_brand":[],"product_cat":[202],"product_tag":[],"class_list":{"0":"post-12590","1":"product","2":"type-product","3":"status-publish","4":"has-post-thumbnail","6":"product_cat-dezutes-saugojimui","8":"first","9":"outofstock","10":"product-type-simple"},"_links":{"self":[{"href":"https:\/\/tavieta.lt\/lv\/wp-json\/wp\/v2\/product\/12590","targetHints":{"allow":["GET"]}}],"collection":[{"href":"https:\/\/tavieta.lt\/lv\/wp-json\/wp\/v2\/product"}],"about":[{"href":"https:\/\/tavieta.lt\/lv\/wp-json\/wp\/v2\/types\/product"}],"wp:featuredmedia":[{"embeddable":true,"href":"https:\/\/tavieta.lt\/lv\/wp-json\/wp\/v2\/media\/11622"}],"wp:attachment":[{"href":"https:\/\/tavieta.lt\/lv\/wp-json\/wp\/v2\/media?parent=12590"}],"wp:term":[{"taxonomy":"product_brand","embeddable":true,"href":"https:\/\/tavieta.lt\/lv\/wp-json\/wp\/v2\/product_brand?post=12590"},{"taxonomy":"product_cat","embeddable":true,"href":"https:\/\/tavieta.lt\/lv\/wp-json\/wp\/v2\/product_cat?post=12590"},{"taxonomy":"product_tag","embeddable":true,"href":"https:\/\/tavieta.lt\/lv\/wp-json\/wp\/v2\/product_tag?post=12590"}],"curies":[{"name":"wp","href":"https:\/\/api.w.org\/{rel}","templated":true}]}}