{"id":12593,"date":"2024-02-07T08:49:26","date_gmt":"2024-02-07T08:49:26","guid":{"rendered":"http:\/\/tavieta.lt\/produktas\/archyvine-dezute-ks-7\/"},"modified":"2024-02-07T08:49:28","modified_gmt":"2024-02-07T08:49:28","slug":"archyvine-dezute-ks-7","status":"publish","type":"product","link":"https:\/\/tavieta.lt\/lv\/products\/archyvine-dezute-ks-7\/","title":{"rendered":"Arh\u012bva kaste KS 7"},"content":{"rendered":"<p>Arh\u012bva kaste KS 7<\/p>\n<p>Divda\u013c\u012bga arh\u012bva kaste, korpusam ir ieb\u012bd\u0101ms pamatnes korpuss (var izvilkt) ar priek\u0161\u0113jo un piestiprin\u0101to atloku. Ide\u0101li piem\u0113rots papla\u0161in\u0101\u0161anas mapju, nesaist\u012btu un br\u012bvu lapu kolekciju un laikrakstu glab\u0101\u0161anai. Uzglab\u0101\u0161anas nol\u016bkos kastes var sakraut horizont\u0101li, vienu virs otras. Pieejams ar\u012b k\u0101 viengabala priek\u0161puse ar piestiprin\u0101tu atloku.<\/p>\n<div id=\"gtx-trans\" style=\"position: absolute; left: 79px; top: 37px;\">\n<div class=\"gtx-trans-icon\"><\/div>\n<\/div>","protected":false},"excerpt":{"rendered":"<p>Arh\u012bva kaste KS 7<\/p>","protected":false},"featured_media":11628,"template":"","meta":[],"product_brand":[],"product_cat":[140],"product_tag":[],"class_list":{"0":"post-12593","1":"product","2":"type-product","3":"status-publish","4":"has-post-thumbnail","6":"product_cat-archyvines-dezutes","8":"first","9":"outofstock","10":"product-type-simple"},"_links":{"self":[{"href":"https:\/\/tavieta.lt\/lv\/wp-json\/wp\/v2\/product\/12593","targetHints":{"allow":["GET"]}}],"collection":[{"href":"https:\/\/tavieta.lt\/lv\/wp-json\/wp\/v2\/product"}],"about":[{"href":"https:\/\/tavieta.lt\/lv\/wp-json\/wp\/v2\/types\/product"}],"wp:featuredmedia":[{"embeddable":true,"href":"https:\/\/tavieta.lt\/lv\/wp-json\/wp\/v2\/media\/11628"}],"wp:attachment":[{"href":"https:\/\/tavieta.lt\/lv\/wp-json\/wp\/v2\/media?parent=12593"}],"wp:term":[{"taxonomy":"product_brand","embeddable":true,"href":"https:\/\/tavieta.lt\/lv\/wp-json\/wp\/v2\/product_brand?post=12593"},{"taxonomy":"product_cat","embeddable":true,"href":"https:\/\/tavieta.lt\/lv\/wp-json\/wp\/v2\/product_cat?post=12593"},{"taxonomy":"product_tag","embeddable":true,"href":"https:\/\/tavieta.lt\/lv\/wp-json\/wp\/v2\/product_tag?post=12593"}],"curies":[{"name":"wp","href":"https:\/\/api.w.org\/{rel}","templated":true}]}}