{"id":12594,"date":"2024-02-07T08:49:26","date_gmt":"2024-02-07T08:49:26","guid":{"rendered":"http:\/\/tavieta.lt\/produktas\/archyvine-dezute-ks-13\/"},"modified":"2024-02-07T08:49:28","modified_gmt":"2024-02-07T08:49:28","slug":"archyvine-dezute-ks-13","status":"publish","type":"product","link":"https:\/\/tavieta.lt\/lv\/products\/archyvine-dezute-ks-13\/","title":{"rendered":"Arh\u012bva kaste KS 13"},"content":{"rendered":"<p>Arh\u012bva kaste KS 13<\/p>\n<p>Atv\u0113rta tipa uzglab\u0101\u0161anas kaste ar dubult\u0101m sien\u0101m papildu iztur\u012bbai. Gludas iek\u0161\u0113j\u0101s virsmas. Pieejams ar\u012b ar kastes starpsien\u0101m (dal\u012bt\u0101jiem). Piem\u0113rots mikrofi\u0161u, pastkar\u0161u un filmu negat\u012bvu uzglab\u0101\u0161anai.<\/p>\n<div id=\"gtx-trans\" style=\"position: absolute; left: 79px; top: 37px;\">\n<div class=\"gtx-trans-icon\"><\/div>\n<\/div>","protected":false},"excerpt":{"rendered":"<p>Arh\u012bva kaste KS 13<\/p>","protected":false},"featured_media":11630,"template":"","meta":[],"product_brand":[],"product_cat":[140],"product_tag":[],"class_list":{"0":"post-12594","1":"product","2":"type-product","3":"status-publish","4":"has-post-thumbnail","6":"product_cat-archyvines-dezutes","8":"first","9":"outofstock","10":"product-type-simple"},"_links":{"self":[{"href":"https:\/\/tavieta.lt\/lv\/wp-json\/wp\/v2\/product\/12594","targetHints":{"allow":["GET"]}}],"collection":[{"href":"https:\/\/tavieta.lt\/lv\/wp-json\/wp\/v2\/product"}],"about":[{"href":"https:\/\/tavieta.lt\/lv\/wp-json\/wp\/v2\/types\/product"}],"wp:featuredmedia":[{"embeddable":true,"href":"https:\/\/tavieta.lt\/lv\/wp-json\/wp\/v2\/media\/11630"}],"wp:attachment":[{"href":"https:\/\/tavieta.lt\/lv\/wp-json\/wp\/v2\/media?parent=12594"}],"wp:term":[{"taxonomy":"product_brand","embeddable":true,"href":"https:\/\/tavieta.lt\/lv\/wp-json\/wp\/v2\/product_brand?post=12594"},{"taxonomy":"product_cat","embeddable":true,"href":"https:\/\/tavieta.lt\/lv\/wp-json\/wp\/v2\/product_cat?post=12594"},{"taxonomy":"product_tag","embeddable":true,"href":"https:\/\/tavieta.lt\/lv\/wp-json\/wp\/v2\/product_tag?post=12594"}],"curies":[{"name":"wp","href":"https:\/\/api.w.org\/{rel}","templated":true}]}}