{"id":12595,"date":"2024-02-07T08:49:26","date_gmt":"2024-02-07T08:49:26","guid":{"rendered":"http:\/\/tavieta.lt\/produktas\/archyvine-dezute-ks-14\/"},"modified":"2025-01-31T13:16:36","modified_gmt":"2025-01-31T13:16:36","slug":"archyvine-dezute-ks-14","status":"publish","type":"product","link":"https:\/\/tavieta.lt\/lv\/products\/archyvine-dezute-ks-14\/","title":{"rendered":"Arh\u012bva kaste KS 14"},"content":{"rendered":"<p>Arh\u012bva kaste KS 14<\/p>\n<p>Arh\u012bva kaste papla\u0161in\u0101\u0161anas mapju, stikla pl\u0101k\u0161\u0146u, br\u012bvu un nesaist\u012btu kolekciju, \u017eurn\u0101lu un bro\u0161\u016bru vertik\u0101lai glab\u0101\u0161anai. Gludas iek\u0161\u0113j\u0101s virsmas. P\u0113c piepras\u012bjuma pieejams ar pirkstu atveri, vertik\u0101liem balstiem un priek\u0161\u0113jo atloku.<\/p>","protected":false},"excerpt":{"rendered":"<p>Arh\u012bva kaste papla\u0161in\u0101\u0161anas mapju, stikla pl\u0101k\u0161\u0146u, br\u012bvu un nesaist\u012btu kolekciju, \u017eurn\u0101lu un bro\u0161\u016bru vertik\u0101lai glab\u0101\u0161anai. Gludas iek\u0161\u0113j\u0101s virsmas. P\u0113c piepras\u012bjuma pieejams ar pirkstu atveri, vertik\u0101liem balstiem un priek\u0161\u0113jo atloku.<\/p>","protected":false},"featured_media":11632,"template":"","meta":[],"product_brand":[],"product_cat":[218,140],"product_tag":[],"class_list":{"0":"post-12595","1":"product","2":"type-product","3":"status-publish","4":"has-post-thumbnail","6":"product_cat-populiariausi-produktai","7":"product_cat-archyvines-dezutes","9":"first","10":"outofstock","11":"product-type-simple"},"_links":{"self":[{"href":"https:\/\/tavieta.lt\/lv\/wp-json\/wp\/v2\/product\/12595","targetHints":{"allow":["GET"]}}],"collection":[{"href":"https:\/\/tavieta.lt\/lv\/wp-json\/wp\/v2\/product"}],"about":[{"href":"https:\/\/tavieta.lt\/lv\/wp-json\/wp\/v2\/types\/product"}],"wp:featuredmedia":[{"embeddable":true,"href":"https:\/\/tavieta.lt\/lv\/wp-json\/wp\/v2\/media\/11632"}],"wp:attachment":[{"href":"https:\/\/tavieta.lt\/lv\/wp-json\/wp\/v2\/media?parent=12595"}],"wp:term":[{"taxonomy":"product_brand","embeddable":true,"href":"https:\/\/tavieta.lt\/lv\/wp-json\/wp\/v2\/product_brand?post=12595"},{"taxonomy":"product_cat","embeddable":true,"href":"https:\/\/tavieta.lt\/lv\/wp-json\/wp\/v2\/product_cat?post=12595"},{"taxonomy":"product_tag","embeddable":true,"href":"https:\/\/tavieta.lt\/lv\/wp-json\/wp\/v2\/product_tag?post=12595"}],"curies":[{"name":"wp","href":"https:\/\/api.w.org\/{rel}","templated":true}]}}