{"id":12596,"date":"2024-02-07T08:49:32","date_gmt":"2024-02-07T08:49:32","guid":{"rendered":"http:\/\/tavieta.lt\/produktas\/archyvine-dezute-ks-14-vinilo-plokstelems\/"},"modified":"2024-02-07T08:49:32","modified_gmt":"2024-02-07T08:49:32","slug":"archyvine-dezute-ks-14-vinilo-plokstelems","status":"publish","type":"product","link":"https:\/\/tavieta.lt\/lv\/products\/archyvine-dezute-ks-14-vinilo-plokstelems\/","title":{"rendered":"Arh\u012bva kaste KS 14 - vinila plat\u0113m"},"content":{"rendered":"<p>Arh\u012bva kaste KS 14 - vinila plat\u0113m<\/p>\n<p>Arh\u012bva kaste vinila\/\u0161ellaka ierakstu vertik\u0101lai uzglab\u0101\u0161anai. Piem\u0113rots liel\u0101kajai da\u013cai 33, 45 un 78 apgr.\/min. Ieraksti.<\/p>\n<div id=\"gtx-trans\" style=\"position: absolute; left: 79px; top: 37px;\">\n<div class=\"gtx-trans-icon\"><\/div>\n<\/div>","protected":false},"excerpt":{"rendered":"<p>Arh\u012bva kaste KS 14 - vinila plat\u0113m<\/p>","protected":false},"featured_media":11634,"template":"","meta":[],"product_brand":[],"product_cat":[140],"product_tag":[],"class_list":{"0":"post-12596","1":"product","2":"type-product","3":"status-publish","4":"has-post-thumbnail","6":"product_cat-archyvines-dezutes","8":"first","9":"outofstock","10":"product-type-simple"},"_links":{"self":[{"href":"https:\/\/tavieta.lt\/lv\/wp-json\/wp\/v2\/product\/12596","targetHints":{"allow":["GET"]}}],"collection":[{"href":"https:\/\/tavieta.lt\/lv\/wp-json\/wp\/v2\/product"}],"about":[{"href":"https:\/\/tavieta.lt\/lv\/wp-json\/wp\/v2\/types\/product"}],"wp:featuredmedia":[{"embeddable":true,"href":"https:\/\/tavieta.lt\/lv\/wp-json\/wp\/v2\/media\/11634"}],"wp:attachment":[{"href":"https:\/\/tavieta.lt\/lv\/wp-json\/wp\/v2\/media?parent=12596"}],"wp:term":[{"taxonomy":"product_brand","embeddable":true,"href":"https:\/\/tavieta.lt\/lv\/wp-json\/wp\/v2\/product_brand?post=12596"},{"taxonomy":"product_cat","embeddable":true,"href":"https:\/\/tavieta.lt\/lv\/wp-json\/wp\/v2\/product_cat?post=12596"},{"taxonomy":"product_tag","embeddable":true,"href":"https:\/\/tavieta.lt\/lv\/wp-json\/wp\/v2\/product_tag?post=12596"}],"curies":[{"name":"wp","href":"https:\/\/api.w.org\/{rel}","templated":true}]}}