{"id":12597,"date":"2024-02-07T08:49:32","date_gmt":"2024-02-07T08:49:32","guid":{"rendered":"http:\/\/tavieta.lt\/produktas\/archyvine-dezute-ks-14-norway\/"},"modified":"2024-02-07T08:49:33","modified_gmt":"2024-02-07T08:49:33","slug":"archyvine-dezute-ks-14-norway","status":"publish","type":"product","link":"https:\/\/tavieta.lt\/lv\/products\/archyvine-dezute-ks-14-norway\/","title":{"rendered":"Arh\u012bva kaste KS 14 Norv\u0113\u0123ija"},"content":{"rendered":"<p>Arh\u012bva kaste KS 14 Norv\u0113\u0123ija<\/p>\n<p>Arh\u012bva kaste papla\u0161in\u0101\u0161anas mapju, stikla pl\u0101k\u0161\u0146u, br\u012bvu un nesaist\u012btu kolekciju, \u017eurn\u0101lu un bro\u0161\u016bru vertik\u0101lai glab\u0101\u0161anai. Gludas iek\u0161\u0113j\u0101s virsmas. Viengabalainajai arh\u012bva kastei ir pamatnes atbalsts papildu iztur\u012bbai un vilk\u0161anas siksna maz\u0101kaj\u0101 pus\u0113. Kastes atv\u0113rums atrodas kreisaj\u0101 pus\u0113, un pievienotais v\u0101ks aizveras ar spiedes meh\u0101nismu.<\/p>\n<div id=\"gtx-trans\" style=\"position: absolute; left: 79px; top: 37px;\">\n<div class=\"gtx-trans-icon\"><\/div>\n<\/div>","protected":false},"excerpt":{"rendered":"<p>Arh\u012bva kaste KS 14 Norv\u0113\u0123ija<\/p>","protected":false},"featured_media":11636,"template":"","meta":[],"product_brand":[],"product_cat":[140],"product_tag":[],"class_list":{"0":"post-12597","1":"product","2":"type-product","3":"status-publish","4":"has-post-thumbnail","6":"product_cat-archyvines-dezutes","8":"first","9":"outofstock","10":"product-type-simple"},"_links":{"self":[{"href":"https:\/\/tavieta.lt\/lv\/wp-json\/wp\/v2\/product\/12597","targetHints":{"allow":["GET"]}}],"collection":[{"href":"https:\/\/tavieta.lt\/lv\/wp-json\/wp\/v2\/product"}],"about":[{"href":"https:\/\/tavieta.lt\/lv\/wp-json\/wp\/v2\/types\/product"}],"wp:featuredmedia":[{"embeddable":true,"href":"https:\/\/tavieta.lt\/lv\/wp-json\/wp\/v2\/media\/11636"}],"wp:attachment":[{"href":"https:\/\/tavieta.lt\/lv\/wp-json\/wp\/v2\/media?parent=12597"}],"wp:term":[{"taxonomy":"product_brand","embeddable":true,"href":"https:\/\/tavieta.lt\/lv\/wp-json\/wp\/v2\/product_brand?post=12597"},{"taxonomy":"product_cat","embeddable":true,"href":"https:\/\/tavieta.lt\/lv\/wp-json\/wp\/v2\/product_cat?post=12597"},{"taxonomy":"product_tag","embeddable":true,"href":"https:\/\/tavieta.lt\/lv\/wp-json\/wp\/v2\/product_tag?post=12597"}],"curies":[{"name":"wp","href":"https:\/\/api.w.org\/{rel}","templated":true}]}}