{"id":12598,"date":"2024-02-07T08:49:32","date_gmt":"2024-02-07T08:49:32","guid":{"rendered":"http:\/\/tavieta.lt\/produktas\/archyvine-dezute-ks-15-su-skyriais\/"},"modified":"2024-02-07T08:49:33","modified_gmt":"2024-02-07T08:49:33","slug":"archyvine-dezute-ks-15-su-skyriais","status":"publish","type":"product","link":"https:\/\/tavieta.lt\/lv\/products\/archyvine-dezute-ks-15-su-skyriais\/","title":{"rendered":"Arh\u012bva kaste KS 15 - ar nodal\u012bjumiem"},"content":{"rendered":"<p>Arh\u012bva kaste KS 15 - ar nodal\u012bjumiem<\/p>\n<p>Divda\u013c\u012bga arh\u012bva kaste, kas sast\u0101v no priek\u0161\u0113j\u0101 korpusa un iek\u0161\u0113j\u0101s izvelkam\u0101s kastes pastkar\u0161u, izdruku un stikla pl\u0101k\u0161\u0146u vertik\u0101lai uzglab\u0101\u0161anai. Fiks\u0113tas starpsienas starp nodal\u012bjumiem notur objektus vertik\u0101li, pat ja iek\u0161\u0113j\u0101 kaste nav piln\u012bb\u0101 piepild\u012bta. Korpuss darbojas k\u0101 vietturis plaukt\u0101.<\/p>\n<div id=\"gtx-trans\" style=\"position: absolute; left: 79px; top: 37px;\">\n<div class=\"gtx-trans-icon\"><\/div>\n<\/div>","protected":false},"excerpt":{"rendered":"<p>Arh\u012bva kaste KS 15 - ar nodal\u012bjumiem<\/p>","protected":false},"featured_media":11638,"template":"","meta":[],"product_brand":[],"product_cat":[140],"product_tag":[],"class_list":{"0":"post-12598","1":"product","2":"type-product","3":"status-publish","4":"has-post-thumbnail","6":"product_cat-archyvines-dezutes","8":"first","9":"outofstock","10":"product-type-simple"},"_links":{"self":[{"href":"https:\/\/tavieta.lt\/lv\/wp-json\/wp\/v2\/product\/12598","targetHints":{"allow":["GET"]}}],"collection":[{"href":"https:\/\/tavieta.lt\/lv\/wp-json\/wp\/v2\/product"}],"about":[{"href":"https:\/\/tavieta.lt\/lv\/wp-json\/wp\/v2\/types\/product"}],"wp:featuredmedia":[{"embeddable":true,"href":"https:\/\/tavieta.lt\/lv\/wp-json\/wp\/v2\/media\/11638"}],"wp:attachment":[{"href":"https:\/\/tavieta.lt\/lv\/wp-json\/wp\/v2\/media?parent=12598"}],"wp:term":[{"taxonomy":"product_brand","embeddable":true,"href":"https:\/\/tavieta.lt\/lv\/wp-json\/wp\/v2\/product_brand?post=12598"},{"taxonomy":"product_cat","embeddable":true,"href":"https:\/\/tavieta.lt\/lv\/wp-json\/wp\/v2\/product_cat?post=12598"},{"taxonomy":"product_tag","embeddable":true,"href":"https:\/\/tavieta.lt\/lv\/wp-json\/wp\/v2\/product_tag?post=12598"}],"curies":[{"name":"wp","href":"https:\/\/api.w.org\/{rel}","templated":true}]}}