{"id":12599,"date":"2024-02-07T08:49:32","date_gmt":"2024-02-07T08:49:32","guid":{"rendered":"http:\/\/tavieta.lt\/produktas\/archyvine-dezute-ks-15-su-plysiniu-ideklu\/"},"modified":"2024-02-07T08:49:34","modified_gmt":"2024-02-07T08:49:34","slug":"archyvine-dezute-ks-15-su-plysiniu-ideklu","status":"publish","type":"product","link":"https:\/\/tavieta.lt\/lv\/products\/archyvine-dezute-ks-15-su-plysiniu-ideklu\/","title":{"rendered":"Arh\u012bva kaste KS 15 - ar rievojumu"},"content":{"rendered":"<p>Arh\u012bva kaste KS 15 - ar rievojumu<\/p>\n<p>Divda\u013c\u012bga arh\u012bva kaste, kas sast\u0101v no priek\u0161\u0113j\u0101 korpusa un iek\u0161\u0113j\u0101s izvelkam\u0101s kastes, kas paredz\u0113ta, lai vertik\u0101li un maigi notur\u0113tu l\u012bdz pat desmit stikla pl\u0101ksn\u0113m. Diagon\u0101lais ieliktnis aizsarg\u0101 pret spiedienu, ko izraisa kontakts starp pl\u0101ksn\u0113m. Korpuss darbojas k\u0101 vietturis plaukt\u0101.<\/p>\n<div id=\"gtx-trans\" style=\"position: absolute; left: 79px; top: 37px;\">\n<div class=\"gtx-trans-icon\"><\/div>\n<\/div>","protected":false},"excerpt":{"rendered":"<p>Arh\u012bva kaste KS 15 - ar rievojumu<\/p>","protected":false},"featured_media":11640,"template":"","meta":[],"product_brand":[],"product_cat":[140],"product_tag":[],"class_list":{"0":"post-12599","1":"product","2":"type-product","3":"status-publish","4":"has-post-thumbnail","6":"product_cat-archyvines-dezutes","8":"first","9":"outofstock","10":"product-type-simple"},"_links":{"self":[{"href":"https:\/\/tavieta.lt\/lv\/wp-json\/wp\/v2\/product\/12599","targetHints":{"allow":["GET"]}}],"collection":[{"href":"https:\/\/tavieta.lt\/lv\/wp-json\/wp\/v2\/product"}],"about":[{"href":"https:\/\/tavieta.lt\/lv\/wp-json\/wp\/v2\/types\/product"}],"wp:featuredmedia":[{"embeddable":true,"href":"https:\/\/tavieta.lt\/lv\/wp-json\/wp\/v2\/media\/11640"}],"wp:attachment":[{"href":"https:\/\/tavieta.lt\/lv\/wp-json\/wp\/v2\/media?parent=12599"}],"wp:term":[{"taxonomy":"product_brand","embeddable":true,"href":"https:\/\/tavieta.lt\/lv\/wp-json\/wp\/v2\/product_brand?post=12599"},{"taxonomy":"product_cat","embeddable":true,"href":"https:\/\/tavieta.lt\/lv\/wp-json\/wp\/v2\/product_cat?post=12599"},{"taxonomy":"product_tag","embeddable":true,"href":"https:\/\/tavieta.lt\/lv\/wp-json\/wp\/v2\/product_tag?post=12599"}],"curies":[{"name":"wp","href":"https:\/\/api.w.org\/{rel}","templated":true}]}}