{"id":12600,"date":"2024-02-07T08:49:32","date_gmt":"2024-02-07T08:49:32","guid":{"rendered":"http:\/\/tavieta.lt\/produktas\/archyvine-dezute-ks-16-su-tubos-ideklu\/"},"modified":"2024-02-07T08:49:34","modified_gmt":"2024-02-07T08:49:34","slug":"archyvine-dezute-ks-16-su-tubos-ideklu","status":"publish","type":"product","link":"https:\/\/tavieta.lt\/lv\/products\/archyvine-dezute-ks-16-su-tubos-ideklu\/","title":{"rendered":"Arh\u012bva kaste KS 16 - ar t\u016bbas ieliktni"},"content":{"rendered":"<p>Arh\u012bva kaste KS 16 - ar t\u016bbas ieliktni<\/p>\n<p>Rito\u0161\u0101s kastes, kas piem\u0113rotas lieliem un smalkiem arh\u012bva objektiem. (piem., \u0123eogr\u0101fisk\u0101s\/arhitekt\u016bras kartes, tekstilizstr\u0101d\u0101jumi utt.) Caurule kast\u0113 ir izgatavota no spir\u0101li iet\u012btas aizsargloksnes un balst\u012bta uz diviem gofr\u0113t\u0101 kartona sl\u0101\u0146iem. T\u0101d\u0101 veid\u0101 glab\u0101jamais objekts netiek pak\u013cauts nek\u0101dam spiedienam. Divas tekstila lentes uzlabo caurules manevr\u0113tsp\u0113ju. Pieg\u0101de samont\u0113ta un vertik\u0101la.<\/p>\n<div id=\"gtx-trans\" style=\"position: absolute; left: 79px; top: 37px;\">\n<div class=\"gtx-trans-icon\"><\/div>\n<\/div>","protected":false},"excerpt":{"rendered":"<p>Arh\u012bva kaste KS 16 - ar t\u016bbas ieliktni<\/p>","protected":false},"featured_media":11642,"template":"","meta":[],"product_brand":[],"product_cat":[141],"product_tag":[],"class_list":{"0":"post-12600","1":"product","2":"type-product","3":"status-publish","4":"has-post-thumbnail","6":"product_cat-archyvines-dezutes-ritiniams-laikyti","8":"first","9":"outofstock","10":"product-type-simple"},"_links":{"self":[{"href":"https:\/\/tavieta.lt\/lv\/wp-json\/wp\/v2\/product\/12600","targetHints":{"allow":["GET"]}}],"collection":[{"href":"https:\/\/tavieta.lt\/lv\/wp-json\/wp\/v2\/product"}],"about":[{"href":"https:\/\/tavieta.lt\/lv\/wp-json\/wp\/v2\/types\/product"}],"wp:featuredmedia":[{"embeddable":true,"href":"https:\/\/tavieta.lt\/lv\/wp-json\/wp\/v2\/media\/11642"}],"wp:attachment":[{"href":"https:\/\/tavieta.lt\/lv\/wp-json\/wp\/v2\/media?parent=12600"}],"wp:term":[{"taxonomy":"product_brand","embeddable":true,"href":"https:\/\/tavieta.lt\/lv\/wp-json\/wp\/v2\/product_brand?post=12600"},{"taxonomy":"product_cat","embeddable":true,"href":"https:\/\/tavieta.lt\/lv\/wp-json\/wp\/v2\/product_cat?post=12600"},{"taxonomy":"product_tag","embeddable":true,"href":"https:\/\/tavieta.lt\/lv\/wp-json\/wp\/v2\/product_tag?post=12600"}],"curies":[{"name":"wp","href":"https:\/\/api.w.org\/{rel}","templated":true}]}}