{"id":12601,"date":"2024-02-07T08:49:39","date_gmt":"2024-02-07T08:49:39","guid":{"rendered":"http:\/\/tavieta.lt\/produktas\/archyvine-dezute-ritiniams-laikyti\/"},"modified":"2024-02-07T08:49:39","modified_gmt":"2024-02-07T08:49:39","slug":"archyvine-dezute-ritiniams-laikyti","status":"publish","type":"product","link":"https:\/\/tavieta.lt\/lv\/products\/archyvine-dezute-ritiniams-laikyti\/","title":{"rendered":"Arh\u012bva kaste ru\u013c\u013cu uzglab\u0101\u0161anai"},"content":{"rendered":"<p>Arh\u012bva kaste ru\u013c\u013cu uzglab\u0101\u0161anai<\/p>\n<p>Arh\u012bva kaste ar priek\u0161\u0113jo nodal\u012bjumu, kas \u012bpa\u0161i paredz\u0113ta t\u0101du arh\u012bvu objektu k\u0101 \u0123eogr\u0101fisko kar\u0161u, arhitekt\u016bras pl\u0101nu, ras\u0113jumu, diagrammu, plak\u0101tu u.c. glab\u0101\u0161anai. Vienk\u0101r\u0161a konstrukcija, pieejama ar\u012b l\u012bm\u0113ta versija.<\/p>\n<div id=\"gtx-trans\" style=\"position: absolute; left: 79px; top: 37px;\">\n<div class=\"gtx-trans-icon\"><\/div>\n<\/div>","protected":false},"excerpt":{"rendered":"<p>Arh\u012bva kaste ru\u013c\u013cu uzglab\u0101\u0161anai<\/p>","protected":false},"featured_media":11644,"template":"","meta":[],"product_brand":[],"product_cat":[141],"product_tag":[],"class_list":{"0":"post-12601","1":"product","2":"type-product","3":"status-publish","4":"has-post-thumbnail","6":"product_cat-archyvines-dezutes-ritiniams-laikyti","8":"first","9":"outofstock","10":"product-type-simple"},"_links":{"self":[{"href":"https:\/\/tavieta.lt\/lv\/wp-json\/wp\/v2\/product\/12601","targetHints":{"allow":["GET"]}}],"collection":[{"href":"https:\/\/tavieta.lt\/lv\/wp-json\/wp\/v2\/product"}],"about":[{"href":"https:\/\/tavieta.lt\/lv\/wp-json\/wp\/v2\/types\/product"}],"wp:featuredmedia":[{"embeddable":true,"href":"https:\/\/tavieta.lt\/lv\/wp-json\/wp\/v2\/media\/11644"}],"wp:attachment":[{"href":"https:\/\/tavieta.lt\/lv\/wp-json\/wp\/v2\/media?parent=12601"}],"wp:term":[{"taxonomy":"product_brand","embeddable":true,"href":"https:\/\/tavieta.lt\/lv\/wp-json\/wp\/v2\/product_brand?post=12601"},{"taxonomy":"product_cat","embeddable":true,"href":"https:\/\/tavieta.lt\/lv\/wp-json\/wp\/v2\/product_cat?post=12601"},{"taxonomy":"product_tag","embeddable":true,"href":"https:\/\/tavieta.lt\/lv\/wp-json\/wp\/v2\/product_tag?post=12601"}],"curies":[{"name":"wp","href":"https:\/\/api.w.org\/{rel}","templated":true}]}}