{"id":12603,"date":"2024-02-07T08:49:39","date_gmt":"2024-02-07T08:49:39","guid":{"rendered":"http:\/\/tavieta.lt\/produktas\/knygu-deklas-ks-6\/"},"modified":"2024-03-29T09:31:48","modified_gmt":"2024-03-29T09:31:48","slug":"knygu-deklas-ks-6","status":"publish","type":"product","link":"https:\/\/tavieta.lt\/lv\/products\/knygu-deklas-ks-6\/","title":{"rendered":"Gr\u0101matu futr\u0101lis KS 6"},"content":{"rendered":"<p>Gr\u0101matu futr\u0101lis KS 6<\/p>\n<p>Cie\u0161i nosl\u0113gts kast\u012btis ar plauktu kartot\u0113ku gr\u0101matu, bro\u0161\u016bru, \u017eurn\u0101lu, laikrakstu un birsto\u0161o lapu kolekciju (neiesai\u0146otu dokumentu) glab\u0101\u0161anai un k\u0101rto\u0161anai. To var novietot uz plaukta k\u0101 vietturi, lai priek\u0161meti b\u016btu cie\u0161i iesai\u0146oti. Pieejams ar\u012b ar papildu (st\u0101vo\u0161u) atbalstu beramo lapu kolekcij\u0101m. Gr\u0101mat\u0101m to var izmantot ar\u012b k\u0101 gr\u0101matu kurpi.<\/p>\n<div id=\"gtx-trans\" style=\"position: absolute; left: 79px; top: 37px;\">\n<div class=\"gtx-trans-icon\"><\/div>\n<\/div>","protected":false},"excerpt":{"rendered":"<p>Gr\u0101matu futr\u0101lis KS 6<\/p>","protected":false},"featured_media":11648,"template":"","meta":[],"product_brand":[],"product_cat":[202],"product_tag":[],"class_list":{"0":"post-12603","1":"product","2":"type-product","3":"status-publish","4":"has-post-thumbnail","6":"product_cat-dezutes-saugojimui","8":"first","9":"outofstock","10":"product-type-simple"},"_links":{"self":[{"href":"https:\/\/tavieta.lt\/lv\/wp-json\/wp\/v2\/product\/12603","targetHints":{"allow":["GET"]}}],"collection":[{"href":"https:\/\/tavieta.lt\/lv\/wp-json\/wp\/v2\/product"}],"about":[{"href":"https:\/\/tavieta.lt\/lv\/wp-json\/wp\/v2\/types\/product"}],"wp:featuredmedia":[{"embeddable":true,"href":"https:\/\/tavieta.lt\/lv\/wp-json\/wp\/v2\/media\/11648"}],"wp:attachment":[{"href":"https:\/\/tavieta.lt\/lv\/wp-json\/wp\/v2\/media?parent=12603"}],"wp:term":[{"taxonomy":"product_brand","embeddable":true,"href":"https:\/\/tavieta.lt\/lv\/wp-json\/wp\/v2\/product_brand?post=12603"},{"taxonomy":"product_cat","embeddable":true,"href":"https:\/\/tavieta.lt\/lv\/wp-json\/wp\/v2\/product_cat?post=12603"},{"taxonomy":"product_tag","embeddable":true,"href":"https:\/\/tavieta.lt\/lv\/wp-json\/wp\/v2\/product_tag?post=12603"}],"curies":[{"name":"wp","href":"https:\/\/api.w.org\/{rel}","templated":true}]}}