{"id":12604,"date":"2024-02-07T08:49:39","date_gmt":"2024-02-07T08:49:39","guid":{"rendered":"http:\/\/tavieta.lt\/produktas\/knygu-deklas-ks-9\/"},"modified":"2024-03-29T09:31:47","modified_gmt":"2024-03-29T09:31:47","slug":"knygu-deklas-ks-9","status":"publish","type":"product","link":"https:\/\/tavieta.lt\/lv\/products\/knygu-deklas-ks-9\/","title":{"rendered":"Gr\u0101matu futr\u0101lis KS 9"},"content":{"rendered":"<p>Gr\u0101matu futr\u0101lis KS 9<\/p>\n<p>Plauktu kaste ir paredz\u0113ta gr\u0101matu, av\u012b\u017eu, bro\u0161\u016bru, \u017eurn\u0101lu un br\u012bvu un neiesietu dokumentu kolekciju glab\u0101\u0161anai. Pieejams ar\u012b ar papildu (st\u0101vo\u0161u) atbalsta meh\u0101nismu, lai nodro\u0161in\u0101tu, ka iesniegtie objekti tiek tur\u0113ti vertik\u0101li, ne\u013caujot tiem saliekties, ja mape nav pilna. Gr\u0101mat\u0101m to var izmantot ar\u012b k\u0101 gr\u0101matu kurpi.<\/p>\n<div id=\"gtx-trans\" style=\"position: absolute; left: 79px; top: 37px;\">\n<div class=\"gtx-trans-icon\"><\/div>\n<\/div>","protected":false},"excerpt":{"rendered":"<p>Gr\u0101matu futr\u0101lis KS 9<\/p>","protected":false},"featured_media":11650,"template":"","meta":[],"product_brand":[],"product_cat":[202],"product_tag":[],"class_list":{"0":"post-12604","1":"product","2":"type-product","3":"status-publish","4":"has-post-thumbnail","6":"product_cat-dezutes-saugojimui","8":"first","9":"outofstock","10":"product-type-simple"},"_links":{"self":[{"href":"https:\/\/tavieta.lt\/lv\/wp-json\/wp\/v2\/product\/12604","targetHints":{"allow":["GET"]}}],"collection":[{"href":"https:\/\/tavieta.lt\/lv\/wp-json\/wp\/v2\/product"}],"about":[{"href":"https:\/\/tavieta.lt\/lv\/wp-json\/wp\/v2\/types\/product"}],"wp:featuredmedia":[{"embeddable":true,"href":"https:\/\/tavieta.lt\/lv\/wp-json\/wp\/v2\/media\/11650"}],"wp:attachment":[{"href":"https:\/\/tavieta.lt\/lv\/wp-json\/wp\/v2\/media?parent=12604"}],"wp:term":[{"taxonomy":"product_brand","embeddable":true,"href":"https:\/\/tavieta.lt\/lv\/wp-json\/wp\/v2\/product_brand?post=12604"},{"taxonomy":"product_cat","embeddable":true,"href":"https:\/\/tavieta.lt\/lv\/wp-json\/wp\/v2\/product_cat?post=12604"},{"taxonomy":"product_tag","embeddable":true,"href":"https:\/\/tavieta.lt\/lv\/wp-json\/wp\/v2\/product_tag?post=12604"}],"curies":[{"name":"wp","href":"https:\/\/api.w.org\/{rel}","templated":true}]}}