{"id":12605,"date":"2024-02-07T08:49:39","date_gmt":"2024-02-07T08:49:39","guid":{"rendered":"http:\/\/tavieta.lt\/produktas\/dvieju-daliu-dezute-ks-8\/"},"modified":"2024-02-07T08:49:41","modified_gmt":"2024-02-07T08:49:41","slug":"dvieju-daliu-dezute-ks-8","status":"publish","type":"product","link":"https:\/\/tavieta.lt\/lv\/products\/dvieju-daliu-dezute-ks-8\/","title":{"rendered":"Divda\u013c\u012bga kaste KS 8"},"content":{"rendered":"<p>Divda\u013c\u012bga kaste KS 8<\/p>\n<p>Pieejama divda\u013c\u012bga uzglab\u0101\u0161anas kaste, kas sast\u0101v no pamatnes un v\u0101ka. Sl\u0113gt\u0101 kaste ir ar dubult\u0101m sien\u0101m. Vienk\u0101r\u0161s salok\u0101ms dizains ar pa\u0161blo\u0137\u0113jo\u0161\u0101m cilp\u0101m. Ide\u0101li piem\u0113rots tekstilizstr\u0101d\u0101jumu, gleznu, arh\u012bvu priek\u0161metu un kolekcion\u0113jamu priek\u0161metu glab\u0101\u0161anai.<\/p>\n<div id=\"gtx-trans\" style=\"position: absolute; left: 79px; top: 37px;\">\n<div class=\"gtx-trans-icon\"><\/div>\n<\/div>","protected":false},"excerpt":{"rendered":"<p>Divda\u013c\u012bga kaste KS 8<\/p>","protected":false},"featured_media":11652,"template":"","meta":[],"product_brand":[],"product_cat":[143],"product_tag":[],"class_list":{"0":"post-12605","1":"product","2":"type-product","3":"status-publish","4":"has-post-thumbnail","6":"product_cat-dvieju-daliu-dezutes","8":"first","9":"outofstock","10":"product-type-simple"},"_links":{"self":[{"href":"https:\/\/tavieta.lt\/lv\/wp-json\/wp\/v2\/product\/12605","targetHints":{"allow":["GET"]}}],"collection":[{"href":"https:\/\/tavieta.lt\/lv\/wp-json\/wp\/v2\/product"}],"about":[{"href":"https:\/\/tavieta.lt\/lv\/wp-json\/wp\/v2\/types\/product"}],"wp:featuredmedia":[{"embeddable":true,"href":"https:\/\/tavieta.lt\/lv\/wp-json\/wp\/v2\/media\/11652"}],"wp:attachment":[{"href":"https:\/\/tavieta.lt\/lv\/wp-json\/wp\/v2\/media?parent=12605"}],"wp:term":[{"taxonomy":"product_brand","embeddable":true,"href":"https:\/\/tavieta.lt\/lv\/wp-json\/wp\/v2\/product_brand?post=12605"},{"taxonomy":"product_cat","embeddable":true,"href":"https:\/\/tavieta.lt\/lv\/wp-json\/wp\/v2\/product_cat?post=12605"},{"taxonomy":"product_tag","embeddable":true,"href":"https:\/\/tavieta.lt\/lv\/wp-json\/wp\/v2\/product_tag?post=12605"}],"curies":[{"name":"wp","href":"https:\/\/api.w.org\/{rel}","templated":true}]}}