{"id":12606,"date":"2024-02-07T08:49:46","date_gmt":"2024-02-07T08:49:46","guid":{"rendered":"http:\/\/tavieta.lt\/produktas\/dvieju-daliu-dezute-ks-12\/"},"modified":"2024-02-07T08:49:46","modified_gmt":"2024-02-07T08:49:46","slug":"dvieju-daliu-dezute-ks-12","status":"publish","type":"product","link":"https:\/\/tavieta.lt\/lv\/products\/dvieju-daliu-dezute-ks-12\/","title":{"rendered":"Divda\u013c\u012bga kaste KS 12"},"content":{"rendered":"<p>Divda\u013c\u012bga kaste KS 12<\/p>\n<p>Divda\u013c\u012bga uzglab\u0101\u0161anas kaste, kas sast\u0101v no pamatnes un v\u0101ka, ar div\u0101m sien\u0101m no \u010detr\u0101m pus\u0113m. Sl\u0113gtai kastei visapk\u0101rt ir \u010detras sienas, un t\u0101p\u0113c t\u0101 ir \u0101rk\u0101rt\u012bgi iztur\u012bga. Salok\u0101m\u0101 konstrukcija nodro\u0161ina gludas iek\u0161\u0113j\u0101s virsmas. P\u0113c piepras\u012bjuma pieejams ar\u012b ar atveramu priek\u0161pusi.<\/p>\n<div id=\"gtx-trans\" style=\"position: absolute; left: 79px; top: 37px;\">\n<div class=\"gtx-trans-icon\"><\/div>\n<\/div>","protected":false},"excerpt":{"rendered":"<p>Divda\u013c\u012bga kaste KS 12<\/p>","protected":false},"featured_media":11654,"template":"","meta":[],"product_brand":[],"product_cat":[143],"product_tag":[],"class_list":{"0":"post-12606","1":"product","2":"type-product","3":"status-publish","4":"has-post-thumbnail","6":"product_cat-dvieju-daliu-dezutes","8":"first","9":"outofstock","10":"product-type-simple"},"_links":{"self":[{"href":"https:\/\/tavieta.lt\/lv\/wp-json\/wp\/v2\/product\/12606","targetHints":{"allow":["GET"]}}],"collection":[{"href":"https:\/\/tavieta.lt\/lv\/wp-json\/wp\/v2\/product"}],"about":[{"href":"https:\/\/tavieta.lt\/lv\/wp-json\/wp\/v2\/types\/product"}],"wp:featuredmedia":[{"embeddable":true,"href":"https:\/\/tavieta.lt\/lv\/wp-json\/wp\/v2\/media\/11654"}],"wp:attachment":[{"href":"https:\/\/tavieta.lt\/lv\/wp-json\/wp\/v2\/media?parent=12606"}],"wp:term":[{"taxonomy":"product_brand","embeddable":true,"href":"https:\/\/tavieta.lt\/lv\/wp-json\/wp\/v2\/product_brand?post=12606"},{"taxonomy":"product_cat","embeddable":true,"href":"https:\/\/tavieta.lt\/lv\/wp-json\/wp\/v2\/product_cat?post=12606"},{"taxonomy":"product_tag","embeddable":true,"href":"https:\/\/tavieta.lt\/lv\/wp-json\/wp\/v2\/product_tag?post=12606"}],"curies":[{"name":"wp","href":"https:\/\/api.w.org\/{rel}","templated":true}]}}