{"id":12607,"date":"2024-02-07T08:49:46","date_gmt":"2024-02-07T08:49:46","guid":{"rendered":"http:\/\/tavieta.lt\/produktas\/dvieju-daliu-dezute-ks-16\/"},"modified":"2025-01-31T13:34:03","modified_gmt":"2025-01-31T13:34:03","slug":"dvieju-daliu-dezute-ks-16","status":"publish","type":"product","link":"https:\/\/tavieta.lt\/lv\/products\/dvieju-daliu-dezute-ks-16\/","title":{"rendered":"Divda\u013c\u012bga kaste KS 16"},"content":{"rendered":"<p>Divda\u013c\u012bga kaste KS 16<\/p>\n<p>&nbsp;<\/p>","protected":false},"excerpt":{"rendered":"<p>Divda\u013c\u012bga uzglab\u0101\u0161anas kaste, kas sast\u0101v no pamatnes un v\u0101ka, abi ir dubultsienu. Sl\u0113gt\u0101 kaste ir tr\u012bsk\u0101r\u0161\u0101 sien\u0101 un t\u0101p\u0113c \u013coti iztur\u012bga. Salok\u0101m\u0101 konstrukcija nodro\u0161ina gludas iek\u0161\u0113j\u0101s virsmas. Popul\u0101r\u0101k\u0101 divda\u013c\u012bga uzglab\u0101\u0161anas kaste vair\u0101k\u0101m vajadz\u012bb\u0101m. Ide\u0101li piem\u0113rots lielu priek\u0161metu glab\u0101\u0161anai, piem. tekstilizstr\u0101d\u0101jumi, m\u016bzikas instrumenti, gleznas, m\u0101kslas priek\u0161meti utt. P\u0113c piepras\u012bjuma galveno bloku var nodro\u0161in\u0101t ar priek\u0161\u0113jo atveri.<\/p>","protected":false},"featured_media":11656,"template":"","meta":[],"product_brand":[],"product_cat":[218,143],"product_tag":[],"class_list":{"0":"post-12607","1":"product","2":"type-product","3":"status-publish","4":"has-post-thumbnail","6":"product_cat-populiariausi-produktai","7":"product_cat-dvieju-daliu-dezutes","9":"first","10":"outofstock","11":"product-type-simple"},"_links":{"self":[{"href":"https:\/\/tavieta.lt\/lv\/wp-json\/wp\/v2\/product\/12607","targetHints":{"allow":["GET"]}}],"collection":[{"href":"https:\/\/tavieta.lt\/lv\/wp-json\/wp\/v2\/product"}],"about":[{"href":"https:\/\/tavieta.lt\/lv\/wp-json\/wp\/v2\/types\/product"}],"wp:featuredmedia":[{"embeddable":true,"href":"https:\/\/tavieta.lt\/lv\/wp-json\/wp\/v2\/media\/11656"}],"wp:attachment":[{"href":"https:\/\/tavieta.lt\/lv\/wp-json\/wp\/v2\/media?parent=12607"}],"wp:term":[{"taxonomy":"product_brand","embeddable":true,"href":"https:\/\/tavieta.lt\/lv\/wp-json\/wp\/v2\/product_brand?post=12607"},{"taxonomy":"product_cat","embeddable":true,"href":"https:\/\/tavieta.lt\/lv\/wp-json\/wp\/v2\/product_cat?post=12607"},{"taxonomy":"product_tag","embeddable":true,"href":"https:\/\/tavieta.lt\/lv\/wp-json\/wp\/v2\/product_tag?post=12607"}],"curies":[{"name":"wp","href":"https:\/\/api.w.org\/{rel}","templated":true}]}}