{"id":12608,"date":"2024-02-07T08:49:46","date_gmt":"2024-02-07T08:49:46","guid":{"rendered":"http:\/\/tavieta.lt\/produktas\/dvieju-daliu-dezute-ks-16-su-dirzu-ir-pertvaru-ideklais\/"},"modified":"2024-02-07T08:49:47","modified_gmt":"2024-02-07T08:49:47","slug":"dvieju-daliu-dezute-ks-16-su-dirzu-ir-pertvaru-ideklais","status":"publish","type":"product","link":"https:\/\/tavieta.lt\/lv\/products\/dvieju-daliu-dezute-ks-16-su-dirzu-ir-pertvaru-ideklais\/","title":{"rendered":"Divda\u013c\u012bga kaste KS 16 - ar jostas un starpsienu ielikt\u0146iem"},"content":{"rendered":"<p>Divda\u013c\u012bga kaste KS 16 - ar jostas un starpsienu ielikt\u0146iem<\/p>\n<p>Divda\u013c\u012bga kast\u012bte, kas piem\u0113rota pastkar\u0161u, indeksu kar\u0161u un mikrofi\u0161u arhiv\u0113\u0161anai. Izgatavots no 1,65 mm bieza gofr\u0113t\u0101 kartona vai 1,7 mm bieza MW, dubultsienu no ab\u0101m pus\u0113m, \u013coti iztur\u012bga, gluda iek\u0161\u0113j\u0101 virsma. Kastes pamatnes maz\u0101kaj\u0101 pus\u0113 ir piestiprin\u0101ta tekstila josta. Apg\u0101d\u0101ts ar trim br\u012bviem starpsienas ielikt\u0146a segmentiem.<\/p>\n<div id=\"gtx-trans\" style=\"position: absolute; left: 79px; top: 37px;\">\n<div class=\"gtx-trans-icon\"><\/div>\n<\/div>","protected":false},"excerpt":{"rendered":"<p>Divda\u013c\u012bga kaste KS 16 - ar jostas un starpsienu ielikt\u0146iem<\/p>","protected":false},"featured_media":11658,"template":"","meta":[],"product_brand":[],"product_cat":[143],"product_tag":[],"class_list":{"0":"post-12608","1":"product","2":"type-product","3":"status-publish","4":"has-post-thumbnail","6":"product_cat-dvieju-daliu-dezutes","8":"first","9":"outofstock","10":"product-type-simple"},"_links":{"self":[{"href":"https:\/\/tavieta.lt\/lv\/wp-json\/wp\/v2\/product\/12608","targetHints":{"allow":["GET"]}}],"collection":[{"href":"https:\/\/tavieta.lt\/lv\/wp-json\/wp\/v2\/product"}],"about":[{"href":"https:\/\/tavieta.lt\/lv\/wp-json\/wp\/v2\/types\/product"}],"wp:featuredmedia":[{"embeddable":true,"href":"https:\/\/tavieta.lt\/lv\/wp-json\/wp\/v2\/media\/11658"}],"wp:attachment":[{"href":"https:\/\/tavieta.lt\/lv\/wp-json\/wp\/v2\/media?parent=12608"}],"wp:term":[{"taxonomy":"product_brand","embeddable":true,"href":"https:\/\/tavieta.lt\/lv\/wp-json\/wp\/v2\/product_brand?post=12608"},{"taxonomy":"product_cat","embeddable":true,"href":"https:\/\/tavieta.lt\/lv\/wp-json\/wp\/v2\/product_cat?post=12608"},{"taxonomy":"product_tag","embeddable":true,"href":"https:\/\/tavieta.lt\/lv\/wp-json\/wp\/v2\/product_tag?post=12608"}],"curies":[{"name":"wp","href":"https:\/\/api.w.org\/{rel}","templated":true}]}}