{"id":12609,"date":"2024-02-07T08:49:46","date_gmt":"2024-02-07T08:49:46","guid":{"rendered":"http:\/\/tavieta.lt\/produktas\/dvieju-daliu-dezute-ks-16-tekstilei\/"},"modified":"2024-02-07T08:49:48","modified_gmt":"2024-02-07T08:49:48","slug":"dvieju-daliu-dezute-ks-16-tekstilei","status":"publish","type":"product","link":"https:\/\/tavieta.lt\/lv\/products\/dvieju-daliu-dezute-ks-16-tekstilei\/","title":{"rendered":"Divda\u013c\u012bga kaste KS 16 - tekstilizstr\u0101d\u0101jumiem"},"content":{"rendered":"<p>Divda\u013c\u012bga kaste KS 16 - tekstilizstr\u0101d\u0101jumiem<\/p>\n<p>Divda\u013c\u012bga glab\u0101\u0161anas kaste lielizm\u0113ra tekstilizstr\u0101d\u0101jumiem sast\u0101v no pamatnes un v\u0101ka, kas abi ir abpus\u0113ji. Sl\u0113gt\u0101 kaste ir tr\u012bsk\u0101r\u0161\u0101 sien\u0101 un t\u0101p\u0113c \u013coti iztur\u012bga. Salok\u0101m\u0101 konstrukcija nodro\u0161ina gludas iek\u0161\u0113j\u0101s virsmas. \u0160\u012b kaste tiek pieg\u0101d\u0101ta samont\u0113ta un st\u0101vus.<\/p>\n<div id=\"gtx-trans\" style=\"position: absolute; left: 79px; top: 37px;\">\n<div class=\"gtx-trans-icon\"><\/div>\n<\/div>","protected":false},"excerpt":{"rendered":"<p>Divda\u013c\u012bga kaste KS 16 - tekstilizstr\u0101d\u0101jumiem<\/p>","protected":false},"featured_media":11660,"template":"","meta":[],"product_brand":[],"product_cat":[143],"product_tag":[],"class_list":{"0":"post-12609","1":"product","2":"type-product","3":"status-publish","4":"has-post-thumbnail","6":"product_cat-dvieju-daliu-dezutes","8":"first","9":"outofstock","10":"product-type-simple"},"_links":{"self":[{"href":"https:\/\/tavieta.lt\/lv\/wp-json\/wp\/v2\/product\/12609","targetHints":{"allow":["GET"]}}],"collection":[{"href":"https:\/\/tavieta.lt\/lv\/wp-json\/wp\/v2\/product"}],"about":[{"href":"https:\/\/tavieta.lt\/lv\/wp-json\/wp\/v2\/types\/product"}],"wp:featuredmedia":[{"embeddable":true,"href":"https:\/\/tavieta.lt\/lv\/wp-json\/wp\/v2\/media\/11660"}],"wp:attachment":[{"href":"https:\/\/tavieta.lt\/lv\/wp-json\/wp\/v2\/media?parent=12609"}],"wp:term":[{"taxonomy":"product_brand","embeddable":true,"href":"https:\/\/tavieta.lt\/lv\/wp-json\/wp\/v2\/product_brand?post=12609"},{"taxonomy":"product_cat","embeddable":true,"href":"https:\/\/tavieta.lt\/lv\/wp-json\/wp\/v2\/product_cat?post=12609"},{"taxonomy":"product_tag","embeddable":true,"href":"https:\/\/tavieta.lt\/lv\/wp-json\/wp\/v2\/product_tag?post=12609"}],"curies":[{"name":"wp","href":"https:\/\/api.w.org\/{rel}","templated":true}]}}