{"id":12610,"date":"2024-02-07T08:49:46","date_gmt":"2024-02-07T08:49:46","guid":{"rendered":"http:\/\/tavieta.lt\/produktas\/dvieju-daliu-dezute-ks-16-kepurems\/"},"modified":"2024-02-07T08:49:48","modified_gmt":"2024-02-07T08:49:48","slug":"dvieju-daliu-dezute-ks-16-kepurems","status":"publish","type":"product","link":"https:\/\/tavieta.lt\/lv\/products\/dvieju-daliu-dezute-ks-16-kepurems\/","title":{"rendered":"Divda\u013c\u012bga kaste KS 16 - cepur\u0113m"},"content":{"rendered":"<p>Divda\u013c\u012bga kaste KS 16 - cepur\u0113m<\/p>\n<p>Divda\u013c\u012bga kaste, kas sast\u0101v no pamatnes un v\u0101ka, ar dubultsienu no div\u0101m pus\u0113m. Papildu pastiprin\u0101jums caur piel\u012bm\u0113tu pamatpl\u0101ksnes ieliktni. Tr\u012bs reizes biez\u0101ks par sl\u0113gto sienu, gluds interjers pateicoties salok\u0101majai konstrukcijai, \u013coti stiprs. Pamatnes s\u0101nu sienas ir izvilktas, lai atvieglotu cepures no\u0146em\u0161anu. Galvenais korpuss ir izgatavots no 2 x EB 5,0 mm (redzama balta puse). Ar no\u0146emamu tekstila siksnu (cilpu) un integr\u0113tu vertik\u0101lu cauruli, kas izgatavota no aizsargpl\u0101ksnes cepures nostiprin\u0101\u0161anai kastes vid\u016b. Izvelkam\u0101 tekstila cilpa ir piestiprin\u0101ta pie pamatpl\u0101ksnes ar spraudsavienojumu un nepiecie\u0161am\u012bbas gad\u012bjum\u0101 to var no\u0146emt.<\/p>\n<div id=\"gtx-trans\" style=\"position: absolute; left: 79px; top: 37px;\">\n<div class=\"gtx-trans-icon\"><\/div>\n<\/div>","protected":false},"excerpt":{"rendered":"<p>Divda\u013c\u012bga kaste KS 16 - cepur\u0113m<\/p>","protected":false},"featured_media":11662,"template":"","meta":[],"product_brand":[],"product_cat":[143],"product_tag":[],"class_list":{"0":"post-12610","1":"product","2":"type-product","3":"status-publish","4":"has-post-thumbnail","6":"product_cat-dvieju-daliu-dezutes","8":"first","9":"outofstock","10":"product-type-simple"},"_links":{"self":[{"href":"https:\/\/tavieta.lt\/lv\/wp-json\/wp\/v2\/product\/12610","targetHints":{"allow":["GET"]}}],"collection":[{"href":"https:\/\/tavieta.lt\/lv\/wp-json\/wp\/v2\/product"}],"about":[{"href":"https:\/\/tavieta.lt\/lv\/wp-json\/wp\/v2\/types\/product"}],"wp:featuredmedia":[{"embeddable":true,"href":"https:\/\/tavieta.lt\/lv\/wp-json\/wp\/v2\/media\/11662"}],"wp:attachment":[{"href":"https:\/\/tavieta.lt\/lv\/wp-json\/wp\/v2\/media?parent=12610"}],"wp:term":[{"taxonomy":"product_brand","embeddable":true,"href":"https:\/\/tavieta.lt\/lv\/wp-json\/wp\/v2\/product_brand?post=12610"},{"taxonomy":"product_cat","embeddable":true,"href":"https:\/\/tavieta.lt\/lv\/wp-json\/wp\/v2\/product_cat?post=12610"},{"taxonomy":"product_tag","embeddable":true,"href":"https:\/\/tavieta.lt\/lv\/wp-json\/wp\/v2\/product_tag?post=12610"}],"curies":[{"name":"wp","href":"https:\/\/api.w.org\/{rel}","templated":true}]}}