{"id":12611,"date":"2024-02-07T08:49:51","date_gmt":"2024-02-07T08:49:51","guid":{"rendered":"http:\/\/tavieta.lt\/produktas\/sulankstytos-dezutes-pleveles-ritems-laikyti\/"},"modified":"2024-02-07T08:49:51","modified_gmt":"2024-02-07T08:49:51","slug":"sulankstytos-dezutes-pleveles-ritems-laikyti","status":"publish","type":"product","link":"https:\/\/tavieta.lt\/lv\/products\/sulankstytos-dezutes-pleveles-ritems-laikyti\/","title":{"rendered":"Saloc\u012btas kastes pl\u0113ves ru\u013c\u013cu uzglab\u0101\u0161anai"},"content":{"rendered":"<p>Saloc\u012btas kastes pl\u0113ves ru\u013c\u013cu uzglab\u0101\u0161anai<\/p>\n<p>Saloc\u012bta kaste 16mm vai 35mm ru\u013c\u013cu pl\u0113ves arh\u012bva uzglab\u0101\u0161anai. Izgatavots no dab\u012bgi baltas, 0,5 mm fotoarh\u012bva plates, bez s\u0101rmain\u0101s bufera. M\u0113s pied\u0101v\u0101jam ar\u012b atbilsto\u0161u KS 3 atv\u0101\u017eamo kasti, kas pieejama gai\u0161i pel\u0113k\u0101 vai pel\u0113kzil\u0101 kr\u0101s\u0101, lai ievietotu 24 saloc\u012btas kastes ar 16 mm pl\u0113vi vai 14 saloc\u012btas kastes ar 35 mm pl\u0113vi.<\/p>\n<div id=\"gtx-trans\" style=\"position: absolute; left: 79px; top: 37px;\">\n<div class=\"gtx-trans-icon\"><\/div>\n<\/div>","protected":false},"excerpt":{"rendered":"<p>Saloc\u012btas kastes pl\u0113ves ru\u013c\u013cu uzglab\u0101\u0161anai<\/p>","protected":false},"featured_media":11664,"template":"","meta":[],"product_brand":[],"product_cat":[143],"product_tag":[],"class_list":{"0":"post-12611","1":"product","2":"type-product","3":"status-publish","4":"has-post-thumbnail","6":"product_cat-dvieju-daliu-dezutes","8":"first","9":"outofstock","10":"product-type-simple"},"_links":{"self":[{"href":"https:\/\/tavieta.lt\/lv\/wp-json\/wp\/v2\/product\/12611","targetHints":{"allow":["GET"]}}],"collection":[{"href":"https:\/\/tavieta.lt\/lv\/wp-json\/wp\/v2\/product"}],"about":[{"href":"https:\/\/tavieta.lt\/lv\/wp-json\/wp\/v2\/types\/product"}],"wp:featuredmedia":[{"embeddable":true,"href":"https:\/\/tavieta.lt\/lv\/wp-json\/wp\/v2\/media\/11664"}],"wp:attachment":[{"href":"https:\/\/tavieta.lt\/lv\/wp-json\/wp\/v2\/media?parent=12611"}],"wp:term":[{"taxonomy":"product_brand","embeddable":true,"href":"https:\/\/tavieta.lt\/lv\/wp-json\/wp\/v2\/product_brand?post=12611"},{"taxonomy":"product_cat","embeddable":true,"href":"https:\/\/tavieta.lt\/lv\/wp-json\/wp\/v2\/product_cat?post=12611"},{"taxonomy":"product_tag","embeddable":true,"href":"https:\/\/tavieta.lt\/lv\/wp-json\/wp\/v2\/product_tag?post=12611"}],"curies":[{"name":"wp","href":"https:\/\/api.w.org\/{rel}","templated":true}]}}