{"id":12612,"date":"2024-02-07T08:49:51","date_gmt":"2024-02-07T08:49:51","guid":{"rendered":"http:\/\/tavieta.lt\/produktas\/vaiku-autobusiukas-knygoms-susideti\/"},"modified":"2024-02-07T08:49:52","modified_gmt":"2024-02-07T08:49:52","slug":"vaiku-autobusiukas-knygoms-susideti","status":"publish","type":"product","link":"https:\/\/tavieta.lt\/lv\/products\/vaiku-autobusiukas-knygoms-susideti\/","title":{"rendered":"B\u0113rnu autobuss gr\u0101matu glab\u0101\u0161anai"},"content":{"rendered":"<p>B\u0113rnu autobuss gr\u0101matu glab\u0101\u0161anai<\/p>\n<p>Jautra maz\u0101ka izm\u0113ra fotoatt\u0113lu gr\u0101matu glab\u0101tuve ar 3 nodal\u012bjumiem.<\/p>\n<p>&nbsp;<\/p>\n<div id=\"gtx-trans\" style=\"position: absolute; left: 79px; top: 37px;\">\n<div class=\"gtx-trans-icon\"><\/div>\n<\/div>","protected":false},"excerpt":{"rendered":"<p>B\u0113rnu autobuss gr\u0101matu glab\u0101\u0161anai<\/p>","protected":false},"featured_media":11666,"template":"","meta":[],"product_brand":[],"product_cat":[107,122],"product_tag":[],"class_list":{"0":"post-12612","1":"product","2":"type-product","3":"status-publish","4":"has-post-thumbnail","6":"product_cat-baldai","7":"product_cat-baldai-vaiku-erdvei","9":"first","10":"outofstock","11":"product-type-simple"},"_links":{"self":[{"href":"https:\/\/tavieta.lt\/lv\/wp-json\/wp\/v2\/product\/12612","targetHints":{"allow":["GET"]}}],"collection":[{"href":"https:\/\/tavieta.lt\/lv\/wp-json\/wp\/v2\/product"}],"about":[{"href":"https:\/\/tavieta.lt\/lv\/wp-json\/wp\/v2\/types\/product"}],"wp:featuredmedia":[{"embeddable":true,"href":"https:\/\/tavieta.lt\/lv\/wp-json\/wp\/v2\/media\/11666"}],"wp:attachment":[{"href":"https:\/\/tavieta.lt\/lv\/wp-json\/wp\/v2\/media?parent=12612"}],"wp:term":[{"taxonomy":"product_brand","embeddable":true,"href":"https:\/\/tavieta.lt\/lv\/wp-json\/wp\/v2\/product_brand?post=12612"},{"taxonomy":"product_cat","embeddable":true,"href":"https:\/\/tavieta.lt\/lv\/wp-json\/wp\/v2\/product_cat?post=12612"},{"taxonomy":"product_tag","embeddable":true,"href":"https:\/\/tavieta.lt\/lv\/wp-json\/wp\/v2\/product_tag?post=12612"}],"curies":[{"name":"wp","href":"https:\/\/api.w.org\/{rel}","templated":true}]}}