{"id":12617,"date":"2024-02-07T08:52:25","date_gmt":"2024-02-07T08:52:25","guid":{"rendered":"http:\/\/tavieta.lt\/produktas\/daugiafunkcinis-darbo-stalas-mobi\/"},"modified":"2024-02-07T08:53:15","modified_gmt":"2024-02-07T08:53:15","slug":"daugiafunkcinis-darbo-stalas-mobi","status":"publish","type":"product","link":"https:\/\/tavieta.lt\/lv\/products\/daugiafunkcinis-darbo-stalas-mobi\/","title":{"rendered":"Daudzfunkcion\u0101ls rakst\u0101mgalds Mobi"},"content":{"rendered":"<p><strong>Daudzfunkcion\u0101ls rakst\u0101mgalds Mobi<\/strong><\/p>\n<p>Mobi ir inovat\u012bvs, daudzfunkcion\u0101ls un \u013coti mobils risin\u0101jums m\u0101c\u012bbu vid\u0113m un darba viet\u0101m. Tas sast\u0101v no galda virsmas un ska\u0146u absorb\u0113jo\u0161as starpsienas uz blo\u0137\u0113jamiem rite\u0146iem. Viegli p\u0101rvietojams, viegli izjaukt. Galda virsma ir pietiekami liela, lai taj\u0101 var\u0113tu s\u0113d\u0113t tr\u012bs cilv\u0113ki, un t\u0101s izm\u0113ru, funkcijas un vietu var viegli konfigur\u0113t, p\u0113c vajadz\u012bbas pievienojot vai no\u0146emot deta\u013cas. Mobi auduma p\u0101rkl\u0101juma starpsienas ir pieejamas se\u0161\u0101s kr\u0101s\u0101s. Fiks\u0113tajai k\u0101jai ir regul\u0113jama p\u0113da.<\/p>\n<table style=\"width: 45.0711%;\" cellspacing=\"0\" cellpadding=\"0\">\n<tbody>\n<tr>\n<td style=\"width: 22.6891%; text-align: center;\" valign=\"top\">\n<p><strong>Kods<\/strong><\/p>\n<\/td>\n<td style=\"width: 52.9412%; text-align: center;\" valign=\"top\">\n<p><strong>\u00a0Apraksts<\/strong><\/p>\n<\/td>\n<td style=\"width: 219.328%; text-align: center;\" valign=\"top\">\n<p><strong>Daudzums<\/strong><\/p>\n<\/td>\n<\/tr>\n<tr>\n<td style=\"width: 22.6891%; text-align: center;\" valign=\"top\">\n<p>36231<\/p>\n<\/td>\n<td style=\"width: 52.9412%; text-align: center;\" valign=\"top\">\n<p>oran\u017ea<\/p>\n<\/td>\n<td style=\"width: 219.328%; text-align: center;\" valign=\"top\">\n<p>1 gab.<\/p>\n<\/td>\n<\/tr>\n<tr>\n<td style=\"width: 22.6891%; text-align: center;\" valign=\"top\">\n<p>36232<\/p>\n<\/td>\n<td style=\"width: 52.9412%; text-align: center;\" valign=\"top\">\n<p>gai\u0161i pel\u0113ks<\/p>\n<\/td>\n<td style=\"width: 219.328%; text-align: center;\" valign=\"top\">\n<p>1 gab.<\/p>\n<\/td>\n<\/tr>\n<tr>\n<td style=\"width: 22.6891%; text-align: center;\" valign=\"top\">\n<p>36233<\/p>\n<\/td>\n<td style=\"width: 52.9412%; text-align: center;\" valign=\"top\">\n<p>tum\u0161i pel\u0113ks<\/p>\n<\/td>\n<td style=\"width: 219.328%; text-align: center;\" valign=\"top\">\n<p>1 gab.<\/p>\n<\/td>\n<\/tr>\n<tr>\n<td style=\"width: 22.6891%; text-align: center;\" valign=\"top\">\n<p>36234<\/p>\n<\/td>\n<td style=\"width: 52.9412%; text-align: center;\" valign=\"top\">\n<p>ka\u013c\u0137akmens<\/p>\n<\/td>\n<td style=\"width: 219.328%; text-align: center;\" valign=\"top\">\n<p>1 gab.<\/p>\n<\/td>\n<\/tr>\n<tr>\n<td style=\"width: 22.6891%; text-align: center;\" valign=\"top\">\n<p>36235<\/p>\n<\/td>\n<td style=\"width: 52.9412%; text-align: center;\" valign=\"top\">\n<p>zils<\/p>\n<\/td>\n<td style=\"width: 219.328%; text-align: center;\" valign=\"top\">\n<p>1 gab.<\/p>\n<\/td>\n<\/tr>\n<tr>\n<td style=\"width: 22.6891%; text-align: center;\" valign=\"top\">\n<p>36236<\/p>\n<\/td>\n<td style=\"width: 52.9412%; text-align: center;\" valign=\"top\">\n<p>violeta<\/p>\n<\/td>\n<td style=\"width: 219.328%; text-align: center;\" valign=\"top\">\n<p>1 gab.<\/p>\n<\/td>\n<\/tr>\n<\/tbody>\n<\/table>\n<div id=\"gtx-trans\" style=\"position: absolute; left: 79px; top: 37px;\">\n<div class=\"gtx-trans-icon\"><\/div>\n<\/div>","protected":false},"excerpt":{"rendered":"<p>Daudzfunkcion\u0101ls rakst\u0101mgalds Mobi<\/p>","protected":false},"featured_media":11672,"template":"","meta":[],"product_brand":[],"product_cat":[107],"product_tag":[],"class_list":{"0":"post-12617","1":"product","2":"type-product","3":"status-publish","4":"has-post-thumbnail","6":"product_cat-baldai","8":"first","9":"outofstock","10":"product-type-simple"},"_links":{"self":[{"href":"https:\/\/tavieta.lt\/lv\/wp-json\/wp\/v2\/product\/12617","targetHints":{"allow":["GET"]}}],"collection":[{"href":"https:\/\/tavieta.lt\/lv\/wp-json\/wp\/v2\/product"}],"about":[{"href":"https:\/\/tavieta.lt\/lv\/wp-json\/wp\/v2\/types\/product"}],"wp:featuredmedia":[{"embeddable":true,"href":"https:\/\/tavieta.lt\/lv\/wp-json\/wp\/v2\/media\/11672"}],"wp:attachment":[{"href":"https:\/\/tavieta.lt\/lv\/wp-json\/wp\/v2\/media?parent=12617"}],"wp:term":[{"taxonomy":"product_brand","embeddable":true,"href":"https:\/\/tavieta.lt\/lv\/wp-json\/wp\/v2\/product_brand?post=12617"},{"taxonomy":"product_cat","embeddable":true,"href":"https:\/\/tavieta.lt\/lv\/wp-json\/wp\/v2\/product_cat?post=12617"},{"taxonomy":"product_tag","embeddable":true,"href":"https:\/\/tavieta.lt\/lv\/wp-json\/wp\/v2\/product_tag?post=12617"}],"curies":[{"name":"wp","href":"https:\/\/api.w.org\/{rel}","templated":true}]}}