{"id":12624,"date":"2024-02-07T08:54:54","date_gmt":"2024-02-07T08:54:54","guid":{"rendered":"http:\/\/tavieta.lt\/produktas\/aplankalai-su-raisteliais\/"},"modified":"2025-01-30T13:22:36","modified_gmt":"2025-01-30T13:22:36","slug":"aplankalai-su-raisteliais","status":"publish","type":"product","link":"https:\/\/tavieta.lt\/lv\/products\/aplankalai-su-raisteliais\/","title":{"rendered":"Mapes ar savilk\u0161anas aukli\u0146\u0101m"},"content":{"rendered":"<p>Mapes ar savilk\u0161anas aukli\u0146\u0101m<\/p>\n<p>Dokumentu mapes, kas paz\u012bstamas ar\u012b k\u0101 z\u012bm\u0113jumu, m\u0101kslas darbu vai arh\u012bvu mapes, bie\u017ei tiek izmantotas v\u0113rt\u012bgu kar\u0161u, pl\u0101nu, plak\u0101tu, dokumentu un atsevi\u0161\u0137u att\u0113lu glab\u0101\u0161anai.<\/p>\n<div id=\"gtx-trans\" style=\"position: absolute; left: 79px; top: 37px;\">\n<div class=\"gtx-trans-icon\"><\/div>\n<\/div>","protected":false},"excerpt":{"rendered":"<p>Mapes ar savilk\u0161anas aukli\u0146\u0101m<\/p>","protected":false},"featured_media":11682,"template":"","meta":[],"product_brand":[],"product_cat":[207],"product_tag":[],"class_list":{"0":"post-12624","1":"product","2":"type-product","3":"status-publish","4":"has-post-thumbnail","6":"product_cat-aplankalai","8":"first","9":"outofstock","10":"product-type-simple"},"_links":{"self":[{"href":"https:\/\/tavieta.lt\/lv\/wp-json\/wp\/v2\/product\/12624","targetHints":{"allow":["GET"]}}],"collection":[{"href":"https:\/\/tavieta.lt\/lv\/wp-json\/wp\/v2\/product"}],"about":[{"href":"https:\/\/tavieta.lt\/lv\/wp-json\/wp\/v2\/types\/product"}],"wp:featuredmedia":[{"embeddable":true,"href":"https:\/\/tavieta.lt\/lv\/wp-json\/wp\/v2\/media\/11682"}],"wp:attachment":[{"href":"https:\/\/tavieta.lt\/lv\/wp-json\/wp\/v2\/media?parent=12624"}],"wp:term":[{"taxonomy":"product_brand","embeddable":true,"href":"https:\/\/tavieta.lt\/lv\/wp-json\/wp\/v2\/product_brand?post=12624"},{"taxonomy":"product_cat","embeddable":true,"href":"https:\/\/tavieta.lt\/lv\/wp-json\/wp\/v2\/product_cat?post=12624"},{"taxonomy":"product_tag","embeddable":true,"href":"https:\/\/tavieta.lt\/lv\/wp-json\/wp\/v2\/product_tag?post=12624"}],"curies":[{"name":"wp","href":"https:\/\/api.w.org\/{rel}","templated":true}]}}