{"id":12625,"date":"2024-02-07T08:54:54","date_gmt":"2024-02-07T08:54:54","guid":{"rendered":"http:\/\/tavieta.lt\/produktas\/knygomatas\/"},"modified":"2024-02-07T08:56:43","modified_gmt":"2024-02-07T08:56:43","slug":"knygomatas","status":"publish","type":"product","link":"https:\/\/tavieta.lt\/lv\/products\/knygomatas\/","title":{"rendered":"Gr\u0101matu ma\u0161\u012bna"},"content":{"rendered":"<p><strong>Gr\u0101matu ma\u0161\u012bna<\/strong><\/p>\n<p>Iesp\u0113ja atgriezt vai pa\u0146emt gr\u0101matas <span class=\"Y2IQFc\" lang=\"lt\">24\/7<\/span><\/p>\n<p id=\"tw-target-text\" class=\"tw-data-text tw-text-large XcVN5d tw-ta\" dir=\"ltr\" data-placeholder=\"Translation\"><span class=\"Y2IQFc\" lang=\"lt\">Apmekl\u0113t\u0101jiem var\u0113siet pied\u0101v\u0101t neatkar\u012bgu minibibliot\u0113ku izv\u0113l\u0113t\u0101 telpu viet\u0101; las\u012bt\u0101ji var\u0113s aiz\u0146emties vai atgriezt j\u016bsu gr\u0101matas 24\/7, neizejot. Ar kop\u0113jo re\u0123istr\u0113\u0161an\u0101s, izrakst\u012b\u0161an\u0101s un atbalsta funkciju viss, kas jums nepiecie\u0161ams, ir t\u012bkla kabelis un str\u0101vas kontaktligzda. Pa\u0161apkalpo\u0161an\u0101s gr\u0101matu atgrie\u0161anas termin\u0101lis \u013cauj saglab\u0101t vai pat b\u016btiski papla\u0161in\u0101t bibliot\u0113kas pieejam\u012bbu.<\/span><\/p>\n<p><span class=\"Y2IQFc\" lang=\"lt\">Ieguvums:<\/span><\/p>\n<p class=\"tw-data-text tw-text-large XcVN5d tw-ta\" dir=\"ltr\" data-placeholder=\"Translation\"><span class=\"Y2IQFc\" lang=\"lt\">\u20ac\u00a2 Var novietot jebkur <\/span><\/p>\n<p class=\"tw-data-text tw-text-large XcVN5d tw-ta\" dir=\"ltr\" data-placeholder=\"Translation\"><span class=\"Y2IQFc\" lang=\"lt\">\u20ac\u00a2 Viegla un \u0101tra izrakst\u012b\u0161an\u0101s, re\u0123istr\u0113\u0161an\u0101s un uzglab\u0101\u0161ana<\/span><\/p>\n<p class=\"tw-data-text tw-text-large XcVN5d tw-ta\" dir=\"ltr\" data-placeholder=\"Translation\"><span class=\"Y2IQFc\" lang=\"lt\">\u20ac\u00a2 Iesp\u0113jama viedt\u0101lru\u0146a identifik\u0101cija<\/span><\/p>\n<p class=\"tw-data-text tw-text-large XcVN5d tw-ta\" dir=\"ltr\" data-placeholder=\"Translation\"><span class=\"Y2IQFc\" lang=\"lt\">\u20ac\u00a2 Nav nepiecie\u0161ams person\u0101ls<\/span><\/p>\n<p class=\"tw-data-text tw-text-large XcVN5d tw-ta\" dir=\"ltr\" data-placeholder=\"Translation\"><span class=\"Y2IQFc\" lang=\"lt\">\u20ac\u00a2 Liela ietilp\u012bba 200+ gr\u0101matas<\/span><\/p>\n<p dir=\"ltr\" data-placeholder=\"Translation\">\u00a0<\/p>\n<pre id=\"tw-target-text\" class=\"tw-data-text tw-text-large XcVN5d tw-ta\" dir=\"ltr\" data-placeholder=\"Translation\">\u00a0<\/pre>\n<div id=\"gtx-trans\" style=\"position: absolute; left: 79px; top: 37px;\">\n<div class=\"gtx-trans-icon\"><\/div>\n<\/div>","protected":false},"excerpt":{"rendered":"<p>Gr\u0101matu ma\u0161\u012bna<\/p>","protected":false},"featured_media":11684,"template":"","meta":[],"product_brand":[],"product_cat":[107],"product_tag":[],"class_list":{"0":"post-12625","1":"product","2":"type-product","3":"status-publish","4":"has-post-thumbnail","6":"product_cat-baldai","8":"first","9":"outofstock","10":"product-type-simple"},"_links":{"self":[{"href":"https:\/\/tavieta.lt\/lv\/wp-json\/wp\/v2\/product\/12625","targetHints":{"allow":["GET"]}}],"collection":[{"href":"https:\/\/tavieta.lt\/lv\/wp-json\/wp\/v2\/product"}],"about":[{"href":"https:\/\/tavieta.lt\/lv\/wp-json\/wp\/v2\/types\/product"}],"wp:featuredmedia":[{"embeddable":true,"href":"https:\/\/tavieta.lt\/lv\/wp-json\/wp\/v2\/media\/11684"}],"wp:attachment":[{"href":"https:\/\/tavieta.lt\/lv\/wp-json\/wp\/v2\/media?parent=12625"}],"wp:term":[{"taxonomy":"product_brand","embeddable":true,"href":"https:\/\/tavieta.lt\/lv\/wp-json\/wp\/v2\/product_brand?post=12625"},{"taxonomy":"product_cat","embeddable":true,"href":"https:\/\/tavieta.lt\/lv\/wp-json\/wp\/v2\/product_cat?post=12625"},{"taxonomy":"product_tag","embeddable":true,"href":"https:\/\/tavieta.lt\/lv\/wp-json\/wp\/v2\/product_tag?post=12625"}],"curies":[{"name":"wp","href":"https:\/\/api.w.org\/{rel}","templated":true}]}}