{"id":12626,"date":"2024-02-07T08:56:46","date_gmt":"2024-02-07T08:56:46","guid":{"rendered":"http:\/\/tavieta.lt\/produktas\/rfid-greito-grazinimo-mobilios-lentynos\/"},"modified":"2025-01-29T08:08:48","modified_gmt":"2025-01-29T08:08:48","slug":"rfid-greito-grazinimo-mobilios-lentynos","status":"publish","type":"product","link":"https:\/\/tavieta.lt\/lv\/products\/rfid-greito-grazinimo-mobilios-lentynos\/","title":{"rendered":"RFID \u0101tr\u0101s atgrie\u0161anas mobilie plaukti"},"content":{"rendered":"<p><strong>RFID \u0101tr\u0101s atgrie\u0161anas mobilie plaukti<\/strong><\/p>\n<p id=\"tw-target-text\" class=\"tw-data-text tw-text-large XcVN5d tw-ta\" dir=\"ltr\" data-placeholder=\"Translation\"><span class=\"Y2IQFc\" lang=\"lt\">Uzlabot\u0101 uzglab\u0101\u0161anas, atgrie\u0161anas un sav\u0101k\u0161anas plauktos tiek izmantota p\u0101rbaud\u012bta RFID tehnolo\u0123ija<\/span><\/p>\n<p dir=\"ltr\" data-placeholder=\"Translation\">Atgrie\u017eoties, pietiek salikt gr\u0101matas plauktos un viedie plaukti uzreiz nolasa RFID kodu.<\/p>\n<p dir=\"ltr\" data-placeholder=\"Translation\">\u00a0<\/p>\n<p dir=\"ltr\" data-placeholder=\"Translation\">\u00a0<\/p>\n<p>&nbsp;<\/p>\n<p id=\"tw-target-text\" class=\"tw-data-text tw-text-large XcVN5d tw-ta\" dir=\"ltr\" data-placeholder=\"Translation\"><span class=\"Y2IQFc\" lang=\"lt\">Viedie uzglab\u0101\u0161anas plaukti ir uz rite\u0146iem un savienoti ar vienu kabeli, t\u0101p\u0113c ir viegli pievienot jaunu uzglab\u0101\u0161anas plauktu, kad tas ir pilns. <\/span><\/p>\n<p class=\"tw-data-text tw-text-large XcVN5d tw-ta\" dir=\"ltr\" data-placeholder=\"Translation\"><span class=\"Y2IQFc\" lang=\"lt\">Da\u017eas no priek\u0161roc\u012bb\u0101m ir: <\/span><\/p>\n<p class=\"tw-data-text tw-text-large XcVN5d tw-ta\" dir=\"ltr\" data-placeholder=\"Translation\"><span class=\"Y2IQFc\" lang=\"lt\">\u20ac\u00a2 Liela ietilp\u012bba<\/span><\/p>\n<p class=\"tw-data-text tw-text-large XcVN5d tw-ta\" dir=\"ltr\" data-placeholder=\"Translation\"><span class=\"Y2IQFc\" lang=\"lt\">\u20ac\u00a2 Viegli savienojami papildu plaukti<\/span><\/p>\n<p class=\"tw-data-text tw-text-large XcVN5d tw-ta\" dir=\"ltr\" data-placeholder=\"Translation\"><span class=\"Y2IQFc\" lang=\"lt\">\u20ac\u00a2 Stil\u012bgs dizains <\/span><\/p>\n<p class=\"tw-data-text tw-text-large XcVN5d tw-ta\" dir=\"ltr\" data-placeholder=\"Translation\"><span class=\"Y2IQFc\" lang=\"lt\">\u20ac\u00a2 Paaugstin\u0101ta apmekl\u0113t\u0101ju priv\u0101tums <\/span><\/p>\n<p class=\"tw-data-text tw-text-large XcVN5d tw-ta\" dir=\"ltr\" data-placeholder=\"Translation\"><span class=\"Y2IQFc\" lang=\"lt\">\u20ac\u00a2 Viegli lietojams <\/span><\/p>\n<p class=\"tw-data-text tw-text-large XcVN5d tw-ta\" dir=\"ltr\" data-placeholder=\"Translation\"><span class=\"Y2IQFc\" lang=\"lt\">\u20ac\u00a2 P\u0113c atgrie\u0161anas gr\u0101matas uzreiz var pa\u0146emt cits apmekl\u0113t\u0101js<\/span><\/p>\n<p>&nbsp;<\/p>\n<div id=\"gtx-trans\" style=\"position: absolute; left: 79px; top: 37px;\">\n<div class=\"gtx-trans-icon\"><\/div>\n<\/div>","protected":false},"excerpt":{"rendered":"<p>RFID \u0101tr\u0101s atgrie\u0161anas mobilie plaukti<\/p>","protected":false},"featured_media":11686,"template":"","meta":[],"product_brand":[],"product_cat":[223,217],"product_tag":[],"class_list":{"0":"post-12626","1":"product","2":"type-product","3":"status-publish","4":"has-post-thumbnail","6":"product_cat-rfid-knygu-isdavimo-grazinimo-irenginiai","7":"product_cat-rfid-sistema-bibliotekai","9":"first","10":"outofstock","11":"product-type-simple"},"_links":{"self":[{"href":"https:\/\/tavieta.lt\/lv\/wp-json\/wp\/v2\/product\/12626","targetHints":{"allow":["GET"]}}],"collection":[{"href":"https:\/\/tavieta.lt\/lv\/wp-json\/wp\/v2\/product"}],"about":[{"href":"https:\/\/tavieta.lt\/lv\/wp-json\/wp\/v2\/types\/product"}],"wp:featuredmedia":[{"embeddable":true,"href":"https:\/\/tavieta.lt\/lv\/wp-json\/wp\/v2\/media\/11686"}],"wp:attachment":[{"href":"https:\/\/tavieta.lt\/lv\/wp-json\/wp\/v2\/media?parent=12626"}],"wp:term":[{"taxonomy":"product_brand","embeddable":true,"href":"https:\/\/tavieta.lt\/lv\/wp-json\/wp\/v2\/product_brand?post=12626"},{"taxonomy":"product_cat","embeddable":true,"href":"https:\/\/tavieta.lt\/lv\/wp-json\/wp\/v2\/product_cat?post=12626"},{"taxonomy":"product_tag","embeddable":true,"href":"https:\/\/tavieta.lt\/lv\/wp-json\/wp\/v2\/product_tag?post=12626"}],"curies":[{"name":"wp","href":"https:\/\/api.w.org\/{rel}","templated":true}]}}