{"id":12627,"date":"2024-02-07T08:56:46","date_gmt":"2024-02-07T08:56:46","guid":{"rendered":"http:\/\/tavieta.lt\/produktas\/wishab-sauso-valymo-kempine-2\/"},"modified":"2025-01-31T13:56:10","modified_gmt":"2025-01-31T13:56:10","slug":"wishab-sauso-valymo-kempine-2","status":"publish","type":"product","link":"https:\/\/tavieta.lt\/lv\/products\/wishab-sauso-valymo-kempine-2\/","title":{"rendered":"Wishab - \u0137\u012bmisk\u0101s t\u012br\u012b\u0161anas s\u016bklis"},"content":{"rendered":"<p><span style=\"color: #000000;\">Wishab izmanto \u0113rtai, dro\u0161ai sausai sienu, griestu, gleznu, sienu gleznojumu, gleznu, tape\u0161u, pap\u012bra, tekstila, kr\u0101su sl\u0101\u0146u u.c. uzkl\u0101\u0161anai. t\u012br\u012b\u0161anai. S\u016bklis absorb\u0113 net\u012brumu da\u013ci\u0146as, p\u0113c tam sadal\u0101s, izvairoties no berzes vai skart\u0101s virsmas pul\u0113\u0161anas. Bie\u017ei lieto pirms mitr\u0101s t\u012br\u012b\u0161anas, lai nov\u0113rstu net\u012brumu iek\u013c\u016b\u0161anu spraug\u0101s vai virsm\u0101s, kuras nevar not\u012br\u012bt ar \u016bdeni. Vi\u0146a ir \u012bpa\u0161i veiksm\u012bga<span class=\"Apple-converted-space\"> \u00a0 <\/span>izmanto ugunsgr\u0113ka post\u012bjumu t\u012br\u012b\u0161anai. Lieto\u0161ana ir atkar\u012bga no pamata virsmas veida un jut\u012bguma.<\/span><\/p>\n<p>&nbsp;<\/p>\n<table style=\"width: 92.49388753056235%; height: 271px;\">\n<tbody>\n<tr>\n<td style=\"text-align: center;\"><span style=\"font-size: 14px; color: #000000;\">Materi\u0101la kods<\/span><\/td>\n<td style=\"text-align: center;\"><span style=\"font-size: 14px; color: #000000;\">Apraksts<\/span><\/td>\n<td style=\"text-align: center;\"><span style=\"font-size: 14px; color: #000000;\">Iepakojums<\/span><\/td>\n<\/tr>\n<tr>\n<td style=\"text-align: center;\"><span style=\"font-size: 14px; color: #000000;\">40095<\/span><\/td>\n<td style=\"text-align: center;\"><span style=\"font-size: 14px; color: #000000;\"> \u00a0 Wishab ir m\u012bksts s\u016bklis<\/span><\/td>\n<td style=\"text-align: center;\">\n<p align=\"center\"><span style=\"font-size: 14px; color: #000000;\">1 gab.<\/span><\/p>\n<\/td>\n<\/tr>\n<tr>\n<td style=\"text-align: center;\"><span style=\"font-size: 14px; color: #000000;\">40096<\/span><\/td>\n<td style=\"text-align: center;\"><span style=\"font-size: 14px; color: #000000;\"> \u00a0 Wishab ir ciets s\u016bklis<\/span><\/td>\n<td style=\"text-align: center;\">\n<p align=\"center\"><span style=\"font-size: 14px; color: #000000;\">1 gab.<\/span><\/p>\n<\/td>\n<\/tr>\n<tr>\n<td style=\"text-align: center;\"><span style=\"font-size: 14px; color: #000000;\">40097<\/span><\/td>\n<td style=\"text-align: center;\"><span style=\"font-size: 14px; color: #000000;\"> \u00a0 Wishab ir liels ciets s\u016bklis<\/span><\/td>\n<td style=\"text-align: center;\">\n<p align=\"center\"><span style=\"font-size: 14px; color: #000000;\">1 gab.<\/span><\/p>\n<\/td>\n<\/tr>\n<tr>\n<td style=\"text-align: center;\"><span style=\"font-size: 14px; color: #000000;\">40111<\/span><\/td>\n<td style=\"text-align: center;\"><span style=\"font-size: 14px; color: #000000;\"> \u00a0 Wishab - balts m\u012bksts s\u016bklis<\/span><\/td>\n<td style=\"text-align: center;\">\n<p align=\"center\"><span style=\"font-size: 14px; color: #000000;\">1 gab.<\/span><\/p>\n<\/td>\n<\/tr>\n<\/tbody>\n<\/table>\n<div id=\"gtx-trans\" style=\"position: absolute; left: 79px; top: 37px;\">\n<div class=\"gtx-trans-icon\"><\/div>\n<\/div>","protected":false},"excerpt":{"rendered":"<p>Wishab - \u0137\u012bmisk\u0101s t\u012br\u012b\u0161anas s\u016bklis|Wishab - \u0137\u012bmisk\u0101s t\u012br\u012b\u0161anas s\u016bklis|Wishab - \u0137\u012bmisk\u0101s t\u012br\u012b\u0161anas s\u016bklis|Wishab - \u0137\u012bmisk\u0101s t\u012br\u012b\u0161anas s\u016bklis<\/p>","protected":false},"featured_media":11416,"template":"","meta":[],"product_brand":[],"product_cat":[149,151],"product_tag":[],"class_list":{"0":"post-12627","1":"product","2":"type-product","3":"status-publish","4":"has-post-thumbnail","6":"product_cat-restauratoriams","7":"product_cat-valymas-ir-prieziura","9":"first","10":"outofstock","11":"product-type-simple"},"_links":{"self":[{"href":"https:\/\/tavieta.lt\/lv\/wp-json\/wp\/v2\/product\/12627","targetHints":{"allow":["GET"]}}],"collection":[{"href":"https:\/\/tavieta.lt\/lv\/wp-json\/wp\/v2\/product"}],"about":[{"href":"https:\/\/tavieta.lt\/lv\/wp-json\/wp\/v2\/types\/product"}],"wp:featuredmedia":[{"embeddable":true,"href":"https:\/\/tavieta.lt\/lv\/wp-json\/wp\/v2\/media\/11416"}],"wp:attachment":[{"href":"https:\/\/tavieta.lt\/lv\/wp-json\/wp\/v2\/media?parent=12627"}],"wp:term":[{"taxonomy":"product_brand","embeddable":true,"href":"https:\/\/tavieta.lt\/lv\/wp-json\/wp\/v2\/product_brand?post=12627"},{"taxonomy":"product_cat","embeddable":true,"href":"https:\/\/tavieta.lt\/lv\/wp-json\/wp\/v2\/product_cat?post=12627"},{"taxonomy":"product_tag","embeddable":true,"href":"https:\/\/tavieta.lt\/lv\/wp-json\/wp\/v2\/product_tag?post=12627"}],"curies":[{"name":"wp","href":"https:\/\/api.w.org\/{rel}","templated":true}]}}