{"id":12628,"date":"2024-02-07T08:56:46","date_gmt":"2024-02-07T08:56:46","guid":{"rendered":"http:\/\/tavieta.lt\/produktas\/wishab-sauso-valymo-milteliai\/"},"modified":"2025-01-31T13:59:18","modified_gmt":"2025-01-31T13:59:18","slug":"wishab-sauso-valymo-milteliai","status":"publish","type":"product","link":"https:\/\/tavieta.lt\/lv\/products\/wishab-sauso-valymo-milteliai\/","title":{"rendered":"\u0136\u012bmisk\u0101s t\u012br\u012b\u0161anas pulveris \u2013 Wishab"},"content":{"rendered":"<p>&nbsp;<\/p>\n<table style=\"border-style: solid; border-color: #000000; width: 61.41711608537219%; height: 247px;\" cellspacing=\"0\" cellpadding=\"0\">\n<tbody>\n<tr>\n<td style=\"text-align: center; border-style: solid; border-color: #000000;\" valign=\"top\">\n<p align=\"center\"><span style=\"color: #000000; font-family: Helvetica; font-size: 14px;\">Materi\u0101la kods<\/span><\/p>\n<\/td>\n<td style=\"text-align: center; border-style: solid; border-color: #000000;\" valign=\"top\"><span style=\"color: #000000; font-family: Helvetica; font-size: 14px;\">Apraksts <\/span><\/td>\n<td style=\"text-align: center; border-style: solid; border-color: #000000;\" valign=\"top\"><span style=\"color: #000000; font-family: Helvetica; font-size: 14px;\">Iepakojums<\/span><\/td>\n<\/tr>\n<tr>\n<td style=\"text-align: center; border-style: solid; border-color: #000000;\" valign=\"top\"><span style=\"color: #000000; font-family: Helvetica; font-size: 14px;\">40099<\/span><\/td>\n<td style=\"text-align: center; border-style: solid; border-color: #000000;\" valign=\"top\"><span style=\"color: #000000; font-size: 14px;\"><span style=\"font-family: Calibri;\"><b><span class=\"Apple-converted-space\"> \u00a0 <\/span>Wishab <\/b><\/span><span style=\"font-family: Helvetica;\">- m\u012bksts pulveris 500 g<\/span><\/span><\/td>\n<td style=\"text-align: center; border-style: solid; border-color: #000000;\" valign=\"top\">\n<p align=\"center\"><span style=\"color: #000000; font-family: Helvetica; font-size: 14px;\">1 iepakojums<\/span><\/p>\n<\/td>\n<\/tr>\n<tr>\n<td style=\"text-align: center; border-style: solid; border-color: #000000;\" valign=\"top\"><span style=\"color: #000000; font-family: Helvetica; font-size: 14px;\">40100<\/span><\/td>\n<td style=\"text-align: center; border-style: solid; border-color: #000000;\" valign=\"top\"><span style=\"color: #000000; font-size: 14px;\"><span style=\"font-family: Calibri;\"><b><span class=\"Apple-converted-space\"> \u00a0 <\/span>Wishab <\/b><\/span><span style=\"font-family: Helvetica;\">- ciets pulveris 500 g<\/span><\/span><\/td>\n<td style=\"text-align: center; border-style: solid; border-color: #000000;\" valign=\"top\">\n<p align=\"center\"><span style=\"color: #000000; font-family: Helvetica; font-size: 14px;\">1 iepakojums<\/span><\/p>\n<\/td>\n<\/tr>\n<tr>\n<td style=\"text-align: center; border-style: solid; border-color: #000000;\" valign=\"top\"><span style=\"color: #000000; font-family: Helvetica; font-size: 14px;\">40098<\/span><\/td>\n<td style=\"text-align: center; border-style: solid; border-color: #000000;\" valign=\"top\"><span style=\"color: #000000; font-size: 14px;\"><span style=\"font-family: Calibri;\"><b><span class=\"Apple-converted-space\"> \u00a0 <\/span>Wishab <\/b><\/span><span style=\"font-family: Helvetica;\">\u2013 balts pulveris uz pap\u012bra 500 g<\/span><\/span><\/td>\n<td style=\"text-align: center; border-style: solid; border-color: #000000;\" valign=\"top\">\n<p align=\"center\"><span style=\"color: #000000; font-family: Helvetica; font-size: 14px;\">1 iepakojums<\/span><\/p>\n<\/td>\n<\/tr>\n<\/tbody>\n<\/table>","protected":false},"excerpt":{"rendered":"<p><span style=\"color: #000000;\">\u0136\u012bmisk\u0101s t\u012br\u012b\u0161anas pulveris ir \u013coti smalki samalts, saist\u012bts ar viet\u0113j\u0101m e\u013c\u013c\u0101m un \u012bpa\u0161i izv\u0113l\u0113t\u0101m piedev\u0101m. Tiek izmantots balts Whahab pulveris<span class=\"Apple-converted-space\"> \u00a0 <\/span>r\u012bcine\u013c\u013ca bez s\u0113ra un bez hlora. Pulveris \u013coti labi uzs\u016bc net\u012brumus, piem\u0113ram, putek\u013cus vai kv\u0113pus. Whahab baltaj\u0101 pulver\u012b tiek izmantotas \u012bpa\u0161as \u0161\u0137\u0113rssavienojuma dab\u012bg\u0101s e\u013c\u013cas ar individu\u0101li izv\u0113l\u0113t\u0101m piedev\u0101m.<span class=\"Apple-converted-space\"> \u00a0 <\/span>Wishab pulveris ir \u012bpa\u0161i paredz\u0113ts \u0137\u012bmiskai t\u012br\u012b\u0161anai un sodr\u0113ju no\u0146em\u0161anai no: v\u0113stures rakstiem, dokumentiem, tehniskajiem ras\u0113jumiem, gr\u0101mat\u0101m, tekstilizstr\u0101d\u0101jumiem.<\/span><\/p>\n<p>&nbsp;<\/p>","protected":false},"featured_media":12199,"template":"","meta":[],"product_brand":[],"product_cat":[149,151],"product_tag":[],"class_list":{"0":"post-12628","1":"product","2":"type-product","3":"status-publish","4":"has-post-thumbnail","6":"product_cat-restauratoriams","7":"product_cat-valymas-ir-prieziura","9":"first","10":"outofstock","11":"product-type-simple"},"_links":{"self":[{"href":"https:\/\/tavieta.lt\/lv\/wp-json\/wp\/v2\/product\/12628","targetHints":{"allow":["GET"]}}],"collection":[{"href":"https:\/\/tavieta.lt\/lv\/wp-json\/wp\/v2\/product"}],"about":[{"href":"https:\/\/tavieta.lt\/lv\/wp-json\/wp\/v2\/types\/product"}],"wp:featuredmedia":[{"embeddable":true,"href":"https:\/\/tavieta.lt\/lv\/wp-json\/wp\/v2\/media\/12199"}],"wp:attachment":[{"href":"https:\/\/tavieta.lt\/lv\/wp-json\/wp\/v2\/media?parent=12628"}],"wp:term":[{"taxonomy":"product_brand","embeddable":true,"href":"https:\/\/tavieta.lt\/lv\/wp-json\/wp\/v2\/product_brand?post=12628"},{"taxonomy":"product_cat","embeddable":true,"href":"https:\/\/tavieta.lt\/lv\/wp-json\/wp\/v2\/product_cat?post=12628"},{"taxonomy":"product_tag","embeddable":true,"href":"https:\/\/tavieta.lt\/lv\/wp-json\/wp\/v2\/product_tag?post=12628"}],"curies":[{"name":"wp","href":"https:\/\/api.w.org\/{rel}","templated":true}]}}