{"id":12629,"date":"2024-02-07T08:56:46","date_gmt":"2024-02-07T08:56:46","guid":{"rendered":"http:\/\/tavieta.lt\/produktas\/konservatoriaus-kempine-hidrofiline-labostera\/"},"modified":"2024-02-07T08:58:33","modified_gmt":"2024-02-07T08:58:33","slug":"konservatoriaus-kempine-hidrofiline-labostera","status":"publish","type":"product","link":"https:\/\/tavieta.lt\/lv\/products\/konservatoriaus-kempine-hidrofiline-labostera\/","title":{"rendered":"Konservatora s\u016bklis - Hidrofils"},"content":{"rendered":"<p><span style=\"color: #000000;\">M\u016bsu konservatora s\u016bk\u013ca sl\u0113gt\u0101 \u0161\u016bnu strukt\u016bra ir hidrofila, un to var izmantot \u0161\u0101diem saglab\u0101\u0161anas m\u0113r\u0137iem<span class=\"Apple-converted-space\"> \u00a0 <\/span>proced\u016br\u0101m: mitrais remonts, lai no\u0146emtu atliku\u0161o \u016bdeni, jo salabotie audumi nel\u012bp pie s\u016bk\u013ca. Nelieli negad\u012bjumi \u2013 \u0101tri uzs\u016bc lielu \u016bdens daudzumu. Kr\u0101su un m\u0101kslas darbu konservatori lakas t\u012br\u012b\u0161anai un no\u0146em\u0161anai izmanto \u0161\u0137\u012bdin\u0101t\u0101ja s\u016bkli. Pap\u012bra labo\u0161anai \u2013 atdalot loksnes, lai no\u0146emtu lieko \u016bdeni, nesaraujot \u0161\u0137iedru. Var lietot<span class=\"Apple-converted-space\"> \u00a0 <\/span>kop\u0101 ar t\u012br\u012b\u0161anas pulveri<\/span><\/p>\n<p>&nbsp;<\/p>\n<table style=\"width: 88.80604179340783%; height: 154px;\">\n<tbody>\n<tr>\n<td style=\"text-align: center;\">\n<p align=\"center\"><span style=\"color: #000000;\">Materi\u0101la kods<\/span><\/p>\n<\/td>\n<td style=\"text-align: center;\">\n<p><span style=\"color: #000000;\">Apraksts<\/span><\/p>\n<\/td>\n<td style=\"text-align: center;\">\n<p align=\"center\"><span style=\"color: #000000;\"> \u00a0  \u00a0 Iepakojums<\/span><\/p>\n<\/td>\n<\/tr>\n<tr>\n<td style=\"text-align: center;\">\n<p><span style=\"color: #000000;\">P961-2000<\/span><\/p>\n<\/td>\n<td style=\"text-align: center;\">\n<p><span style=\"color: #000000;\">Konservatora s\u016bklis - <\/span><span style=\"color: #000000;\">73 mm x 48 mm x 35 mm<\/span><\/p>\n<\/td>\n<td style=\"text-align: center;\">\n<p align=\"center\"><span style=\"color: #000000;\">1 gab.<\/span><\/p>\n<\/td>\n<\/tr>\n<\/tbody>\n<\/table>\n<div id=\"gtx-trans\" style=\"position: absolute; left: 79px; top: 37px;\">\n<div class=\"gtx-trans-icon\"><\/div>\n<\/div>","protected":false},"excerpt":{"rendered":"<p>Konservatora s\u016bklis - Hidrofils<\/p>","protected":false},"featured_media":11690,"template":"","meta":[],"product_brand":[],"product_cat":[149,152],"product_tag":[],"class_list":{"0":"post-12629","1":"product","2":"type-product","3":"status-publish","4":"has-post-thumbnail","6":"product_cat-restauratoriams","7":"product_cat-konservavimas","9":"first","10":"outofstock","11":"product-type-simple"},"_links":{"self":[{"href":"https:\/\/tavieta.lt\/lv\/wp-json\/wp\/v2\/product\/12629","targetHints":{"allow":["GET"]}}],"collection":[{"href":"https:\/\/tavieta.lt\/lv\/wp-json\/wp\/v2\/product"}],"about":[{"href":"https:\/\/tavieta.lt\/lv\/wp-json\/wp\/v2\/types\/product"}],"wp:featuredmedia":[{"embeddable":true,"href":"https:\/\/tavieta.lt\/lv\/wp-json\/wp\/v2\/media\/11690"}],"wp:attachment":[{"href":"https:\/\/tavieta.lt\/lv\/wp-json\/wp\/v2\/media?parent=12629"}],"wp:term":[{"taxonomy":"product_brand","embeddable":true,"href":"https:\/\/tavieta.lt\/lv\/wp-json\/wp\/v2\/product_brand?post=12629"},{"taxonomy":"product_cat","embeddable":true,"href":"https:\/\/tavieta.lt\/lv\/wp-json\/wp\/v2\/product_cat?post=12629"},{"taxonomy":"product_tag","embeddable":true,"href":"https:\/\/tavieta.lt\/lv\/wp-json\/wp\/v2\/product_tag?post=12629"}],"curies":[{"name":"wp","href":"https:\/\/api.w.org\/{rel}","templated":true}]}}