{"id":12630,"date":"2024-02-07T08:56:46","date_gmt":"2024-02-07T08:56:46","guid":{"rendered":"http:\/\/tavieta.lt\/produktas\/pre-lim-pavirsiu-valiklis\/"},"modified":"2024-02-07T08:58:33","modified_gmt":"2024-02-07T08:58:33","slug":"pre-lim-pavirsiu-valiklis","status":"publish","type":"product","link":"https:\/\/tavieta.lt\/lv\/products\/pre-lim-pavirsiu-valiklis\/","title":{"rendered":"Iepriek\u0161\u0113js virsmas t\u012br\u012b\u0161anas l\u012bdzeklis"},"content":{"rendered":"<p><span style=\"color: #000000;\">&quot;Pre lim&quot; tiek pla\u0161i izmantots iero\u010du, bru\u0146u, skulpt\u016bru, misi\u0146a, vara ekspoz\u012bcijas trauku, keramikas un citu konserv\u0113\u0161anas meto\u017eu profesion\u0101laj\u0101 restaur\u0101cij\u0101.<span class=\"Apple-converted-space\"> \u00a0<\/span><\/span><\/p>\n<p><span style=\"color: #000000;\">Formul\u0101cijas pamat\u0101 ir Neuburg sil\u012bcija kr\u012btu un \u016bdens\/\u0161\u0137\u012bdin\u0101t\u0101ja emulsija. Norm\u0101li lietojot, produkts nav kait\u012bgs vesel\u012bbai. Pre lim t\u012br\u012b\u0161anas\/pul\u0113\u0161anas efekts tiek pan\u0101kts \u013coti r\u016bp\u012bgi, izmantojot maigu spiedienu, ar m\u012bkstu dr\u0101ni\u0146u. P\u0113c da\u017eu min\u016b\u0161u \u017e\u0101v\u0113\u0161anas kr\u012bta nogulsnes viegli noslauka ar t\u012bru dr\u0101nu, virsma k\u013c\u016bst t\u012bra un m\u012bksta k\u0101 z\u012bds. M\u0113s iesak\u0101m veikt kr\u0101jumu p\u0101rbaudi, lai p\u0101rliecin\u0101tos, vai Pre lim ir piem\u0113rots j\u016bsu konkr\u0113tajam projektam.<span class=\"Apple-converted-space\"> \u00a0<\/span><\/span><\/p>\n<p><span style=\"color: #000000;\">Lai t\u012br\u0101m\u0101s virsmas, \u012bpa\u0161i met\u0101li, paliktu t\u012bras un gai\u0161as, p\u0101rkl\u0101jiet t\u0101s ar renesanses vasku, lai ieg\u016btu ilgsto\u0161u un vizu\u0101li uzlabotu apdari.<\/span><\/p>\n<table style=\"border-color: #000000; border-style: solid; width: 51.6170130126935%;\" cellspacing=\"0\" cellpadding=\"0\">\n<tbody>\n<tr>\n<td style=\"text-align: center; width: 35.64356435643564%; border-style: solid; border-color: #000000;\" valign=\"top\">\n<p align=\"center\"><span style=\"color: #000000; font-family: Helvetica; font-size: 14px;\">Materi\u0101la kods<\/span><\/p>\n<\/td>\n<td style=\"text-align: center; width: 46.53465346534654%; border-style: solid; border-color: #000000;\" valign=\"top\">\n<p><span style=\"color: #000000; font-family: Helvetica; font-size: 14px;\">Apraksts<\/span><\/p>\n<\/td>\n<td style=\"text-align: center; width: 133.85315868697353%; border-style: solid; border-color: #000000;\" valign=\"top\">\n<p><span style=\"color: #000000; font-family: Helvetica; font-size: 14px;\">Iepakojums<\/span><\/p>\n<\/td>\n<\/tr>\n<tr>\n<td style=\"text-align: center; width: 35.64356435643564%; border-style: solid; border-color: #000000;\" valign=\"top\">\n<p><span style=\"color: #000000; font-family: Helvetica; font-size: 14px;\">P638-0030<\/span><\/p>\n<\/td>\n<td style=\"text-align: center; width: 46.53465346534654%; border-style: solid; border-color: #000000;\" valign=\"top\">\n<p align=\"center\"><span style=\"color: #000000; font-family: Calibri; font-size: 14px;\"><b>Iepriek\u0161\u0113js virsmas t\u012br\u012b\u0161anas l\u012bdzeklis<\/b><\/span><\/p>\n<\/td>\n<td style=\"text-align: center; width: 133.85315868697353%; border-style: solid; border-color: #000000;\" valign=\"top\">\n<p><span style=\"color: #000000; font-family: Helvetica; font-size: 14px;\">200 ml<\/span><\/p>\n<\/td>\n<\/tr>\n<\/tbody>\n<\/table>\n<div id=\"gtx-trans\" style=\"position: absolute; left: 79px; top: 37px;\">\n<div class=\"gtx-trans-icon\"><\/div>\n<\/div>","protected":false},"excerpt":{"rendered":"<p>Iepriek\u0161\u0113js virsmas t\u012br\u012b\u0161anas l\u012bdzeklis<\/p>","protected":false},"featured_media":11692,"template":"","meta":[],"product_brand":[],"product_cat":[149,152],"product_tag":[],"class_list":{"0":"post-12630","1":"product","2":"type-product","3":"status-publish","4":"has-post-thumbnail","6":"product_cat-restauratoriams","7":"product_cat-konservavimas","9":"first","10":"outofstock","11":"product-type-simple"},"_links":{"self":[{"href":"https:\/\/tavieta.lt\/lv\/wp-json\/wp\/v2\/product\/12630","targetHints":{"allow":["GET"]}}],"collection":[{"href":"https:\/\/tavieta.lt\/lv\/wp-json\/wp\/v2\/product"}],"about":[{"href":"https:\/\/tavieta.lt\/lv\/wp-json\/wp\/v2\/types\/product"}],"wp:featuredmedia":[{"embeddable":true,"href":"https:\/\/tavieta.lt\/lv\/wp-json\/wp\/v2\/media\/11692"}],"wp:attachment":[{"href":"https:\/\/tavieta.lt\/lv\/wp-json\/wp\/v2\/media?parent=12630"}],"wp:term":[{"taxonomy":"product_brand","embeddable":true,"href":"https:\/\/tavieta.lt\/lv\/wp-json\/wp\/v2\/product_brand?post=12630"},{"taxonomy":"product_cat","embeddable":true,"href":"https:\/\/tavieta.lt\/lv\/wp-json\/wp\/v2\/product_cat?post=12630"},{"taxonomy":"product_tag","embeddable":true,"href":"https:\/\/tavieta.lt\/lv\/wp-json\/wp\/v2\/product_tag?post=12630"}],"curies":[{"name":"wp","href":"https:\/\/api.w.org\/{rel}","templated":true}]}}