{"id":12631,"date":"2024-02-07T08:58:38","date_gmt":"2024-02-07T08:58:38","guid":{"rendered":"http:\/\/tavieta.lt\/produktas\/renaissance-vaskas\/"},"modified":"2024-02-07T08:58:39","modified_gmt":"2024-02-07T08:58:39","slug":"renaissance-vaskas","status":"publish","type":"product","link":"https:\/\/tavieta.lt\/lv\/products\/renaissance-vaskas\/","title":{"rendered":"Konservat\u012bv\u0101 vaska renesanse"},"content":{"rendered":"<p><span style=\"color: #000000;\">Renaissance Wax ir lab\u0101kais t\u012br\u012b\u0161anas\/pul\u0113\u0161anas vasks muzejiem, m\u0101kslas galerij\u0101m un konservatoriem vis\u0101 pasaul\u0113. Renesanses mikrokrist\u0101liskais vasks pie\u0161\u0137ir vis\u0101m apstr\u0101d\u0101taj\u0101m virsm\u0101m br\u012bni\u0161\u0137\u012bgu sp\u012bdumu, atst\u0101jot pl\u0101nu, \u012bpa\u0161i cietu p\u0101rkl\u0101jumu, kas pasarg\u0101 no r\u016bsas, oksid\u0101cijas, putek\u013ciem, \u016bdens, spirta un pirkstu nospiedumiem.<\/span><\/p>\n<p><span style=\"color: #000000;\">Var izmantot uz jebkuras cietas virsmas, tostarp koka, met\u0101la (mon\u0113tas), marmora, oniksa, glieme\u017ev\u0101ku, akmens, zilo\u0146kaula, plastmasas vai \u0101das\/pap\u012bra. Vasks ir dzidrs, \u013caujot to izmantot vair\u0101kk\u0101rt, un laka nekad neatst\u0101j traipus vai kr\u0101sas izmai\u0146as. Konserv\u0113t\u0101 vaska p\u0101rkl\u0101juma ciet\u012bba nodro\u0161ina lielisku aizsardz\u012bbu pret vienk\u0101r\u0161iem iz\u0161\u013cakst\u012bjumiem, pirkstu nospiedumiem, dabisko sk\u0101bumu utt.<span class=\"Apple-converted-space\"> \u00a0<\/span><\/span><\/p>\n<p><span style=\"color: #000000;\">Renesanses vaska ku\u0161anas temperat\u016bra ir aptuveni 75-80\u00b0C, t\u0101p\u0113c tas ir piem\u0113rots aba\u017e\u016briem, lamp\u0101m, zem pro\u017eektoriem, viet\u0101s, kur citi vaski var neb\u016bt piem\u0113roti.<\/span><\/p>\n<table style=\"width: 73.92592592592592%; height: 234px;\">\n<tbody>\n<tr>\n<td style=\"text-align: center;\">\n<p align=\"center\"><span style=\"color: #000000;\">Materi\u0101la kods<\/span><\/p>\n<\/td>\n<td style=\"text-align: center;\">\n<p><span style=\"color: #000000;\">Apraksts<\/span><\/p>\n<\/td>\n<td style=\"text-align: center;\">\n<p><span style=\"color: #000000;\">Iepakojums<\/span><\/p>\n<\/td>\n<\/tr>\n<tr>\n<td style=\"text-align: center;\">\n<p><span style=\"color: #000000;\">P638-0065<\/span><\/p>\n<\/td>\n<td style=\"text-align: center;\" rowspan=\"3\">\n<p><span style=\"color: #000000;\"> \u00a0 Renesanses vasks<\/span><\/p>\n<\/td>\n<td style=\"text-align: center;\">\n<p><span style=\"color: #000000;\">65 ml<\/span><\/p>\n<\/td>\n<\/tr>\n<tr>\n<td style=\"text-align: center;\">\n<p><span style=\"color: #000000;\">P638-0001<\/span><\/p>\n<\/td>\n<td style=\"text-align: center;\">\n<p><span style=\"color: #000000;\">200 ml<\/span><\/p>\n<\/td>\n<\/tr>\n<tr>\n<td style=\"text-align: center;\">\n<p><span style=\"color: #000000;\">P638-0025<\/span><\/p>\n<\/td>\n<td style=\"text-align: center;\">\n<p><span style=\"color: #000000;\">3 litri<\/span><\/p>\n<\/td>\n<\/tr>\n<\/tbody>\n<\/table>\n<div id=\"gtx-trans\" style=\"position: absolute; left: 79px; top: 37px;\">\n<div class=\"gtx-trans-icon\"><\/div>\n<\/div>","protected":false},"excerpt":{"rendered":"<p>Renesanses vasks<\/p>","protected":false},"featured_media":11694,"template":"","meta":[],"product_brand":[],"product_cat":[149,151],"product_tag":[],"class_list":{"0":"post-12631","1":"product","2":"type-product","3":"status-publish","4":"has-post-thumbnail","6":"product_cat-restauratoriams","7":"product_cat-valymas-ir-prieziura","9":"first","10":"outofstock","11":"product-type-simple"},"_links":{"self":[{"href":"https:\/\/tavieta.lt\/lv\/wp-json\/wp\/v2\/product\/12631","targetHints":{"allow":["GET"]}}],"collection":[{"href":"https:\/\/tavieta.lt\/lv\/wp-json\/wp\/v2\/product"}],"about":[{"href":"https:\/\/tavieta.lt\/lv\/wp-json\/wp\/v2\/types\/product"}],"wp:featuredmedia":[{"embeddable":true,"href":"https:\/\/tavieta.lt\/lv\/wp-json\/wp\/v2\/media\/11694"}],"wp:attachment":[{"href":"https:\/\/tavieta.lt\/lv\/wp-json\/wp\/v2\/media?parent=12631"}],"wp:term":[{"taxonomy":"product_brand","embeddable":true,"href":"https:\/\/tavieta.lt\/lv\/wp-json\/wp\/v2\/product_brand?post=12631"},{"taxonomy":"product_cat","embeddable":true,"href":"https:\/\/tavieta.lt\/lv\/wp-json\/wp\/v2\/product_cat?post=12631"},{"taxonomy":"product_tag","embeddable":true,"href":"https:\/\/tavieta.lt\/lv\/wp-json\/wp\/v2\/product_tag?post=12631"}],"curies":[{"name":"wp","href":"https:\/\/api.w.org\/{rel}","templated":true}]}}