{"id":12636,"date":"2024-02-07T09:00:37","date_gmt":"2024-02-07T09:00:37","guid":{"rendered":"http:\/\/tavieta.lt\/produktas\/valymo-pagalvele\/"},"modified":"2024-02-07T09:00:37","modified_gmt":"2024-02-07T09:00:37","slug":"valymo-pagalvele","status":"publish","type":"product","link":"https:\/\/tavieta.lt\/lv\/products\/valymo-pagalvele\/","title":{"rendered":"T\u012br\u012b\u0161anas paliktnis"},"content":{"rendered":"<p><span style=\"color: #000000;\">T\u012br\u012b\u0161anas spilventi\u0146i ir ieteicami putek\u013cainiem, net\u012briem vai sapel\u0113ju\u0161iem pap\u012bra izstr\u0101d\u0101jumiem. \u0160ie spilventi\u0146i satur m\u012bkstu ber\u0161anas pulveri, kas uzs\u016bc un not\u012bra net\u012brumus no pap\u012bra virsmas.<\/span><\/p>\n<table style=\"border-style: solid; border-color: #000000;\" cellspacing=\"0\" cellpadding=\"0\">\n<tbody>\n<tr>\n<td style=\"text-align: center; border-style: solid; border-color: #000000;\" valign=\"top\">\n<p><span style=\"color: #000000;\">Materi\u0101la kods<\/span><\/p>\n<\/td>\n<td style=\"text-align: center; border-style: solid; border-color: #000000;\" valign=\"top\">\n<p><span style=\"color: #000000;\">Apraksts<\/span><\/p>\n<\/td>\n<td style=\"text-align: center; border-style: solid; border-color: #000000;\" valign=\"top\">\n<p><span style=\"color: #000000;\">Iepakojums<\/span><\/p>\n<\/td>\n<\/tr>\n<tr>\n<td style=\"text-align: center; border-style: solid; border-color: #000000;\" valign=\"top\">\n<p><span style=\"color: #000000;\">BR197001<\/span><\/p>\n<\/td>\n<td style=\"text-align: center; border-style: solid; border-color: #000000;\" valign=\"top\">\n<p><span style=\"color: #000000;\"><b><span class=\"Apple-converted-space\"> \u00a0 <\/span>T\u012br\u012b\u0161anas paliktnis <\/b>\u2013 spilvens, 100 g.<\/span><\/p>\n<\/td>\n<td style=\"text-align: center; border-style: solid; border-color: #000000;\" valign=\"top\">\n<p><span style=\"color: #000000;\">1 gab.<\/span><\/p>\n<\/td>\n<\/tr>\n<\/tbody>\n<\/table>\n<p>&nbsp;<\/p>\n<div id=\"gtx-trans\" style=\"position: absolute; left: 79px; top: 37px;\">\n<div class=\"gtx-trans-icon\"><\/div>\n<\/div>","protected":false},"excerpt":{"rendered":"<p>T\u012br\u012b\u0161anas paliktnis<\/p>","protected":false},"featured_media":11701,"template":"","meta":[],"product_brand":[],"product_cat":[149,151],"product_tag":[],"class_list":{"0":"post-12636","1":"product","2":"type-product","3":"status-publish","4":"has-post-thumbnail","6":"product_cat-restauratoriams","7":"product_cat-valymas-ir-prieziura","9":"first","10":"outofstock","11":"product-type-simple"},"_links":{"self":[{"href":"https:\/\/tavieta.lt\/lv\/wp-json\/wp\/v2\/product\/12636","targetHints":{"allow":["GET"]}}],"collection":[{"href":"https:\/\/tavieta.lt\/lv\/wp-json\/wp\/v2\/product"}],"about":[{"href":"https:\/\/tavieta.lt\/lv\/wp-json\/wp\/v2\/types\/product"}],"wp:featuredmedia":[{"embeddable":true,"href":"https:\/\/tavieta.lt\/lv\/wp-json\/wp\/v2\/media\/11701"}],"wp:attachment":[{"href":"https:\/\/tavieta.lt\/lv\/wp-json\/wp\/v2\/media?parent=12636"}],"wp:term":[{"taxonomy":"product_brand","embeddable":true,"href":"https:\/\/tavieta.lt\/lv\/wp-json\/wp\/v2\/product_brand?post=12636"},{"taxonomy":"product_cat","embeddable":true,"href":"https:\/\/tavieta.lt\/lv\/wp-json\/wp\/v2\/product_cat?post=12636"},{"taxonomy":"product_tag","embeddable":true,"href":"https:\/\/tavieta.lt\/lv\/wp-json\/wp\/v2\/product_tag?post=12636"}],"curies":[{"name":"wp","href":"https:\/\/api.w.org\/{rel}","templated":true}]}}