{"id":12637,"date":"2024-02-07T09:00:37","date_gmt":"2024-02-07T09:00:37","guid":{"rendered":"http:\/\/tavieta.lt\/produktas\/valymo-pagalveles-milteliai\/"},"modified":"2024-02-07T09:00:38","modified_gmt":"2024-02-07T09:00:38","slug":"valymo-pagalveles-milteliai","status":"publish","type":"product","link":"https:\/\/tavieta.lt\/lv\/products\/valymo-pagalveles-milteliai\/","title":{"rendered":"T\u012br\u012b\u0161anas spilventi\u0146i - pulveris"},"content":{"rendered":"<p><span style=\"color: #000000;\">T\u012br\u012b\u0161anas pulveri ieteicams lietot 900 g sk\u0101rden\u0113<span class=\"Apple-converted-space\"> \u00a0 <\/span>ar t\u012br\u012b\u0161anas spilventi\u0146iem putek\u013cainiem, net\u012briem vai sapel\u0113ju\u0161iem pap\u012bra izstr\u0101d\u0101jumiem. \u0160ie spilventi\u0146i satur m\u012bkstu ber\u0161anas pulveri, kas uzs\u016bc un not\u012bra net\u012brumus no pap\u012bra virsmas.<\/span><\/p>\n<table style=\"border-style: solid; border-color: #000000;\" cellspacing=\"0\" cellpadding=\"0\">\n<tbody>\n<tr>\n<td style=\"border-style: solid; border-color: #000000; text-align: center;\" valign=\"top\">\n<p><span style=\"color: #000000; font-family: Helvetica; font-size: small;\">Materi\u0101la kods<\/span><\/p>\n<\/td>\n<td style=\"border-style: solid; border-color: #000000; text-align: center;\" valign=\"top\">\n<p><span style=\"color: #000000; font-family: Helvetica; font-size: small;\">Apraksts<\/span><\/p>\n<\/td>\n<td style=\"border-style: solid; border-color: #000000; text-align: center;\" valign=\"top\">\n<p><span style=\"color: #000000; font-family: Helvetica; font-size: small;\">Iepakojums<\/span><\/p>\n<\/td>\n<\/tr>\n<tr>\n<td style=\"border-style: solid; border-color: #000000; text-align: center;\" valign=\"top\">\n<p><span style=\"color: #000000; font-family: Helvetica; font-size: small;\">BR197002<\/span><\/p>\n<\/td>\n<td style=\"border-style: solid; border-color: #000000; text-align: center;\" valign=\"top\">\n<p><span style=\"color: #000000;\"><span style=\"font-family: Calibri; font-size: small;\"><b><span class=\"Apple-converted-space\"> \u00a0 <\/span>T\u012br\u012b\u0161anas paliktnis <\/b><\/span><span style=\"font-family: Helvetica; font-size: small;\">\u2013 t\u012br\u012b\u0161anas pulveris, 900 g.<\/span><\/span><\/p>\n<\/td>\n<td style=\"border-style: solid; border-color: #000000; text-align: center;\" valign=\"top\">\n<p align=\"center\"><span style=\"color: #000000; font-family: Helvetica; font-size: small;\">1 gab.<\/span><\/p>\n<\/td>\n<\/tr>\n<\/tbody>\n<\/table>\n<div id=\"gtx-trans\" style=\"position: absolute; left: 79px; top: 37px;\">\n<div class=\"gtx-trans-icon\"><\/div>\n<\/div>","protected":false},"excerpt":{"rendered":"<p>T\u012br\u012b\u0161anas spilventi\u0146i - pulveris<\/p>","protected":false},"featured_media":11703,"template":"","meta":[],"product_brand":[],"product_cat":[149,151],"product_tag":[],"class_list":{"0":"post-12637","1":"product","2":"type-product","3":"status-publish","4":"has-post-thumbnail","6":"product_cat-restauratoriams","7":"product_cat-valymas-ir-prieziura","9":"first","10":"outofstock","11":"product-type-simple"},"_links":{"self":[{"href":"https:\/\/tavieta.lt\/lv\/wp-json\/wp\/v2\/product\/12637","targetHints":{"allow":["GET"]}}],"collection":[{"href":"https:\/\/tavieta.lt\/lv\/wp-json\/wp\/v2\/product"}],"about":[{"href":"https:\/\/tavieta.lt\/lv\/wp-json\/wp\/v2\/types\/product"}],"wp:featuredmedia":[{"embeddable":true,"href":"https:\/\/tavieta.lt\/lv\/wp-json\/wp\/v2\/media\/11703"}],"wp:attachment":[{"href":"https:\/\/tavieta.lt\/lv\/wp-json\/wp\/v2\/media?parent=12637"}],"wp:term":[{"taxonomy":"product_brand","embeddable":true,"href":"https:\/\/tavieta.lt\/lv\/wp-json\/wp\/v2\/product_brand?post=12637"},{"taxonomy":"product_cat","embeddable":true,"href":"https:\/\/tavieta.lt\/lv\/wp-json\/wp\/v2\/product_cat?post=12637"},{"taxonomy":"product_tag","embeddable":true,"href":"https:\/\/tavieta.lt\/lv\/wp-json\/wp\/v2\/product_tag?post=12637"}],"curies":[{"name":"wp","href":"https:\/\/api.w.org\/{rel}","templated":true}]}}