{"id":12639,"date":"2024-02-07T09:00:37","date_gmt":"2024-02-07T09:00:37","guid":{"rendered":"http:\/\/tavieta.lt\/produktas\/japoniski-sepeciai-nori-bake\/"},"modified":"2024-02-07T09:00:40","modified_gmt":"2024-02-07T09:00:40","slug":"japoniski-sepeciai-nori-bake","status":"publish","type":"product","link":"https:\/\/tavieta.lt\/lv\/products\/japoniski-sepeciai-nori-bake\/","title":{"rendered":"Jap\u0101\u0146u otas Nori-Bake"},"content":{"rendered":"<p><span style=\"color: #000000;\">M\u012bkstu matu mais\u012bjums, kas \u0146emts no zirga kr\u0113p\u0113m un astes. Nedaudz stingr\u0101ki sari nek\u0101 Mizu Bake. Nori Bake vair\u0101k piem\u0113rots pastas vai cita biez\u0101ka materi\u0101la sm\u0113r\u0113\u0161anai. Pieejams da\u017e\u0101dos izm\u0113ros.<\/span><\/p>\n<table style=\"border-style: solid; border-color: #000000; width: 98.16158701010785%; height: 289px;\" cellspacing=\"0\" cellpadding=\"0\">\n<tbody>\n<tr style=\"border-style: groove; border-color: #000000;\">\n<td style=\"text-align: center; border-style: solid; border-color: #000000;\" valign=\"top\">\n<p><span style=\"color: #000000;\">Materi\u0101la kods<\/span><\/p>\n<\/td>\n<td style=\"text-align: center; border-style: solid; border-color: #000000;\" valign=\"top\">\n<p><span style=\"color: #000000;\">Platums<\/span><\/p>\n<\/td>\n<td style=\"text-align: center; border-style: solid; border-color: #000000;\" valign=\"top\">\n<p><span style=\"color: #000000;\">Biezums<\/span><\/p>\n<\/td>\n<td style=\"text-align: center; border-style: solid; border-color: #000000;\" valign=\"top\">\n<p><span style=\"color: #000000;\">Garums<\/span><\/p>\n<\/td>\n<td style=\"text-align: center; border-style: solid; border-color: #000000;\" valign=\"top\">\n<p><span style=\"color: #000000;\">Augstums<\/span><\/p>\n<\/td>\n<td style=\"text-align: center; border-style: solid; border-color: #000000;\" valign=\"top\">\n<p><span style=\"color: #000000;\">Svars<\/span><\/p>\n<\/td>\n<td style=\"text-align: center; border-style: solid; border-color: #000000;\" valign=\"top\">\n<p><span style=\"color: #000000;\">Iepakojums<\/span><\/p>\n<\/td>\n<\/tr>\n<tr style=\"border-style: groove; border-color: #000000;\">\n<td style=\"text-align: center; border-style: solid; border-color: #000000;\" valign=\"top\">\n<p><span style=\"color: #000000;\">PNNOB20<\/span><\/p>\n<\/td>\n<td style=\"text-align: center; border-style: solid; border-color: #000000;\" valign=\"top\">\n<p><span style=\"color: #000000;\">52 mm<\/span><\/p>\n<\/td>\n<td style=\"text-align: center; border-style: solid; border-color: #000000;\" valign=\"top\">\n<p><span style=\"color: #000000;\">7 mm<\/span><\/p>\n<\/td>\n<td style=\"text-align: center; border-style: solid; border-color: #000000;\" valign=\"top\">\n<p><span style=\"color: #000000;\">28 mm<\/span><\/p>\n<\/td>\n<td style=\"text-align: center; border-style: solid; border-color: #000000;\" valign=\"top\">\n<p><span style=\"color: #000000;\">170 mm<\/span><\/p>\n<\/td>\n<td style=\"text-align: center; border-style: solid; border-color: #000000;\" valign=\"top\">\n<p><span style=\"color: #000000;\">35\u00a0g<\/span><\/p>\n<\/td>\n<td style=\"text-align: center; border-style: solid; border-color: #000000;\" valign=\"top\">\n<p><span style=\"color: #000000;\">1 gab.<\/span><\/p>\n<\/td>\n<\/tr>\n<tr style=\"border-style: groove; border-color: #000000;\">\n<td style=\"text-align: center; border-style: solid; border-color: #000000;\" valign=\"top\">\n<p><span style=\"color: #000000;\">PNNOB30<\/span><\/p>\n<\/td>\n<td style=\"text-align: center; border-style: solid; border-color: #000000;\" valign=\"top\">\n<p><span style=\"color: #000000;\">85 mm<\/span><\/p>\n<\/td>\n<td style=\"text-align: center; border-style: solid; border-color: #000000;\" valign=\"top\">\n<p><span style=\"color: #000000;\">8 mm<\/span><\/p>\n<\/td>\n<td style=\"text-align: center; border-style: solid; border-color: #000000;\" valign=\"top\">\n<p><span style=\"color: #000000;\">28 mm<\/span><\/p>\n<\/td>\n<td style=\"text-align: center; border-style: solid; border-color: #000000;\" valign=\"top\">\n<p><span style=\"color: #000000;\">170 mm<\/span><\/p>\n<\/td>\n<td style=\"text-align: center; border-style: solid; border-color: #000000;\" valign=\"top\">\n<p><span style=\"color: #000000;\">60 g<\/span><\/p>\n<\/td>\n<td style=\"text-align: center; border-style: solid; border-color: #000000;\" valign=\"top\">\n<p><span style=\"color: #000000;\">1 gab.<\/span><\/p>\n<\/td>\n<\/tr>\n<tr style=\"border-style: groove; border-color: #000000;\">\n<td style=\"text-align: center; border-style: solid; border-color: #000000;\" valign=\"top\">\n<p><span style=\"color: #000000;\">PNNOB40<\/span><\/p>\n<\/td>\n<td style=\"text-align: center; border-style: solid; border-color: #000000;\" valign=\"top\">\n<p><span style=\"color: #000000;\">115 mm<\/span><\/p>\n<\/td>\n<td style=\"text-align: center; border-style: solid; border-color: #000000;\" valign=\"top\">\n<p><span style=\"color: #000000;\">8 mm<\/span><\/p>\n<\/td>\n<td style=\"text-align: center; border-style: solid; border-color: #000000;\" valign=\"top\">\n<p><span style=\"color: #000000;\">28 mm<\/span><\/p>\n<\/td>\n<td style=\"text-align: center; border-style: solid; border-color: #000000;\" valign=\"top\">\n<p><span style=\"color: #000000;\">170 mm<\/span><\/p>\n<\/td>\n<td style=\"text-align: center; border-style: solid; border-color: #000000;\" valign=\"top\">\n<p><span style=\"color: #000000;\">60 g<\/span><\/p>\n<\/td>\n<td style=\"text-align: center; border-style: solid; border-color: #000000;\" valign=\"top\">\n<p><span style=\"color: #000000;\">1 gab.<\/span><\/p>\n<\/td>\n<\/tr>\n<tr style=\"border-style: groove; border-color: #000000;\">\n<td style=\"text-align: center; border-style: solid; border-color: #000000;\" valign=\"top\">\n<p><span style=\"color: #000000;\">PNNOB60<\/span><\/p>\n<\/td>\n<td style=\"text-align: center; border-style: solid; border-color: #000000;\" valign=\"top\">\n<p><span style=\"color: #000000;\">175 mm<\/span><\/p>\n<\/td>\n<td style=\"text-align: center; border-style: solid; border-color: #000000;\" valign=\"top\">\n<p><span style=\"color: #000000;\">11 mm<\/span><\/p>\n<\/td>\n<td style=\"text-align: center; border-style: solid; border-color: #000000;\" valign=\"top\">\n<p><span style=\"color: #000000;\">38 mm<\/span><\/p>\n<\/td>\n<td style=\"text-align: center; border-style: solid; border-color: #000000;\" valign=\"top\">\n<p><span style=\"color: #000000;\">180 mm<\/span><\/p>\n<\/td>\n<td style=\"text-align: center; border-style: solid; border-color: #000000;\" valign=\"top\">\n<p><span style=\"color: #000000;\">150 gr<\/span><\/p>\n<\/td>\n<td style=\"text-align: center; border-style: solid; border-color: #000000;\" valign=\"top\">\n<p><span style=\"color: #000000;\">1 gab.<\/span><\/p>\n<\/td>\n<\/tr>\n<tr style=\"border-style: groove; border-color: #000000;\">\n<td style=\"text-align: center; border-style: solid; border-color: #000000;\" valign=\"top\">\n<p><span style=\"color: #000000;\">PNNOB80<\/span><\/p>\n<\/td>\n<td style=\"text-align: center; border-style: solid; border-color: #000000;\" valign=\"top\">\n<p><span style=\"color: #000000;\">235 mm<\/span><\/p>\n<\/td>\n<td style=\"text-align: center; border-style: solid; border-color: #000000;\" valign=\"top\">\n<p><span style=\"color: #000000;\">13 mm<\/span><\/p>\n<\/td>\n<td style=\"text-align: center; border-style: solid; border-color: #000000;\" valign=\"top\">\n<p><span style=\"color: #000000;\">45 mm<\/span><\/p>\n<\/td>\n<td style=\"text-align: center; border-style: solid; border-color: #000000;\" valign=\"top\">\n<p><span style=\"color: #000000;\">190 mm<\/span><\/p>\n<\/td>\n<td style=\"text-align: center; border-style: solid; border-color: #000000;\" valign=\"top\">\n<p><span style=\"color: #000000;\">250 gr<\/span><\/p>\n<\/td>\n<td style=\"text-align: center; border-style: solid; border-color: #000000;\" valign=\"top\">\n<p><span style=\"color: #000000;\">1 gab.<\/span><\/p>\n<\/td>\n<\/tr>\n<\/tbody>\n<\/table>\n<div id=\"gtx-trans\" style=\"position: absolute; left: 79px; top: 37px;\">\n<div class=\"gtx-trans-icon\"><\/div>\n<\/div>","protected":false},"excerpt":{"rendered":"<p>Jap\u0101\u0146u otas Nori-Bake<\/p>","protected":false},"featured_media":11707,"template":"","meta":[],"product_brand":[],"product_cat":[149,151],"product_tag":[],"class_list":{"0":"post-12639","1":"product","2":"type-product","3":"status-publish","4":"has-post-thumbnail","6":"product_cat-restauratoriams","7":"product_cat-valymas-ir-prieziura","9":"first","10":"outofstock","11":"product-type-simple"},"_links":{"self":[{"href":"https:\/\/tavieta.lt\/lv\/wp-json\/wp\/v2\/product\/12639","targetHints":{"allow":["GET"]}}],"collection":[{"href":"https:\/\/tavieta.lt\/lv\/wp-json\/wp\/v2\/product"}],"about":[{"href":"https:\/\/tavieta.lt\/lv\/wp-json\/wp\/v2\/types\/product"}],"wp:featuredmedia":[{"embeddable":true,"href":"https:\/\/tavieta.lt\/lv\/wp-json\/wp\/v2\/media\/11707"}],"wp:attachment":[{"href":"https:\/\/tavieta.lt\/lv\/wp-json\/wp\/v2\/media?parent=12639"}],"wp:term":[{"taxonomy":"product_brand","embeddable":true,"href":"https:\/\/tavieta.lt\/lv\/wp-json\/wp\/v2\/product_brand?post=12639"},{"taxonomy":"product_cat","embeddable":true,"href":"https:\/\/tavieta.lt\/lv\/wp-json\/wp\/v2\/product_cat?post=12639"},{"taxonomy":"product_tag","embeddable":true,"href":"https:\/\/tavieta.lt\/lv\/wp-json\/wp\/v2\/product_tag?post=12639"}],"curies":[{"name":"wp","href":"https:\/\/api.w.org\/{rel}","templated":true}]}}