{"id":12645,"date":"2024-02-07T09:00:46","date_gmt":"2024-02-07T09:00:46","guid":{"rendered":"http:\/\/tavieta.lt\/produktas\/parafilm-m-skaidri-termoplastine-plevele\/"},"modified":"2024-02-07T09:00:50","modified_gmt":"2024-02-07T09:00:50","slug":"parafilm-m-skaidri-termoplastine-plevele","status":"publish","type":"product","link":"https:\/\/tavieta.lt\/lv\/products\/parafilm-m-skaidri-termoplastine-plevele\/","title":{"rendered":"Parafilm M -\u00ae caursp\u012bd\u012bga termoplastiska pl\u0113ve"},"content":{"rendered":"<p><span style=\"color: #000000;\">Parafilm M ir klasiska caursp\u012bd\u012bga termoplastiska pl\u0113ve,<span class=\"Apple-converted-space\"> \u00a0 <\/span>izmanto ne tikai laboratorij\u0101s, bet ar\u012b restaur\u0101cijas darbos, lai nosegtu konteinerus ar sagatavotiem \u0161\u0137\u012bdumiem un prepar\u0101tiem. Pl\u0113ve nov\u0113r\u0161 parauga pies\u0101r\u0146ojumu un spont\u0101nu iztvaiko\u0161anu. Izgatavots no poliolef\u012bniem un paraf\u012bna vaskiem bez m\u012bkstino\u0161iem l\u012bdzek\u013ciem. \u016adens tvaiku caurlaid\u012bba: 34 g\/m<sup>2<\/sup> 24 stundu laik\u0101 pie 37\u00b0C un 90% RH Ku\u0161anas temperat\u016bra: 60\u00b0C.Izmantots <span class=\"Apple-converted-space\"> \u00a0 <\/span>45 l\u012bdz 50 \u00b0C temperat\u016br\u0101.<\/span><\/p>\n<p>&nbsp;<\/p>\n<table style=\"width: 72.3514211886305%; height: 299px;\">\n<tbody>\n<tr>\n<td style=\"text-align: center;\">\n<p align=\"center\"><span style=\"color: #000000;\">Materi\u0101la kods<\/span><\/p>\n<\/td>\n<td style=\"text-align: center;\">\n<p><span style=\"color: #000000;\">Apraksts<\/span><\/p>\n<\/td>\n<td style=\"text-align: center;\">\n<p><span style=\"color: #000000;\">Iepakojums<\/span><\/p>\n<\/td>\n<\/tr>\n<tr>\n<td style=\"text-align: right;\">\n<p style=\"text-align: center;\" align=\"justify\"><span style=\"color: #000000;\">PM1221 <\/span><\/p>\n<\/td>\n<td style=\"text-align: center;\">\n<p><span style=\"color: #000000;\">Parafilm M, 15 mx 50 cm <\/span><\/p>\n<\/td>\n<td style=\"text-align: center;\">\n<p align=\"center\"><span style=\"color: #000000;\">1 gab.<\/span><\/p>\n<\/td>\n<\/tr>\n<tr>\n<td style=\"text-align: right;\">\n<p style=\"text-align: center;\" align=\"justify\"><span style=\"color: #000000;\">PM1212<\/span><\/p>\n<\/td>\n<td style=\"text-align: center;\">\n<p><span style=\"color: #000000;\">Parafilm M, 75 mx 10 cm<\/span><\/p>\n<\/td>\n<td style=\"text-align: center;\">\n<p align=\"center\"><span style=\"color: #000000;\">1 gab.<\/span><\/p>\n<\/td>\n<\/tr>\n<tr>\n<td style=\"text-align: right;\">\n<p style=\"text-align: center;\" align=\"justify\"><span style=\"color: #000000;\">PM1213<\/span><\/p>\n<\/td>\n<td style=\"text-align: center;\">\n<p><span style=\"color: #000000;\">ParafilmM, 38 x 10 cm<\/span><\/p>\n<\/td>\n<td style=\"text-align: center;\">\n<p align=\"center\"><span style=\"color: #000000;\">1 gab.<\/span><\/p>\n<\/td>\n<\/tr>\n<tr>\n<td style=\"text-align: right;\">\n<p style=\"text-align: center;\" align=\"justify\"><span style=\"color: #000000;\">PM1214<\/span><\/p>\n<\/td>\n<td style=\"text-align: center;\">\n<p><span style=\"color: #000000;\">Parafilm M, 75 mx 5 cm<\/span><\/p>\n<\/td>\n<td style=\"text-align: center;\">\n<p align=\"center\"><span style=\"color: #000000;\">1 gab.<\/span><\/p>\n<\/td>\n<\/tr>\n<\/tbody>\n<\/table>\n<div id=\"gtx-trans\" style=\"position: absolute; left: 79px; top: 37px;\">\n<div class=\"gtx-trans-icon\"><\/div>\n<\/div>","protected":false},"excerpt":{"rendered":"<p>Parafilm M -\u00ae caursp\u012bd\u012bga termoplastiska pl\u0113ve<\/p>","protected":false},"featured_media":11717,"template":"","meta":[],"product_brand":[],"product_cat":[149,151],"product_tag":[],"class_list":{"0":"post-12645","1":"product","2":"type-product","3":"status-publish","4":"has-post-thumbnail","6":"product_cat-restauratoriams","7":"product_cat-valymas-ir-prieziura","9":"first","10":"outofstock","11":"product-type-simple"},"_links":{"self":[{"href":"https:\/\/tavieta.lt\/lv\/wp-json\/wp\/v2\/product\/12645","targetHints":{"allow":["GET"]}}],"collection":[{"href":"https:\/\/tavieta.lt\/lv\/wp-json\/wp\/v2\/product"}],"about":[{"href":"https:\/\/tavieta.lt\/lv\/wp-json\/wp\/v2\/types\/product"}],"wp:featuredmedia":[{"embeddable":true,"href":"https:\/\/tavieta.lt\/lv\/wp-json\/wp\/v2\/media\/11717"}],"wp:attachment":[{"href":"https:\/\/tavieta.lt\/lv\/wp-json\/wp\/v2\/media?parent=12645"}],"wp:term":[{"taxonomy":"product_brand","embeddable":true,"href":"https:\/\/tavieta.lt\/lv\/wp-json\/wp\/v2\/product_brand?post=12645"},{"taxonomy":"product_cat","embeddable":true,"href":"https:\/\/tavieta.lt\/lv\/wp-json\/wp\/v2\/product_cat?post=12645"},{"taxonomy":"product_tag","embeddable":true,"href":"https:\/\/tavieta.lt\/lv\/wp-json\/wp\/v2\/product_tag?post=12645"}],"curies":[{"name":"wp","href":"https:\/\/api.w.org\/{rel}","templated":true}]}}