{"id":12646,"date":"2024-02-07T09:00:54","date_gmt":"2024-02-07T09:00:54","guid":{"rendered":"http:\/\/tavieta.lt\/produktas\/ajatin-plus-priesgrybelinis-dezinfektantas\/"},"modified":"2024-02-07T09:00:55","modified_gmt":"2024-02-07T09:00:55","slug":"ajatin-plus-priesgrybelinis-dezinfektantas","status":"publish","type":"product","link":"https:\/\/tavieta.lt\/lv\/products\/ajatin-plus-priesgrybelinis-dezinfektantas\/","title":{"rendered":"Ajatin Plus ir prets\u0113n\u012b\u0161u dezinfekcijas l\u012bdzeklis"},"content":{"rendered":"<p><span style=\"color: #000000;\">Ajatin Plus \u2013 antigrybelinis dezinfekavimo tirpalas, skirtas pavir\u0161iams ir daiktams dezinfekuoti, veiksmingas nuo bakterij\u0173, mieli\u0173, grybeli\u0173, apatini\u0173 grybeli\u0173, dumbli\u0173 ir kai kuri\u0173 virus\u0173. Jis neda\u017eo, neturi kvapo ir nei\u0161skiria pavojing\u0173 duj\u0173., nedegus.<\/span><\/p>\n<table style=\"width: 64.74193548387096%; height: 289px;\">\n<tbody>\n<tr>\n<td style=\"text-align: center;\">\n<p><span style=\"color: #000000;\">Materi\u0101la kods<\/span><\/p>\n<\/td>\n<td style=\"text-align: center;\">\n<p><span style=\"color: #000000;\">Apraksts<\/span><\/p>\n<\/td>\n<td style=\"text-align: center;\">\n<p><span style=\"color: #000000;\">Iepakojums<\/span><\/p>\n<\/td>\n<\/tr>\n<tr>\n<td style=\"text-align: center;\">\n<p><span style=\"color: #000000;\">60039<\/span><\/p>\n<\/td>\n<td style=\"text-align: center;\">\n<p><span style=\"color: #000000;\">Ajatin plus, 1% \u0161\u0137idrums<\/span><\/p>\n<\/td>\n<td style=\"text-align: center;\">\n<p><span style=\"color: #000000;\">500 ml<\/span><\/p>\n<\/td>\n<\/tr>\n<tr>\n<td style=\"text-align: center;\">\n<p><span style=\"color: #000000;\">60040<\/span><\/p>\n<\/td>\n<td style=\"text-align: center;\">\n<p><span style=\"color: #000000;\">Ajatin plus, 10% \u0161\u0137idrums<\/span><\/p>\n<\/td>\n<td style=\"text-align: center;\">\n<p><span style=\"color: #000000;\">5000 ml<\/span><\/p>\n<\/td>\n<\/tr>\n<tr>\n<td style=\"text-align: center;\">\n<p><span style=\"color: #000000;\">60041<\/span><\/p>\n<\/td>\n<td style=\"text-align: center;\">\n<p><span style=\"color: #000000;\">Ajatin plus, 1% \u0161\u0137idrums<\/span><\/p>\n<\/td>\n<td style=\"text-align: center;\">\n<p><span style=\"color: #000000;\">500 ml<\/span><\/p>\n<\/td>\n<\/tr>\n<tr>\n<td style=\"text-align: center;\">\n<p><span style=\"color: #000000;\">60042<\/span><\/p>\n<\/td>\n<td style=\"text-align: center;\">\n<p><span style=\"color: #000000;\">Ajatin plus, 10% \u0161\u0137idrums<\/span><\/p>\n<\/td>\n<td style=\"text-align: center;\">\n<p><span style=\"color: #000000;\">5000 ml<\/span><\/p>\n<\/td>\n<\/tr>\n<\/tbody>\n<\/table>\n<div id=\"gtx-trans\" style=\"position: absolute; left: 79px; top: 37px;\">\n<div class=\"gtx-trans-icon\"><\/div>\n<\/div>","protected":false},"excerpt":{"rendered":"<p>Ajatin Plus ir prets\u0113n\u012b\u0161u dezinfekcijas l\u012bdzeklis<\/p>","protected":false},"featured_media":11719,"template":"","meta":[],"product_brand":[],"product_cat":[149,151],"product_tag":[],"class_list":{"0":"post-12646","1":"product","2":"type-product","3":"status-publish","4":"has-post-thumbnail","6":"product_cat-restauratoriams","7":"product_cat-valymas-ir-prieziura","9":"first","10":"outofstock","11":"product-type-simple"},"_links":{"self":[{"href":"https:\/\/tavieta.lt\/lv\/wp-json\/wp\/v2\/product\/12646","targetHints":{"allow":["GET"]}}],"collection":[{"href":"https:\/\/tavieta.lt\/lv\/wp-json\/wp\/v2\/product"}],"about":[{"href":"https:\/\/tavieta.lt\/lv\/wp-json\/wp\/v2\/types\/product"}],"wp:featuredmedia":[{"embeddable":true,"href":"https:\/\/tavieta.lt\/lv\/wp-json\/wp\/v2\/media\/11719"}],"wp:attachment":[{"href":"https:\/\/tavieta.lt\/lv\/wp-json\/wp\/v2\/media?parent=12646"}],"wp:term":[{"taxonomy":"product_brand","embeddable":true,"href":"https:\/\/tavieta.lt\/lv\/wp-json\/wp\/v2\/product_brand?post=12646"},{"taxonomy":"product_cat","embeddable":true,"href":"https:\/\/tavieta.lt\/lv\/wp-json\/wp\/v2\/product_cat?post=12646"},{"taxonomy":"product_tag","embeddable":true,"href":"https:\/\/tavieta.lt\/lv\/wp-json\/wp\/v2\/product_tag?post=12646"}],"curies":[{"name":"wp","href":"https:\/\/api.w.org\/{rel}","templated":true}]}}