{"id":12647,"date":"2024-02-07T09:00:54","date_gmt":"2024-02-07T09:00:54","guid":{"rendered":"http:\/\/tavieta.lt\/produktas\/etanolis-96\/"},"modified":"2024-02-07T09:00:55","modified_gmt":"2024-02-07T09:00:55","slug":"etanolis-96","status":"publish","type":"product","link":"https:\/\/tavieta.lt\/lv\/products\/etanolis-96\/","title":{"rendered":"Etanols 96%"},"content":{"rendered":"<p><span style=\"color: #000000;\"><span class=\"Apple-converted-space\"> \u00a0 <\/span>Etanols 96% ir piem\u0113rots mazg\u0101\u0161anas l\u012bdzek\u013ca aizsargl\u012bdzeklis, attauko\u0161anas l\u012bdzeklis, t\u012br\u012b\u0161anas l\u012bdzeklis ar tilpumu 95,4 96,8%. Piem\u0113rots Paraloid B72 \u0161\u0137\u012bdin\u0101\u0161anai un \u0101trai \u017e\u0101v\u0113\u0161anai mais\u012bjum\u0101 ar acetonu.<\/span><\/p>\n<p>&nbsp;<\/p>\n<table style=\"height: 123px; width: 52.129975429975424%; border-style: solid; border-color: #000000;\" cellspacing=\"0\" cellpadding=\"0\">\n<tbody>\n<tr>\n<td style=\"text-align: center;\" valign=\"top\">\n<p><span style=\"color: #000000; font-family: Helvetica; font-size: 14px;\">Materi\u0101li<\/span><span style=\"color: #000000; font-family: Helvetica; font-size: 14px;\"> kodu<\/span><\/p>\n<\/td>\n<td style=\"text-align: center;\" valign=\"top\">\n<p><span style=\"color: #000000; font-family: Helvetica; font-size: 14px;\">Apraksts<\/span><\/p>\n<\/td>\n<td style=\"text-align: center;\" valign=\"top\">\n<p><span style=\"color: #000000; font-family: Helvetica; font-size: 14px;\">Iepakojums<\/span><\/p>\n<\/td>\n<\/tr>\n<tr>\n<td style=\"text-align: center;\" valign=\"top\">\n<p><span style=\"color: #000000; font-family: Helvetica; font-size: 14px;\">P70390<\/span><\/p>\n<\/td>\n<td style=\"text-align: center;\" valign=\"top\">\n<p align=\"center\"><span style=\"color: #000000; font-family: Calibri; font-size: 14px;\">Etanols 96%<\/span><\/p>\n<\/td>\n<td style=\"text-align: center;\" valign=\"top\">\n<p><span style=\"color: #000000; font-family: Helvetica; font-size: 14px;\">1000 ml<\/span><\/p>\n<\/td>\n<\/tr>\n<\/tbody>\n<\/table>\n<div id=\"gtx-trans\" style=\"position: absolute; left: 79px; top: 37px;\">\n<div class=\"gtx-trans-icon\"><\/div>\n<\/div>","protected":false},"excerpt":{"rendered":"<p>Etanols 96%<\/p>","protected":false},"featured_media":11721,"template":"","meta":[],"product_brand":[],"product_cat":[149,151],"product_tag":[],"class_list":{"0":"post-12647","1":"product","2":"type-product","3":"status-publish","4":"has-post-thumbnail","6":"product_cat-restauratoriams","7":"product_cat-valymas-ir-prieziura","9":"first","10":"outofstock","11":"product-type-simple"},"_links":{"self":[{"href":"https:\/\/tavieta.lt\/lv\/wp-json\/wp\/v2\/product\/12647","targetHints":{"allow":["GET"]}}],"collection":[{"href":"https:\/\/tavieta.lt\/lv\/wp-json\/wp\/v2\/product"}],"about":[{"href":"https:\/\/tavieta.lt\/lv\/wp-json\/wp\/v2\/types\/product"}],"wp:featuredmedia":[{"embeddable":true,"href":"https:\/\/tavieta.lt\/lv\/wp-json\/wp\/v2\/media\/11721"}],"wp:attachment":[{"href":"https:\/\/tavieta.lt\/lv\/wp-json\/wp\/v2\/media?parent=12647"}],"wp:term":[{"taxonomy":"product_brand","embeddable":true,"href":"https:\/\/tavieta.lt\/lv\/wp-json\/wp\/v2\/product_brand?post=12647"},{"taxonomy":"product_cat","embeddable":true,"href":"https:\/\/tavieta.lt\/lv\/wp-json\/wp\/v2\/product_cat?post=12647"},{"taxonomy":"product_tag","embeddable":true,"href":"https:\/\/tavieta.lt\/lv\/wp-json\/wp\/v2\/product_tag?post=12647"}],"curies":[{"name":"wp","href":"https:\/\/api.w.org\/{rel}","templated":true}]}}