{"id":12650,"date":"2024-02-07T09:00:54","date_gmt":"2024-02-07T09:00:54","guid":{"rendered":"http:\/\/tavieta.lt\/produktas\/fiksavimo-skystis-gsk\/"},"modified":"2024-02-07T09:01:53","modified_gmt":"2024-02-07T09:01:53","slug":"fiksavimo-skystis-gsk","status":"publish","type":"product","link":"https:\/\/tavieta.lt\/lv\/products\/fiksavimo-skystis-gsk\/","title":{"rendered":"Fiks\u0101cijas \u0161\u0137idrums GSK"},"content":{"rendered":"<p>\u0160\u0137\u012bduma mais\u012bjums \u016bden\u012b ar metil\u0113na kondens\u0101cijas produktu, kas ieg\u016bts no arilsulfonsk\u0101b\u0113m un hidroksiarilsulfona, \u016bdens \u0161\u0137\u012bdums, kas satur sl\u0101pek\u013ca kondens\u0101cijas produktus.<\/p>\n<table cellspacing=\"0\" cellpadding=\"0\">\n<tbody>\n<tr>\n<td valign=\"top\">\n<p>Materi\u0101la kods<\/p>\n<\/td>\n<td valign=\"top\">\n<p>Apraksts<\/p>\n<\/td>\n<td valign=\"top\">\n<p>Iepakojums<\/p>\n<\/td>\n<\/tr>\n<tr>\n<td valign=\"top\">\n<p>10534<\/p>\n<\/td>\n<td valign=\"top\">\n<p>Fiks\u0101cijas \u0161\u0137idrums GSK<\/p>\n<\/td>\n<td valign=\"top\">\n<p>5 litri<\/p>\n<\/td>\n<\/tr>\n<\/tbody>\n<\/table>\n<div id=\"gtx-trans\" style=\"position: absolute; left: 79px; top: 37px;\">\n<div class=\"gtx-trans-icon\"><\/div>\n<\/div>","protected":false},"excerpt":{"rendered":"<p>Fiks\u0101cijas \u0161\u0137idrums GSK<\/p>","protected":false},"featured_media":11726,"template":"","meta":[],"product_brand":[],"product_cat":[149],"product_tag":[],"class_list":{"0":"post-12650","1":"product","2":"type-product","3":"status-publish","4":"has-post-thumbnail","6":"product_cat-restauratoriams","8":"first","9":"outofstock","10":"product-type-simple"},"_links":{"self":[{"href":"https:\/\/tavieta.lt\/lv\/wp-json\/wp\/v2\/product\/12650","targetHints":{"allow":["GET"]}}],"collection":[{"href":"https:\/\/tavieta.lt\/lv\/wp-json\/wp\/v2\/product"}],"about":[{"href":"https:\/\/tavieta.lt\/lv\/wp-json\/wp\/v2\/types\/product"}],"wp:featuredmedia":[{"embeddable":true,"href":"https:\/\/tavieta.lt\/lv\/wp-json\/wp\/v2\/media\/11726"}],"wp:attachment":[{"href":"https:\/\/tavieta.lt\/lv\/wp-json\/wp\/v2\/media?parent=12650"}],"wp:term":[{"taxonomy":"product_brand","embeddable":true,"href":"https:\/\/tavieta.lt\/lv\/wp-json\/wp\/v2\/product_brand?post=12650"},{"taxonomy":"product_cat","embeddable":true,"href":"https:\/\/tavieta.lt\/lv\/wp-json\/wp\/v2\/product_cat?post=12650"},{"taxonomy":"product_tag","embeddable":true,"href":"https:\/\/tavieta.lt\/lv\/wp-json\/wp\/v2\/product_tag?post=12650"}],"curies":[{"name":"wp","href":"https:\/\/api.w.org\/{rel}","templated":true}]}}