{"id":12652,"date":"2024-02-07T09:01:58","date_gmt":"2024-02-07T09:01:58","guid":{"rendered":"http:\/\/tavieta.lt\/produktas\/fiksavimo-reagentas-mesitol-nbs\/"},"modified":"2025-01-30T13:21:29","modified_gmt":"2025-01-30T13:21:29","slug":"fiksavimo-reagentas-mesitol-nbs","status":"publish","type":"product","link":"https:\/\/tavieta.lt\/lv\/products\/fiksavimo-reagentas-mesitol-nbs\/","title":{"rendered":"Fiks\u0101cijas rea\u0123ents MESITOL NBS"},"content":{"rendered":"<p><span style=\"color: #000000;\">Anjonu rea\u0123ents katjonu kr\u0101svielu fiks\u0113\u0161anai. Fiks\u0101cijas procesa pamat\u0101 ir \u016bdensiztur\u012bgu kompleksu izveide no \u0161\u0137\u012bsto\u0161\u0101m katjonu kr\u0101sviel\u0101m un anjonu fiks\u0101cijas rea\u0123entiem. Lai pan\u0101ktu liel\u0101ku efektu, ieteicams izmantot gan katjonu, gan anjonu rea\u0123entus.<\/span><\/p>\n<table style=\"width: 58.981818181818184%; height: 135px;\">\n<tbody>\n<tr>\n<td style=\"text-align: center;\">\n<p><span style=\"color: #000000;\">Materi\u0101la kods<\/span><\/p>\n<\/td>\n<td style=\"text-align: center;\">\n<p><span style=\"color: #000000;\">Apraksts<\/span><\/p>\n<\/td>\n<td style=\"text-align: center;\">\n<p><span style=\"color: #000000;\">Iepakojums<\/span><\/p>\n<\/td>\n<\/tr>\n<tr>\n<td style=\"text-align: center;\">\n<p><span style=\"color: #000000;\">20332<\/span><\/p>\n<\/td>\n<td style=\"text-align: center;\">\n<p><span style=\"color: #000000;\">Fiks\u0101cijas rea\u0123ents Mesitol NBS<\/span><\/p>\n<\/td>\n<td style=\"text-align: center;\">\n<p><span style=\"color: #000000;\">250 gr<\/span><\/p>\n<\/td>\n<\/tr>\n<\/tbody>\n<\/table>\n<div id=\"gtx-trans\" style=\"position: absolute; left: 79px; top: 37px;\">\n<div class=\"gtx-trans-icon\"><\/div>\n<\/div>","protected":false},"excerpt":{"rendered":"<p>Fiks\u0101cijas rea\u0123ents MESITOL NBS<\/p>","protected":false},"featured_media":11730,"template":"","meta":[],"product_brand":[],"product_cat":[149,227],"product_tag":[],"class_list":{"0":"post-12652","1":"product","2":"type-product","3":"status-publish","4":"has-post-thumbnail","6":"product_cat-restauratoriams","7":"product_cat-restauravimo-priemones","9":"first","10":"outofstock","11":"product-type-simple"},"_links":{"self":[{"href":"https:\/\/tavieta.lt\/lv\/wp-json\/wp\/v2\/product\/12652","targetHints":{"allow":["GET"]}}],"collection":[{"href":"https:\/\/tavieta.lt\/lv\/wp-json\/wp\/v2\/product"}],"about":[{"href":"https:\/\/tavieta.lt\/lv\/wp-json\/wp\/v2\/types\/product"}],"wp:featuredmedia":[{"embeddable":true,"href":"https:\/\/tavieta.lt\/lv\/wp-json\/wp\/v2\/media\/11730"}],"wp:attachment":[{"href":"https:\/\/tavieta.lt\/lv\/wp-json\/wp\/v2\/media?parent=12652"}],"wp:term":[{"taxonomy":"product_brand","embeddable":true,"href":"https:\/\/tavieta.lt\/lv\/wp-json\/wp\/v2\/product_brand?post=12652"},{"taxonomy":"product_cat","embeddable":true,"href":"https:\/\/tavieta.lt\/lv\/wp-json\/wp\/v2\/product_cat?post=12652"},{"taxonomy":"product_tag","embeddable":true,"href":"https:\/\/tavieta.lt\/lv\/wp-json\/wp\/v2\/product_tag?post=12652"}],"curies":[{"name":"wp","href":"https:\/\/api.w.org\/{rel}","templated":true}]}}