{"id":12653,"date":"2024-02-07T09:01:58","date_gmt":"2024-02-07T09:01:58","guid":{"rendered":"http:\/\/tavieta.lt\/produktas\/cyclododecan\/"},"modified":"2024-02-07T09:02:00","modified_gmt":"2024-02-07T09:02:00","slug":"cyclododecan","status":"publish","type":"product","link":"https:\/\/tavieta.lt\/lv\/products\/cyclododecan\/","title":{"rendered":"Ciklododek\u0101ns"},"content":{"rendered":"<p><span style=\"color: #000000;\">Ciklododek\u0101ns, pagaidu konsolidants m\u0101kslas darbu, tostarp gleznu, tekstilizstr\u0101d\u0101jumu un akmens, apstr\u0101dei. Izmanto pagaidu pastiprin\u0101\u0161anai, adh\u0113zijai, t\u012br\u012b\u0161anai un aizsardz\u012bbai transport\u0113\u0161anas laik\u0101.<\/span><\/p>\n<table style=\"width: 59.211796246648795%; height: 189px;\">\n<tbody>\n<tr>\n<td style=\"text-align: center;\">\n<p><span style=\"color: #000000;\">Materi\u0101la kods<\/span><\/p>\n<\/td>\n<td style=\"text-align: center;\">\n<p><span style=\"color: #000000;\">Apraksts<\/span><\/p>\n<\/td>\n<td style=\"text-align: center;\">\n<p><span style=\"color: #000000;\">Iepakojums<\/span><\/p>\n<\/td>\n<\/tr>\n<tr>\n<td style=\"text-align: center;\">\n<p><span style=\"color: #000000;\">40252<\/span><\/p>\n<\/td>\n<td style=\"text-align: center;\">\n<p><span style=\"color: #000000;\">Ciklododek\u0101ns - ciets<\/span><\/p>\n<\/td>\n<td style=\"text-align: center;\">\n<p><span style=\"color: #000000;\">1 kg<\/span><\/p>\n<\/td>\n<\/tr>\n<tr>\n<td style=\"text-align: center;\">\n<p><span style=\"color: #000000;\">40102<\/span><\/p>\n<\/td>\n<td style=\"text-align: center;\">\n<p><span style=\"color: #000000;\">Ciklododek\u0101na aerosols<\/span><\/p>\n<\/td>\n<td style=\"text-align: center;\">\n<p><span style=\"color: #000000;\">400 ml<\/span><\/p>\n<\/td>\n<\/tr>\n<\/tbody>\n<\/table>\n<div id=\"gtx-trans\" style=\"position: absolute; left: 79px; top: 37px;\">\n<div class=\"gtx-trans-icon\"><\/div>\n<\/div>","protected":false},"excerpt":{"rendered":"<p>Ciklododek\u0101ns<\/p>","protected":false},"featured_media":11732,"template":"","meta":[],"product_brand":[],"product_cat":[149],"product_tag":[],"class_list":{"0":"post-12653","1":"product","2":"type-product","3":"status-publish","4":"has-post-thumbnail","6":"product_cat-restauratoriams","8":"first","9":"outofstock","10":"product-type-simple"},"_links":{"self":[{"href":"https:\/\/tavieta.lt\/lv\/wp-json\/wp\/v2\/product\/12653","targetHints":{"allow":["GET"]}}],"collection":[{"href":"https:\/\/tavieta.lt\/lv\/wp-json\/wp\/v2\/product"}],"about":[{"href":"https:\/\/tavieta.lt\/lv\/wp-json\/wp\/v2\/types\/product"}],"wp:featuredmedia":[{"embeddable":true,"href":"https:\/\/tavieta.lt\/lv\/wp-json\/wp\/v2\/media\/11732"}],"wp:attachment":[{"href":"https:\/\/tavieta.lt\/lv\/wp-json\/wp\/v2\/media?parent=12653"}],"wp:term":[{"taxonomy":"product_brand","embeddable":true,"href":"https:\/\/tavieta.lt\/lv\/wp-json\/wp\/v2\/product_brand?post=12653"},{"taxonomy":"product_cat","embeddable":true,"href":"https:\/\/tavieta.lt\/lv\/wp-json\/wp\/v2\/product_cat?post=12653"},{"taxonomy":"product_tag","embeddable":true,"href":"https:\/\/tavieta.lt\/lv\/wp-json\/wp\/v2\/product_tag?post=12653"}],"curies":[{"name":"wp","href":"https:\/\/api.w.org\/{rel}","templated":true}]}}