{"id":12654,"date":"2024-02-07T09:01:58","date_gmt":"2024-02-07T09:01:58","guid":{"rendered":"http:\/\/tavieta.lt\/produktas\/paraloid-b67\/"},"modified":"2024-02-07T09:02:00","modified_gmt":"2024-02-07T09:02:00","slug":"paraloid-b67","status":"publish","type":"product","link":"https:\/\/tavieta.lt\/lv\/products\/paraloid-b67\/","title":{"rendered":"Paralo\u012bds B67"},"content":{"rendered":"<p>Hard Grade Paraloid B67 akrila sve\u0137i ir hidrofobs polim\u0113rs, kas nodro\u0161ina izcilu \u016bdens iztur\u012bbu.  Tas ir ar\u012b \u013coti labs pigmentu izklied\u0113t\u0101js. Paraloid B 67 akrila sve\u0137i labi darbojas ar vid\u0113ji un gariem e\u013c\u013cas alk\u012bdiem, \u017e\u016bsto\u0161\u0101m e\u013c\u013c\u0101m un e\u013c\u013cas lak\u0101m. Izmantojot \u0161os materi\u0101lus, p\u0101rkl\u0101jumi tiek modific\u0113ti, tie k\u013c\u016bst ciet\u0101ki, \u0101tr\u0101k \u017e\u016bst, lab\u0101k saglab\u0101jas kr\u0101sas un sp\u012bdums. Ir uzlabotas aiztures un t\u012br\u012b\u0161anas \u012bpa\u0161\u012bbas.<\/p>\n<table style=\"width: 64.83828382838284%; height: 192px;\">\n<tbody>\n<tr>\n<td style=\"text-align: center;\">\n<p><span style=\"color: #000000;\">Materi\u0101la kods<\/span><\/p>\n<\/td>\n<td style=\"text-align: center;\">\n<p><span style=\"color: #000000;\">Apraksts<\/span><\/p>\n<\/td>\n<td style=\"text-align: center;\">\n<p><span style=\"color: #000000;\">Iepakojums<\/span><\/p>\n<\/td>\n<\/tr>\n<tr>\n<td style=\"text-align: center;\" rowspan=\"2\">\n<p><span style=\"color: #000000;\">106881<\/span><\/p>\n<\/td>\n<td style=\"text-align: center;\" rowspan=\"2\">\n<p><span style=\"color: #000000;\">Paralo\u012bds B67<\/span><\/p>\n<\/td>\n<td style=\"text-align: center;\">\n<p><span style=\"color: #000000;\">250 gr<\/span><\/p>\n<\/td>\n<\/tr>\n<tr>\n<td style=\"text-align: center;\">\n<p><span style=\"color: #000000;\">1000 gr<\/span><\/p>\n<\/td>\n<\/tr>\n<\/tbody>\n<\/table>\n<div id=\"gtx-trans\" style=\"position: absolute; left: 79px; top: 37px;\">\n<div class=\"gtx-trans-icon\"><\/div>\n<\/div>","protected":false},"excerpt":{"rendered":"<p>Paralo\u012bds B67<\/p>","protected":false},"featured_media":11734,"template":"","meta":[],"product_brand":[],"product_cat":[149],"product_tag":[],"class_list":{"0":"post-12654","1":"product","2":"type-product","3":"status-publish","4":"has-post-thumbnail","6":"product_cat-restauratoriams","8":"first","9":"outofstock","10":"product-type-simple"},"_links":{"self":[{"href":"https:\/\/tavieta.lt\/lv\/wp-json\/wp\/v2\/product\/12654","targetHints":{"allow":["GET"]}}],"collection":[{"href":"https:\/\/tavieta.lt\/lv\/wp-json\/wp\/v2\/product"}],"about":[{"href":"https:\/\/tavieta.lt\/lv\/wp-json\/wp\/v2\/types\/product"}],"wp:featuredmedia":[{"embeddable":true,"href":"https:\/\/tavieta.lt\/lv\/wp-json\/wp\/v2\/media\/11734"}],"wp:attachment":[{"href":"https:\/\/tavieta.lt\/lv\/wp-json\/wp\/v2\/media?parent=12654"}],"wp:term":[{"taxonomy":"product_brand","embeddable":true,"href":"https:\/\/tavieta.lt\/lv\/wp-json\/wp\/v2\/product_brand?post=12654"},{"taxonomy":"product_cat","embeddable":true,"href":"https:\/\/tavieta.lt\/lv\/wp-json\/wp\/v2\/product_cat?post=12654"},{"taxonomy":"product_tag","embeddable":true,"href":"https:\/\/tavieta.lt\/lv\/wp-json\/wp\/v2\/product_tag?post=12654"}],"curies":[{"name":"wp","href":"https:\/\/api.w.org\/{rel}","templated":true}]}}