{"id":12655,"date":"2024-02-07T09:01:58","date_gmt":"2024-02-07T09:01:58","guid":{"rendered":"http:\/\/tavieta.lt\/produktas\/paraloid-b72-derva\/"},"modified":"2025-01-31T13:17:52","modified_gmt":"2025-01-31T13:17:52","slug":"paraloid-b72-derva","status":"publish","type":"product","link":"https:\/\/tavieta.lt\/lv\/products\/paraloid-b72-derva\/","title":{"rendered":"Paralo\u012bdie B72 sve\u0137i"},"content":{"rendered":"<p><span style=\"color: #000000;\">Paraloid B72 sve\u0137i - Etilmetakril\u0101ta kopolim\u0113rs. Univers\u0101lie sve\u0137i ar izcilu elast\u012bbu. Izmanto caursp\u012bd\u012bgos aizsarg\u0101jo\u0161os met\u0101la p\u0101rkl\u0101jumos, audumu p\u0101rkl\u0101jumos un aerosola p\u0101rkl\u0101jumos. Lieliski k\u0101 spodrin\u0101t\u0101js. Nek\u013c\u016bst dzeltens. Termoplastisks. Iz\u0161\u0137\u012bdinot toluol\u0101, to var izmantot k\u0101 p\u0101rkl\u0101jumu \u016bden\u012b \u0161\u0137\u012bsto\u0161o kr\u0101svielu fiks\u0113\u0161anai. To var izmantot ar\u012b k\u0101 \u0161\u0137\u012bdin\u0101t\u0101ju kr\u0101so\u0161anai un fresku un koka skulpt\u016bru virsmu nostiprin\u0101\u0161anai. \u0160\u0137\u012bst toluol\u0101, ksilol\u0101, metanol\u0101. 100% granulas.<\/span><\/p>\n<table style=\"width: 45.6429%; height: 173px;\">\n<tbody>\n<tr style=\"height: 57px;\">\n<td style=\"height: 57px;\">\n<p style=\"text-align: center;\"><span style=\"color: #000000;\">Materi\u0101la kods<\/span><\/p>\n<\/td>\n<td style=\"text-align: center; height: 57px;\"><span style=\"color: #000000;\">Apraksts<\/span><\/td>\n<td style=\"text-align: center; height: 57px;\"><span style=\"color: #000000;\">Iepakojums<\/span><\/td>\n<\/tr>\n<tr style=\"height: 59px;\">\n<td style=\"text-align: center; height: 116px;\" rowspan=\"2\">\n<p style=\"text-align: center;\"><span style=\"color: #000000;\">10688<\/span><\/p>\n<\/td>\n<td style=\"text-align: center; height: 116px;\" rowspan=\"2\"><span style=\"color: #000000;\"><b>Paralo\u012bds B72<\/b><\/span><\/td>\n<td style=\"text-align: center; height: 59px;\"><span style=\"color: #000000;\">250 gr<\/span><\/td>\n<\/tr>\n<tr style=\"height: 57px;\">\n<td style=\"text-align: center; height: 57px;\"><span style=\"color: #000000;\">1000 gr<\/span><\/td>\n<\/tr>\n<\/tbody>\n<\/table>","protected":false},"excerpt":{"rendered":"<p>Paraloid B72 sve\u0137i - Etilmetakril\u0101ta kopolim\u0113rs. Univers\u0101lie sve\u0137i ar izcilu elast\u012bbu. Izmanto caursp\u012bd\u012bgos aizsarg\u0101jo\u0161os met\u0101la p\u0101rkl\u0101jumos, audumu p\u0101rkl\u0101jumos un aerosola p\u0101rkl\u0101jumos. Lieliski k\u0101 spodrin\u0101t\u0101js. Nek\u013c\u016bst dzeltens. Termoplastisks. Iz\u0161\u0137\u012bdinot toluol\u0101, to var izmantot k\u0101 p\u0101rkl\u0101jumu \u016bden\u012b \u0161\u0137\u012bsto\u0161o kr\u0101svielu fiks\u0113\u0161anai. To var izmantot ar\u012b k\u0101 \u0161\u0137\u012bdin\u0101t\u0101ju kr\u0101so\u0161anai un fresku un koka skulpt\u016bru virsmu nostiprin\u0101\u0161anai. \u0160\u0137\u012bst toluol\u0101, ksilol\u0101, metanol\u0101. 100% granulas.<\/p>","protected":false},"featured_media":11736,"template":"","meta":[],"product_brand":[],"product_cat":[218,149],"product_tag":[],"class_list":{"0":"post-12655","1":"product","2":"type-product","3":"status-publish","4":"has-post-thumbnail","6":"product_cat-populiariausi-produktai","7":"product_cat-restauratoriams","9":"first","10":"outofstock","11":"product-type-simple"},"_links":{"self":[{"href":"https:\/\/tavieta.lt\/lv\/wp-json\/wp\/v2\/product\/12655","targetHints":{"allow":["GET"]}}],"collection":[{"href":"https:\/\/tavieta.lt\/lv\/wp-json\/wp\/v2\/product"}],"about":[{"href":"https:\/\/tavieta.lt\/lv\/wp-json\/wp\/v2\/types\/product"}],"wp:featuredmedia":[{"embeddable":true,"href":"https:\/\/tavieta.lt\/lv\/wp-json\/wp\/v2\/media\/11736"}],"wp:attachment":[{"href":"https:\/\/tavieta.lt\/lv\/wp-json\/wp\/v2\/media?parent=12655"}],"wp:term":[{"taxonomy":"product_brand","embeddable":true,"href":"https:\/\/tavieta.lt\/lv\/wp-json\/wp\/v2\/product_brand?post=12655"},{"taxonomy":"product_cat","embeddable":true,"href":"https:\/\/tavieta.lt\/lv\/wp-json\/wp\/v2\/product_cat?post=12655"},{"taxonomy":"product_tag","embeddable":true,"href":"https:\/\/tavieta.lt\/lv\/wp-json\/wp\/v2\/product_tag?post=12655"}],"curies":[{"name":"wp","href":"https:\/\/api.w.org\/{rel}","templated":true}]}}