{"id":12656,"date":"2024-02-07T09:02:06","date_gmt":"2024-02-07T09:02:06","guid":{"rendered":"http:\/\/tavieta.lt\/produktas\/paraloid-b82\/"},"modified":"2024-02-07T09:02:06","modified_gmt":"2024-02-07T09:02:06","slug":"paraloid-b82","status":"publish","type":"product","link":"https:\/\/tavieta.lt\/lv\/products\/paraloid-b82\/","title":{"rendered":"Paralo\u012bds B82"},"content":{"rendered":"<p><span style=\"color: #000000;\"><span class=\"Apple-converted-space\"> \u00a0 <\/span>Paraloid B82 ir daudzpus\u012bgi, zemu izmaksu akrila sve\u0137i, kas saglab\u0101 izcil\u0101s akrila sve\u0137u \u012bpa\u0161\u012bbas, piem\u0113ram, caursp\u012bd\u012bgumu, iztur\u012bbu, elast\u012bbu un elast\u012bbu.<\/span><\/p>\n<table style=\"width: 61.97427652733119%; height: 168px;\">\n<tbody>\n<tr style=\"height: 56px;\">\n<td style=\"text-align: center; height: 56px;\">\n<p><span style=\"color: #000000;\">Materi\u0101la kods<\/span><\/p>\n<\/td>\n<td style=\"text-align: center; height: 56px;\">\n<p><span style=\"color: #000000;\">Apraksts<\/span><\/p>\n<\/td>\n<td style=\"text-align: center; height: 56px;\">\n<p><span style=\"color: #000000;\">Iepakojums<\/span><\/p>\n<\/td>\n<\/tr>\n<tr style=\"height: 56px;\">\n<td style=\"text-align: center; height: 112px;\" rowspan=\"2\">\n<p><span style=\"color: #000000;\">106882<\/span><\/p>\n<\/td>\n<td style=\"text-align: center; height: 112px;\" rowspan=\"2\">\n<p><span style=\"color: #000000;\">Paralo\u012bds B82<\/span><\/p>\n<\/td>\n<td style=\"text-align: center; height: 56px;\">\n<p><span style=\"color: #000000;\">250 gr<\/span><\/p>\n<\/td>\n<\/tr>\n<tr style=\"height: 56px;\">\n<td style=\"text-align: center; height: 56px;\">\n<p><span style=\"color: #000000;\">1000 gr<\/span><\/p>\n<\/td>\n<\/tr>\n<\/tbody>\n<\/table>\n<div id=\"gtx-trans\" style=\"position: absolute; left: 79px; top: 37px;\">\n<div class=\"gtx-trans-icon\"><\/div>\n<\/div>","protected":false},"excerpt":{"rendered":"<p>Paralo\u012bds B82<\/p>","protected":false},"featured_media":11738,"template":"","meta":[],"product_brand":[],"product_cat":[149],"product_tag":[],"class_list":{"0":"post-12656","1":"product","2":"type-product","3":"status-publish","4":"has-post-thumbnail","6":"product_cat-restauratoriams","8":"first","9":"outofstock","10":"product-type-simple"},"_links":{"self":[{"href":"https:\/\/tavieta.lt\/lv\/wp-json\/wp\/v2\/product\/12656","targetHints":{"allow":["GET"]}}],"collection":[{"href":"https:\/\/tavieta.lt\/lv\/wp-json\/wp\/v2\/product"}],"about":[{"href":"https:\/\/tavieta.lt\/lv\/wp-json\/wp\/v2\/types\/product"}],"wp:featuredmedia":[{"embeddable":true,"href":"https:\/\/tavieta.lt\/lv\/wp-json\/wp\/v2\/media\/11738"}],"wp:attachment":[{"href":"https:\/\/tavieta.lt\/lv\/wp-json\/wp\/v2\/media?parent=12656"}],"wp:term":[{"taxonomy":"product_brand","embeddable":true,"href":"https:\/\/tavieta.lt\/lv\/wp-json\/wp\/v2\/product_brand?post=12656"},{"taxonomy":"product_cat","embeddable":true,"href":"https:\/\/tavieta.lt\/lv\/wp-json\/wp\/v2\/product_cat?post=12656"},{"taxonomy":"product_tag","embeddable":true,"href":"https:\/\/tavieta.lt\/lv\/wp-json\/wp\/v2\/product_tag?post=12656"}],"curies":[{"name":"wp","href":"https:\/\/api.w.org\/{rel}","templated":true}]}}