{"id":12658,"date":"2024-02-07T09:02:06","date_gmt":"2024-02-07T09:02:06","guid":{"rendered":"http:\/\/tavieta.lt\/produktas\/specialus-skystis-laikrasciu-rugstingumui-mazinti\/"},"modified":"2024-02-07T09:02:07","modified_gmt":"2024-02-07T09:02:07","slug":"specialus-skystis-laikrasciu-rugstingumui-mazinti","status":"publish","type":"product","link":"https:\/\/tavieta.lt\/lv\/products\/specialus-skystis-laikrasciu-rugstingumui-mazinti\/","title":{"rendered":"\u012apa\u0161s \u0161\u0137idrums av\u012b\u017eu sk\u0101buma samazin\u0101\u0161anai"},"content":{"rendered":"<p><span style=\"color: #000000;\"> \u012apa\u0161s \u0161\u0137idrums av\u012b\u017eu sk\u0101buma samazin\u0101\u0161anai<\/span><\/p>\n<p><span style=\"color: #000000;\">No 19. gadsimta vidus av\u012bzes druk\u0101ja uz l\u0113ta malta koka pap\u012bra. \u0160\u0101ds pap\u012brs bija labi piem\u0113rots masveida ra\u017eo\u0161anai. Tas ir viegls, viegli salok\u0101ms, labi ies\u016bcas un ir piem\u0113rots druk\u0101\u0161anai.<\/span><\/p>\n<p><span style=\"color: #000000;\">Tr\u016bkums: \u012bslaic\u012bgs, liel\u0101 \u012bs\u0161\u0137iedras koksnes \u012bpatsvara d\u0113\u013c ir \u013coti nestabils un \u0101tri k\u013c\u016bst par sk\u0101bu vidi, kas pa\u0101trina sadal\u012b\u0161an\u0101s procesu. Nepareizas uzglab\u0101\u0161anas un bie\u017eas lieto\u0161anas d\u0113\u013c laikraksti var sadal\u012bties tikai p\u0113c 50 gadiem. T\u0101 rezult\u0101t\u0101 neatgriezeniski tiek zaud\u0113ti v\u0113rt\u012bgi m\u016bsdienu v\u0113stures dokumenti.<\/span><\/p>\n<table style=\"height: 145px; width: 92.29596581036022%; border-style: solid; border-color: #000000;\" cellspacing=\"0\" cellpadding=\"0\">\n<tbody>\n<tr style=\"height: 56px;\">\n<td style=\"height: 56px; border-style: solid; border-color: #000000; text-align: center;\" valign=\"top\">\n<p><span style=\"color: #000000;\">Materi\u0101la kods<\/span><\/p>\n<\/td>\n<td style=\"height: 56px; border-style: solid; border-color: #000000; text-align: center;\" valign=\"top\">\n<p><span style=\"color: #000000;\">Apraksts<\/span><\/p>\n<\/td>\n<td style=\"height: 56px; border-style: solid; border-color: #000000; text-align: center;\" valign=\"top\">\n<p><span style=\"color: #000000;\">Iepakojums<\/span><\/p>\n<\/td>\n<\/tr>\n<tr style=\"height: 47px;\">\n<td style=\"height: 103px; border-style: solid; border-color: #000000; text-align: center;\" rowspan=\"2\" valign=\"top\">\n<p><span style=\"color: #000000;\">50099<\/span><\/p>\n<\/td>\n<td style=\"height: 103px; border-style: solid; border-color: #000000; text-align: center;\" rowspan=\"2\" valign=\"top\">\n<p><span style=\"color: #000000;\">Laikraksts CP<\/span><\/p>\n<\/td>\n<td style=\"height: 47px; border-style: solid; border-color: #000000; text-align: center;\" valign=\"top\">\n<p><span style=\"color: #000000;\">50l muca<\/span><\/p>\n<\/td>\n<\/tr>\n<tr style=\"height: 56px;\">\n<td style=\"height: 56px; border-style: solid; border-color: #000000; text-align: center;\" valign=\"top\">\n<p><span style=\"color: #000000;\">100l muca<\/span><\/p>\n<\/td>\n<\/tr>\n<\/tbody>\n<\/table>\n<div id=\"gtx-trans\" style=\"position: absolute; left: 79px; top: 37px;\">\n<div class=\"gtx-trans-icon\"><\/div>\n<\/div>","protected":false},"excerpt":{"rendered":"<p>\u012apa\u0161s \u0161\u0137idrums av\u012b\u017eu sk\u0101buma samazin\u0101\u0161anai<\/p>","protected":false},"featured_media":11742,"template":"","meta":[],"product_brand":[],"product_cat":[149],"product_tag":[],"class_list":{"0":"post-12658","1":"product","2":"type-product","3":"status-publish","4":"has-post-thumbnail","6":"product_cat-restauratoriams","8":"first","9":"outofstock","10":"product-type-simple"},"_links":{"self":[{"href":"https:\/\/tavieta.lt\/lv\/wp-json\/wp\/v2\/product\/12658","targetHints":{"allow":["GET"]}}],"collection":[{"href":"https:\/\/tavieta.lt\/lv\/wp-json\/wp\/v2\/product"}],"about":[{"href":"https:\/\/tavieta.lt\/lv\/wp-json\/wp\/v2\/types\/product"}],"wp:featuredmedia":[{"embeddable":true,"href":"https:\/\/tavieta.lt\/lv\/wp-json\/wp\/v2\/media\/11742"}],"wp:attachment":[{"href":"https:\/\/tavieta.lt\/lv\/wp-json\/wp\/v2\/media?parent=12658"}],"wp:term":[{"taxonomy":"product_brand","embeddable":true,"href":"https:\/\/tavieta.lt\/lv\/wp-json\/wp\/v2\/product_brand?post=12658"},{"taxonomy":"product_cat","embeddable":true,"href":"https:\/\/tavieta.lt\/lv\/wp-json\/wp\/v2\/product_cat?post=12658"},{"taxonomy":"product_tag","embeddable":true,"href":"https:\/\/tavieta.lt\/lv\/wp-json\/wp\/v2\/product_tag?post=12658"}],"curies":[{"name":"wp","href":"https:\/\/api.w.org\/{rel}","templated":true}]}}