{"id":12659,"date":"2024-02-07T09:02:06","date_gmt":"2024-02-07T09:02:06","guid":{"rendered":"http:\/\/tavieta.lt\/produktas\/bookkeeper-purskalas\/"},"modified":"2024-02-07T09:02:08","modified_gmt":"2024-02-07T09:02:08","slug":"bookkeeper-purskalas","status":"publish","type":"product","link":"https:\/\/tavieta.lt\/lv\/products\/bookkeeper-purskalas\/","title":{"rendered":"Gr\u0101matnieka aerosols"},"content":{"rendered":"<p><span style=\"color: #000000;\">Gr\u0101matu kop\u0161ana ir atsk\u0101bin\u0101\u0161anas process, kur\u0101 sk\u0101bes tiek dro\u0161i neitraliz\u0113tas. Gr\u0101matve\u017ea aerosols dro\u0161i apstr\u0101d\u0101 rokrakstus, dokumentus, izgriezumus, kartes, plak\u0101tus un citus pap\u012bra materi\u0101lus, kas atrodami m\u016bsdienu bibliot\u0113ku un arh\u012bvu kolekcij\u0101s. Neaizs\u0113r\u0113jo\u0161s, netoksisks, neb\u012bstams, neuzliesmojo\u0161s, nesatur CFC un ir piln\u012bgi videi draudz\u012bgs.<\/span><\/p>\n<p>&nbsp;<\/p>\n<table style=\"width: 69.62412993039443%; height: 215px;\">\n<tbody>\n<tr>\n<td style=\"text-align: center;\">\n<p><span style=\"color: #000000;\">Materi\u0101la kods<\/span><\/p>\n<\/td>\n<td style=\"text-align: center;\">\n<p><span style=\"color: #000000;\">Apraksts<\/span><\/p>\n<\/td>\n<td style=\"text-align: center;\">\n<p><span style=\"color: #000000;\">Iepakojums<\/span><\/p>\n<\/td>\n<\/tr>\n<tr>\n<td style=\"text-align: center;\" rowspan=\"3\">\n<p><span style=\"color: #000000;\">10803<\/span><\/p>\n<\/td>\n<td style=\"text-align: center;\" rowspan=\"3\">\n<p><span style=\"color: #000000;\">Gr\u0101matve\u017ea aerosols \u2013 pildviela<\/span><\/p>\n<\/td>\n<td style=\"text-align: center;\">\n<p><span style=\"color: #000000;\">150 gr<\/span><\/p>\n<\/td>\n<\/tr>\n<tr>\n<td style=\"text-align: center;\">\n<p><span style=\"color: #000000;\">900 g<\/span><\/p>\n<\/td>\n<\/tr>\n<tr>\n<td style=\"text-align: center;\">\n<p><span style=\"color: #000000;\">5670 g<\/span><\/p>\n<\/td>\n<\/tr>\n<\/tbody>\n<\/table>\n<div id=\"gtx-trans\" style=\"position: absolute; left: 79px; top: 37px;\">\n<div class=\"gtx-trans-icon\"><\/div>\n<\/div>","protected":false},"excerpt":{"rendered":"<p>Gr\u0101matnieka aerosols<\/p>","protected":false},"featured_media":11744,"template":"","meta":[],"product_brand":[],"product_cat":[149],"product_tag":[],"class_list":{"0":"post-12659","1":"product","2":"type-product","3":"status-publish","4":"has-post-thumbnail","6":"product_cat-restauratoriams","8":"first","9":"outofstock","10":"product-type-simple"},"_links":{"self":[{"href":"https:\/\/tavieta.lt\/lv\/wp-json\/wp\/v2\/product\/12659","targetHints":{"allow":["GET"]}}],"collection":[{"href":"https:\/\/tavieta.lt\/lv\/wp-json\/wp\/v2\/product"}],"about":[{"href":"https:\/\/tavieta.lt\/lv\/wp-json\/wp\/v2\/types\/product"}],"wp:featuredmedia":[{"embeddable":true,"href":"https:\/\/tavieta.lt\/lv\/wp-json\/wp\/v2\/media\/11744"}],"wp:attachment":[{"href":"https:\/\/tavieta.lt\/lv\/wp-json\/wp\/v2\/media?parent=12659"}],"wp:term":[{"taxonomy":"product_brand","embeddable":true,"href":"https:\/\/tavieta.lt\/lv\/wp-json\/wp\/v2\/product_brand?post=12659"},{"taxonomy":"product_cat","embeddable":true,"href":"https:\/\/tavieta.lt\/lv\/wp-json\/wp\/v2\/product_cat?post=12659"},{"taxonomy":"product_tag","embeddable":true,"href":"https:\/\/tavieta.lt\/lv\/wp-json\/wp\/v2\/product_tag?post=12659"}],"curies":[{"name":"wp","href":"https:\/\/api.w.org\/{rel}","templated":true}]}}