{"id":12660,"date":"2024-02-07T09:02:06","date_gmt":"2024-02-07T09:02:06","guid":{"rendered":"http:\/\/tavieta.lt\/produktas\/japoniskas-popierius-lakstais\/"},"modified":"2024-02-07T09:02:09","modified_gmt":"2024-02-07T09:02:09","slug":"japoniskas-popierius-lakstais","status":"publish","type":"product","link":"https:\/\/tavieta.lt\/lv\/products\/japoniskas-popierius-lakstais\/","title":{"rendered":"Jap\u0101\u0146u pap\u012brs loksn\u0113s"},"content":{"rendered":"<p>Jap\u0101\u0146u pap\u012brs loksn\u0113s<\/p>\n<table style=\"width: 99.9606%; height: 588px;\">\n<tbody>\n<tr style=\"height: 25px;\">\n<td style=\"height: 25px; width: 18.1967%; text-align: center;\">\n<p><strong>Materi\u0101la kods<\/strong><\/p>\n<\/td>\n<td style=\"height: 25px; width: 17.377%; text-align: center;\">\n<p><strong> Nosaukums<\/strong><\/p>\n<\/td>\n<td style=\"height: 25px; width: 5.08197%; text-align: center;\">\n<p style=\"text-align: left;\" align=\"right\"><strong> \u00a0  \u00a0 mobilais telefons<\/strong><\/p>\n<\/td>\n<td style=\"height: 25px; width: 47.8689%; text-align: center;\">\n<p align=\"center\"><strong>Apraksts<\/strong><\/p>\n<\/td>\n<td style=\"height: 25px; width: 10.3551%; text-align: center;\">\n<p align=\"right\"><strong>Iepakojums<\/strong><\/p>\n<\/td>\n<\/tr>\n<tr style=\"height: 32px;\">\n<td style=\"height: 51px; width: 18.1967%; text-align: center;\" rowspan=\"2\">\n<p>B825502<\/p>\n<\/td>\n<td style=\"height: 51px; width: 17.377%; text-align: center;\" rowspan=\"2\">\n<p>Tengu Ka\u0161mira<\/p>\n<\/td>\n<td style=\"height: 51px; width: 5.08197%; text-align: center;\" rowspan=\"2\">\n<p>8,6 gr<\/p>\n<\/td>\n<td style=\"height: 51px; width: 47.8689%; text-align: center;\" rowspan=\"2\">\n<p>lapa 48 x 94 cm<\/p>\n<\/td>\n<td style=\"height: 32px; width: 10.3551%; text-align: center;\">\n<p align=\"right\">1 lapa<\/p>\n<\/td>\n<\/tr>\n<tr style=\"height: 19px;\">\n<td style=\"height: 19px; width: 10.3551%; text-align: center;\">\n<p align=\"right\">200 loksnes<\/p>\n<\/td>\n<\/tr>\n<tr style=\"height: 32px;\">\n<td style=\"height: 32px; width: 18.1967%; text-align: center;\">\n<p>B825499<\/p>\n<\/td>\n<td style=\"height: 32px; width: 17.377%; text-align: center;\">\n<p>M\u012bno Tenguo<\/p>\n<\/td>\n<td style=\"height: 32px; width: 5.08197%; text-align: center;\">\n<p>9\u00a0g<\/p>\n<\/td>\n<td style=\"height: 32px; width: 47.8689%; text-align: center;\">\n<p>palags 48 cm x 100 cm<\/p>\n<\/td>\n<td style=\"height: 32px; width: 10.3551%; text-align: center;\">\n<p> \u00a0  \u00a0  \u00a0  \u00a0  \u00a0  \u00a0  \u00a0  \u00a0  \u00a0 1 lapa<\/p>\n<\/td>\n<\/tr>\n<tr style=\"height: 32px;\">\n<td style=\"height: 64px; width: 18.1967%; text-align: center;\" rowspan=\"2\">\n<p>B609140<\/p>\n<\/td>\n<td style=\"height: 64px; width: 17.377%; text-align: center;\" rowspan=\"2\">\n<p>Manila<\/p>\n<\/td>\n<td style=\"height: 64px; width: 5.08197%; text-align: center;\" rowspan=\"2\">\n<p>9\u00a0g<\/p>\n<\/td>\n<td style=\"height: 64px; width: 47.8689%; text-align: center;\" rowspan=\"2\">\n<p>100% Abaca z\u012bda loksne 49 cm x 76 cm pH neitr\u0101ls<\/p>\n<\/td>\n<td style=\"height: 32px; width: 10.3551%; text-align: center;\">\n<p align=\"right\">1 lapa<\/p>\n<\/td>\n<\/tr>\n<tr style=\"height: 32px;\">\n<td style=\"height: 32px; width: 10.3551%; text-align: center;\">\n<p align=\"right\">200 loksnes<\/p>\n<\/td>\n<\/tr>\n<tr style=\"height: 32px;\">\n<td style=\"height: 64px; width: 18.1967%; text-align: center;\" rowspan=\"2\">\n<p>B626101<\/p>\n<\/td>\n<td style=\"height: 64px; width: 17.377%; text-align: center;\" rowspan=\"2\">\n<p>Langf\u0101sers (gampi)<\/p>\n<\/td>\n<td style=\"height: 64px; width: 5.08197%; text-align: center;\" rowspan=\"2\">\n<p>9\u00a0g<\/p>\n<\/td>\n<td style=\"height: 64px; width: 47.8689%; text-align: center;\" rowspan=\"2\">\n<p>100% Gampi pap\u012bra loksne 49 cm x 76 cm<\/p>\n<\/td>\n<td style=\"height: 32px; width: 10.3551%; text-align: center;\">\n<p align=\"right\">1 lapa<\/p>\n<\/td>\n<\/tr>\n<tr style=\"height: 32px;\">\n<td style=\"height: 32px; width: 10.3551%; text-align: center;\">\n<p align=\"right\">200 loksnes<\/p>\n<\/td>\n<\/tr>\n<tr style=\"height: 32px;\">\n<td style=\"height: 64px; width: 18.1967%; text-align: center;\" rowspan=\"2\">\n<p>B626101<\/p>\n<\/td>\n<td style=\"height: 64px; width: 17.377%; text-align: center;\" rowspan=\"2\">\n<p>Langf\u0101sers (gampi)<\/p>\n<\/td>\n<td style=\"height: 64px; width: 5.08197%; text-align: center;\" rowspan=\"2\">\n<p>9\u00a0g<\/p>\n<\/td>\n<td style=\"height: 64px; width: 47.8689%; text-align: center;\" rowspan=\"2\">\n<p>100% Gampi pap\u012bra loksne 49 cm x 76 cm<\/p>\n<\/td>\n<td style=\"height: 32px; width: 10.3551%; text-align: center;\">\n<p align=\"right\">1 lapa<\/p>\n<\/td>\n<\/tr>\n<tr style=\"height: 32px;\">\n<td style=\"height: 32px; width: 10.3551%; text-align: center;\">\n<p align=\"right\">200 loksnes<\/p>\n<\/td>\n<\/tr>\n<tr style=\"height: 32px;\">\n<td style=\"height: 64px; width: 18.1967%; text-align: center;\" rowspan=\"2\">\n<p>B825500<\/p>\n<\/td>\n<td style=\"height: 64px; width: 17.377%; text-align: center;\" rowspan=\"2\">\n<p>Ka\u0161mira<\/p>\n<\/td>\n<td style=\"height: 64px; width: 5.08197%; text-align: center;\" rowspan=\"2\">\n<p>11\u00a0g<\/p>\n<\/td>\n<td style=\"height: 64px; width: 47.8689%; text-align: center;\" rowspan=\"2\">\n<p>lapa 48 x 94 cm<\/p>\n<\/td>\n<td style=\"height: 32px; width: 10.3551%; text-align: center;\">\n<p align=\"right\">1 lapa<\/p>\n<\/td>\n<\/tr>\n<tr style=\"height: 32px;\">\n<td style=\"height: 32px; width: 10.3551%; text-align: center;\">\n<p align=\"right\">200 loksnes<\/p>\n<\/td>\n<\/tr>\n<tr style=\"height: 32px;\">\n<td style=\"height: 64px; width: 18.1967%; text-align: center;\" rowspan=\"2\">\n<p>B825508<\/p>\n<\/td>\n<td style=\"height: 64px; width: 17.377%; text-align: center;\" rowspan=\"2\">\n<p>Tenguo<\/p>\n<\/td>\n<td style=\"height: 64px; width: 5.08197%; text-align: center;\" rowspan=\"2\">\n<p>18\u00a0st<\/p>\n<\/td>\n<td style=\"height: 64px; width: 47.8689%; text-align: center;\" rowspan=\"2\">\n<p>lapa 46 x 69 cm<\/p>\n<\/td>\n<td style=\"height: 32px; width: 10.3551%; text-align: center;\">\n<p align=\"right\">1 lapa<\/p>\n<\/td>\n<\/tr>\n<tr style=\"height: 32px;\">\n<td style=\"height: 32px; width: 10.3551%; text-align: center;\">\n<p align=\"right\">200 loksnes<\/p>\n<\/td>\n<\/tr>\n<tr style=\"height: 32px;\">\n<td style=\"height: 64px; width: 18.1967%; text-align: center;\" rowspan=\"2\">\n<p>B825517<\/p>\n<\/td>\n<td style=\"height: 64px; width: 17.377%; text-align: center;\" rowspan=\"2\">\n<p>Kawashahi<\/p>\n<\/td>\n<td style=\"height: 64px; width: 5.08197%; text-align: center;\" rowspan=\"2\">\n<p>35\u00a0g<\/p>\n<\/td>\n<td style=\"height: 64px; width: 47.8689%; text-align: center;\" rowspan=\"2\">\n<p>lapa 66 x 99 cm<\/p>\n<\/td>\n<td style=\"height: 32px; width: 10.3551%; text-align: center;\">\n<p align=\"right\">1 lapa<\/p>\n<\/td>\n<\/tr>\n<tr style=\"height: 32px;\">\n<td style=\"height: 32px; width: 10.3551%; text-align: center;\">\n<p align=\"right\">200 loksnes<\/p>\n<\/td>\n<\/tr>\n<tr style=\"height: 32px;\">\n<td style=\"height: 64px; width: 18.1967%; text-align: center;\" rowspan=\"2\">\n<p>B634670<\/p>\n<\/td>\n<td style=\"height: 64px; width: 17.377%; text-align: center;\" rowspan=\"2\">\n<p>\u0160iohara<\/p>\n<\/td>\n<td style=\"height: 64px; width: 5.08197%; text-align: center;\" rowspan=\"2\">\n<p>40 g<\/p>\n<\/td>\n<td style=\"height: 64px; width: 47.8689%; text-align: center;\" rowspan=\"2\">\n<p>lapa 62 x 92 cm<\/p>\n<\/td>\n<td style=\"height: 32px; width: 10.3551%; text-align: center;\">\n<p align=\"right\">1 lapa<\/p>\n<\/td>\n<\/tr>\n<tr style=\"height: 32px;\">\n<td style=\"height: 32px; width: 10.3551%; text-align: center;\">\n<p align=\"right\">200 loksnes<\/p>\n<\/td>\n<\/tr>\n<tr style=\"height: 32px;\">\n<td style=\"height: 32px; width: 18.1967%; text-align: center;\">\n<p>RK-00<\/p>\n<\/td>\n<td style=\"height: 32px; width: 17.377%; text-align: center;\">\n<p>Couse<\/p>\n<\/td>\n<td style=\"height: 32px; width: 5.08197%; text-align: center;\">\n<p>3,6\u00a0g<\/p>\n<\/td>\n<td style=\"height: 32px; width: 47.8689%; text-align: center;\">\n<p>loksne 100 x 100 cm, pH 7,3<\/p>\n<\/td>\n<td style=\"height: 32px; width: 10.3551%; text-align: center;\">\n<p> \u00a0  \u00a0  \u00a0  \u00a0  \u00a0  \u00a0  \u00a0  \u00a0  \u00a0  \u00a01 lapa<\/p>\n<\/td>\n<\/tr>\n<\/tbody>\n<\/table>\n<div id=\"gtx-trans\" style=\"position: absolute; left: 79px; top: 37px;\">\n<div class=\"gtx-trans-icon\"><\/div>\n<\/div>","protected":false},"excerpt":{"rendered":"<p>Jap\u0101\u0146u pap\u012brs loksn\u0113s<\/p>","protected":false},"featured_media":11746,"template":"","meta":[],"product_brand":[],"product_cat":[149],"product_tag":[],"class_list":{"0":"post-12660","1":"product","2":"type-product","3":"status-publish","4":"has-post-thumbnail","6":"product_cat-restauratoriams","8":"first","9":"outofstock","10":"product-type-simple"},"_links":{"self":[{"href":"https:\/\/tavieta.lt\/lv\/wp-json\/wp\/v2\/product\/12660","targetHints":{"allow":["GET"]}}],"collection":[{"href":"https:\/\/tavieta.lt\/lv\/wp-json\/wp\/v2\/product"}],"about":[{"href":"https:\/\/tavieta.lt\/lv\/wp-json\/wp\/v2\/types\/product"}],"wp:featuredmedia":[{"embeddable":true,"href":"https:\/\/tavieta.lt\/lv\/wp-json\/wp\/v2\/media\/11746"}],"wp:attachment":[{"href":"https:\/\/tavieta.lt\/lv\/wp-json\/wp\/v2\/media?parent=12660"}],"wp:term":[{"taxonomy":"product_brand","embeddable":true,"href":"https:\/\/tavieta.lt\/lv\/wp-json\/wp\/v2\/product_brand?post=12660"},{"taxonomy":"product_cat","embeddable":true,"href":"https:\/\/tavieta.lt\/lv\/wp-json\/wp\/v2\/product_cat?post=12660"},{"taxonomy":"product_tag","embeddable":true,"href":"https:\/\/tavieta.lt\/lv\/wp-json\/wp\/v2\/product_tag?post=12660"}],"curies":[{"name":"wp","href":"https:\/\/api.w.org\/{rel}","templated":true}]}}