{"id":12662,"date":"2024-02-07T09:02:13","date_gmt":"2024-02-07T09:02:13","guid":{"rendered":"http:\/\/tavieta.lt\/produktas\/filmoplast-p90-specialaus-popieriaus-juosta\/"},"modified":"2024-02-07T09:02:14","modified_gmt":"2024-02-07T09:02:14","slug":"filmoplast-p90-specialaus-popieriaus-juosta","status":"publish","type":"product","link":"https:\/\/tavieta.lt\/lv\/products\/filmoplast-p90-specialaus-popieriaus-juosta\/","title":{"rendered":"Filmoplast P90 speci\u0101l\u0101 pap\u012bra lente"},"content":{"rendered":"<p><span style=\"font-size: 15px; color: #000000;\"> \u00a0Filmoplast P90 50 g\/m\u00b2 \u012bpa\u0161s pap\u012brs ar ide\u0101lu stabilit\u0101tes un stipr\u012bbas, maiguma un baltuma kombin\u0101ciju. P\u0101rkl\u0101ts ar pretnoveco\u0161anos, nedzelt\u0113jo\u0161o, ilgnotur\u012bgo elast\u012bgo akrila l\u012bmi, kas pastiprin\u0101ta ar CaCO3, nedaudz s\u0101rmaina, lai nov\u0113rstu dokumentu boj\u0101jumus, bet pietiekami pastiprin\u0101ta, lai nov\u0113rstu sk\u0101bes sabruk\u0161anu.. Noveco\u0161an\u0101s notur\u012bba, ko apstiprin\u0101jusi Papiertechnische Stiftung (PTS \u2014 Paper Technology Specialists) Minhen\u0113. Fotoatt\u0113lu aktivit\u0101tes tests (PAT) ISO\u00a018916, ko sertific\u0113jis Ro\u010desteras Tehnolo\u0123iju instit\u016bta Att\u0113lu notur\u012bbas instit\u016bts.<\/span><\/p>\n<table style=\"width: 88.91358024691358%; height: 140px;\" cellspacing=\"0\" cellpadding=\"0\">\n<tbody>\n<tr>\n<td style=\"text-align: center;\" valign=\"top\">\n<p><strong><span style=\"font-size: 15px; color: #000000;\">Materi\u0101la kods<\/span><\/strong><\/p>\n<\/td>\n<td style=\"text-align: center;\" valign=\"top\">\n<p><strong><span style=\"font-size: 15px; color: #000000;\">Apraksts<\/span><\/strong><\/p>\n<\/td>\n<td style=\"text-align: center;\" valign=\"top\">\n<p><strong><span style=\"font-size: 15px; color: #000000;\">Iepakojums<\/span><\/strong><\/p>\n<\/td>\n<\/tr>\n<tr>\n<td style=\"text-align: center;\" valign=\"top\">\n<p><span style=\"font-size: 15px; color: #000000;\">10147<\/span><\/p>\n<\/td>\n<td style=\"text-align: center;\" valign=\"top\">\n<p><span style=\"font-size: 15px; color: #000000;\">Filmoplast P90 50 mx 1,3 cm<\/span><\/p>\n<\/td>\n<td style=\"text-align: center;\" valign=\"top\">\n<p><span style=\"font-size: 15px; color: #000000;\">1 gab.<\/span><\/p>\n<\/td>\n<\/tr>\n<tr>\n<td style=\"text-align: center;\" valign=\"top\">\n<p><span style=\"font-size: 15px; color: #000000;\">10148<\/span><\/p>\n<\/td>\n<td style=\"text-align: center;\" valign=\"top\">\n<p><span style=\"font-size: 15px; color: #000000;\">Filmoplast P90 50 mx 2 cm<\/span><\/p>\n<\/td>\n<td style=\"text-align: center;\" valign=\"top\">\n<p><span style=\"font-size: 15px; color: #000000;\">1 gab.<\/span><\/p>\n<\/td>\n<\/tr>\n<tr>\n<td style=\"text-align: center;\" valign=\"top\">\n<p><span style=\"font-size: 15px; color: #000000;\">10150<\/span><\/p>\n<\/td>\n<td style=\"text-align: center;\" valign=\"top\">\n<p><span style=\"font-size: 15px; color: #000000;\">Filmoplast P90 50 mx 4 cm<\/span><\/p>\n<\/td>\n<td style=\"text-align: center;\" valign=\"top\">\n<p><span style=\"font-size: 15px; color: #000000;\">1 gab.<\/span><\/p>\n<\/td>\n<\/tr>\n<tr>\n<td style=\"text-align: center;\" valign=\"top\">\n<p><span style=\"font-size: 15px; color: #000000;\">10148+<\/span><\/p>\n<\/td>\n<td style=\"text-align: center;\" valign=\"top\">\n<p><span style=\"font-size: 15px; color: #000000;\">Filmoplast P90 PLUS - 50 mx 2 cm<\/span><\/p>\n<\/td>\n<td style=\"text-align: center;\" valign=\"top\">\n<p><span style=\"font-size: 15px; color: #000000;\">1 gab.<\/span><\/p>\n<\/td>\n<\/tr>\n<\/tbody>\n<\/table>\n<div id=\"gtx-trans\" style=\"position: absolute; left: 79px; top: 37px;\">\n<div class=\"gtx-trans-icon\"><\/div>\n<\/div>","protected":false},"excerpt":{"rendered":"<p>Filmoplast P89<\/p>","protected":false},"featured_media":11750,"template":"","meta":[],"product_brand":[],"product_cat":[149],"product_tag":[],"class_list":{"0":"post-12662","1":"product","2":"type-product","3":"status-publish","4":"has-post-thumbnail","6":"product_cat-restauratoriams","8":"first","9":"outofstock","10":"product-type-simple"},"_links":{"self":[{"href":"https:\/\/tavieta.lt\/lv\/wp-json\/wp\/v2\/product\/12662","targetHints":{"allow":["GET"]}}],"collection":[{"href":"https:\/\/tavieta.lt\/lv\/wp-json\/wp\/v2\/product"}],"about":[{"href":"https:\/\/tavieta.lt\/lv\/wp-json\/wp\/v2\/types\/product"}],"wp:featuredmedia":[{"embeddable":true,"href":"https:\/\/tavieta.lt\/lv\/wp-json\/wp\/v2\/media\/11750"}],"wp:attachment":[{"href":"https:\/\/tavieta.lt\/lv\/wp-json\/wp\/v2\/media?parent=12662"}],"wp:term":[{"taxonomy":"product_brand","embeddable":true,"href":"https:\/\/tavieta.lt\/lv\/wp-json\/wp\/v2\/product_brand?post=12662"},{"taxonomy":"product_cat","embeddable":true,"href":"https:\/\/tavieta.lt\/lv\/wp-json\/wp\/v2\/product_cat?post=12662"},{"taxonomy":"product_tag","embeddable":true,"href":"https:\/\/tavieta.lt\/lv\/wp-json\/wp\/v2\/product_tag?post=12662"}],"curies":[{"name":"wp","href":"https:\/\/api.w.org\/{rel}","templated":true}]}}