{"id":12663,"date":"2024-02-07T09:02:13","date_gmt":"2024-02-07T09:02:13","guid":{"rendered":"http:\/\/tavieta.lt\/produktas\/archibond-audinys\/"},"modified":"2024-02-07T09:02:14","modified_gmt":"2024-02-07T09:02:14","slug":"archibond-audinys","status":"publish","type":"product","link":"https:\/\/tavieta.lt\/lv\/products\/archibond-audinys\/","title":{"rendered":"Archibond\u2122 audums"},"content":{"rendered":"<p><span style=\"font-size: 15px; color: #000000;\"> \u00a0Siltuma komplekts remonta audumu lamin\u0113\u0161anai.. Viegls audums, stipr\u0101ks par Crompton, bet pl\u0101n\u0101ks un caursp\u012bd\u012bg\u0101ks par 20%. Galvenais audums ir 100% abakas \u0161\u0137iedra, 9,3 \u00ce\u00bcm audums, un tas ir p\u0101rkl\u0101ts ar Paraloid b\u0101zes Archibond\u2122 1\/3 l\u012bmi, lai nodro\u0161in\u0101tu izcilu caursp\u012bd\u012bgumu, samazin\u0101tu apjomu un palielin\u0101tu iztur\u012bbu pret pl\u012bsumiem. \u00a0<\/span><\/p>\n<p><span style=\"font-size: 15px; color: #000000;\"> \u00a0Izgrieziet divus Archibond audu gabalus, kas ir nedaudz liel\u0101ki par dokumentu. Novietojiet dokumentu starp ab\u0101m p\u0101rkl\u0101taj\u0101m pus\u0113m, izmantojot mont\u0101\u017eas gludekli, viegli nostipriniet ar silikona pap\u012bra pap\u012bra gabalu, atdalot gludek\u013ca priek\u0161pusi no Archibond auduma. Nospie\u017eot p\u0101r\u0101k ilgi, audums var saburz\u012bt, jo tas nevar p\u0101rvietoties starp pres\u0113\u0161anas pl\u0101ksn\u0113m.<\/span><\/p>\n<p><span style=\"font-size: 15px; color: #000000;\">Iestatiet Hardbed Press vai Semi-Matic Laminator laminatoru no 80\u00baC l\u012bdz 90\u00baC (176F un 194F), lamin\u0113jamais dokuments j\u0101novieto starp diviem silikona pap\u012bra vai PTFE auduma gabali\u0146iem uz spiediena pl\u0101ksnes starp pl\u0101ksn\u0113m. 20-30 sekundes.<\/span><\/p>\n<p><span style=\"font-size: 15px; color: #000000;\">No\u0146emtais, lamin\u0113tais dokuments ir piln\u012bb\u0101 j\u0101apgrie\u017e l\u012bdz 1,5 mm. \u0160\u012b piemale nodro\u0161in\u0101s pareizu lamin\u0113\u0161anu, un nepiecie\u0161am\u012bbas gad\u012bjum\u0101 lamin\u0101tu var no\u0146emt.<\/span><\/p>\n<table style=\"width: 68.23103448275862%; height: 91px;\" cellspacing=\"0\" cellpadding=\"0\">\n<tbody>\n<tr>\n<td valign=\"top\">\n<p><strong><span style=\"font-size: 15px; color: #000000;\">Materi\u0101la kods<\/span><\/strong><\/p>\n<\/td>\n<td valign=\"top\">\n<p><strong><span style=\"font-size: 15px; color: #000000;\">Apraksts<\/span><\/strong><\/p>\n<\/td>\n<td valign=\"top\">\n<p><strong><span style=\"font-size: 15px; color: #000000;\">Iepakojums<\/span><\/strong><\/p>\n<\/td>\n<\/tr>\n<tr>\n<td valign=\"top\">\n<p><span style=\"font-size: 15px; color: #000000;\">ARCH001 ARCH002<\/span><\/p>\n<\/td>\n<td valign=\"top\">\n<p><span style=\"font-size: 15px; color: #000000;\">Archibond auduma rullis 95 cm x 25 m<\/span><\/p>\n<p><span style=\"font-size: 15px; color: #000000;\"> \u00a0Archibond auduma rullis 95 cm x 100 m<\/span><\/p>\n<\/td>\n<td valign=\"top\">\n<p><span style=\"font-size: 15px; color: #000000;\">1 rull\u012btis<\/span><\/p>\n<p><span style=\"font-size: 15px; color: #000000;\">1 rull\u012btis<\/span><\/p>\n<\/td>\n<\/tr>\n<\/tbody>\n<\/table>\n<div id=\"gtx-trans\" style=\"position: absolute; left: 79px; top: 37px;\">\n<div class=\"gtx-trans-icon\"><\/div>\n<\/div>","protected":false},"excerpt":{"rendered":"<p>Archibond\u2122 audums<\/p>","protected":false},"featured_media":11752,"template":"","meta":[],"product_brand":[],"product_cat":[149],"product_tag":[],"class_list":{"0":"post-12663","1":"product","2":"type-product","3":"status-publish","4":"has-post-thumbnail","6":"product_cat-restauratoriams","8":"first","9":"outofstock","10":"product-type-simple"},"_links":{"self":[{"href":"https:\/\/tavieta.lt\/lv\/wp-json\/wp\/v2\/product\/12663","targetHints":{"allow":["GET"]}}],"collection":[{"href":"https:\/\/tavieta.lt\/lv\/wp-json\/wp\/v2\/product"}],"about":[{"href":"https:\/\/tavieta.lt\/lv\/wp-json\/wp\/v2\/types\/product"}],"wp:featuredmedia":[{"embeddable":true,"href":"https:\/\/tavieta.lt\/lv\/wp-json\/wp\/v2\/media\/11752"}],"wp:attachment":[{"href":"https:\/\/tavieta.lt\/lv\/wp-json\/wp\/v2\/media?parent=12663"}],"wp:term":[{"taxonomy":"product_brand","embeddable":true,"href":"https:\/\/tavieta.lt\/lv\/wp-json\/wp\/v2\/product_brand?post=12663"},{"taxonomy":"product_cat","embeddable":true,"href":"https:\/\/tavieta.lt\/lv\/wp-json\/wp\/v2\/product_cat?post=12663"},{"taxonomy":"product_tag","embeddable":true,"href":"https:\/\/tavieta.lt\/lv\/wp-json\/wp\/v2\/product_tag?post=12663"}],"curies":[{"name":"wp","href":"https:\/\/api.w.org\/{rel}","templated":true}]}}