{"id":12664,"date":"2024-02-07T09:02:13","date_gmt":"2024-02-07T09:02:13","guid":{"rendered":"http:\/\/tavieta.lt\/produktas\/nerugstinis-audinys\/"},"modified":"2024-02-07T09:02:15","modified_gmt":"2024-02-07T09:02:15","slug":"nerugstinis-audinys","status":"publish","type":"product","link":"https:\/\/tavieta.lt\/lv\/products\/nerugstinis-audinys\/","title":{"rendered":"Audums bez sk\u0101bes"},"content":{"rendered":"<p><span style=\"color: #000000;\"> \u00a0 Balts z\u012bda iet\u012b\u0161anas audums, uzt\u012bts uz spoles, pastiprin\u0101ts ar dabisko kalcija karbon\u0101tu (GCC) ar pH no 8,0 l\u012bdz 9,5, bez sk\u0101b\u0113m un izgatavots bez optisko balin\u0101t\u0101ju izmanto\u0161anas. Piem\u0113rots izmanto\u0161anai k\u0101 iesai\u0146ojuma materi\u0101ls fotogr\u0101fiju, akvare\u013cgleznu, grafikas un tekstilizstr\u0101d\u0101jumu arhiv\u0113\u0161anai, k\u0101 ar\u012b k\u0101 polster\u0113jums smalku priek\u0161metu uzglab\u0101\u0161anai un iesai\u0146o\u0161anai. Fotogr\u0101fijas aktivit\u0101tes tests (PAT) saska\u0146\u0101 ar ISO 18916 ir veikts salve\u0161pap\u012bram.<\/span><\/p>\n<table style=\"width: 62.88811188811189%; height: 107px;\" cellspacing=\"0\" cellpadding=\"0\">\n<tbody>\n<tr>\n<td style=\"text-align: center;\" valign=\"top\">\n<p><strong><span style=\"color: #000000;\">Materi\u0101la kods<\/span><\/strong><\/p>\n<\/td>\n<td style=\"text-align: center;\" valign=\"top\">\n<p><strong><span style=\"color: #000000;\">Apraksts<\/span><\/strong><\/p>\n<\/td>\n<td style=\"text-align: center;\" valign=\"top\">\n<p><strong><span style=\"color: #000000;\">Iepakojums<\/span><\/strong><\/p>\n<\/td>\n<\/tr>\n<tr>\n<td style=\"text-align: center;\" rowspan=\"2\" valign=\"top\">\n<p><span style=\"color: #000000;\">KL01031<\/span><\/p>\n<\/td>\n<td style=\"text-align: center;\" rowspan=\"2\" valign=\"top\">\n<p><span style=\"color: #000000;\">Bezsk\u0101bes audums, ru\u013c\u013ca garums 100 cm<\/span><\/p>\n<\/td>\n<td style=\"text-align: center;\" valign=\"top\">\n<p><span style=\"color: #000000;\">1 bm<\/span><\/p>\n<\/td>\n<\/tr>\n<tr>\n<td style=\"text-align: center;\" valign=\"top\">\n<p><span style=\"color: #000000;\">roll 500 m<\/span><\/p>\n<\/td>\n<\/tr>\n<\/tbody>\n<\/table>\n<div id=\"gtx-trans\" style=\"position: absolute; left: 79px; top: 37px;\">\n<div class=\"gtx-trans-icon\"><\/div>\n<\/div>","protected":false},"excerpt":{"rendered":"<p>Audums bez sk\u0101bes<\/p>","protected":false},"featured_media":11754,"template":"","meta":[],"product_brand":[],"product_cat":[149,152],"product_tag":[],"class_list":{"0":"post-12664","1":"product","2":"type-product","3":"status-publish","4":"has-post-thumbnail","6":"product_cat-restauratoriams","7":"product_cat-konservavimas","9":"first","10":"outofstock","11":"product-type-simple"},"_links":{"self":[{"href":"https:\/\/tavieta.lt\/lv\/wp-json\/wp\/v2\/product\/12664","targetHints":{"allow":["GET"]}}],"collection":[{"href":"https:\/\/tavieta.lt\/lv\/wp-json\/wp\/v2\/product"}],"about":[{"href":"https:\/\/tavieta.lt\/lv\/wp-json\/wp\/v2\/types\/product"}],"wp:featuredmedia":[{"embeddable":true,"href":"https:\/\/tavieta.lt\/lv\/wp-json\/wp\/v2\/media\/11754"}],"wp:attachment":[{"href":"https:\/\/tavieta.lt\/lv\/wp-json\/wp\/v2\/media?parent=12664"}],"wp:term":[{"taxonomy":"product_brand","embeddable":true,"href":"https:\/\/tavieta.lt\/lv\/wp-json\/wp\/v2\/product_brand?post=12664"},{"taxonomy":"product_cat","embeddable":true,"href":"https:\/\/tavieta.lt\/lv\/wp-json\/wp\/v2\/product_cat?post=12664"},{"taxonomy":"product_tag","embeddable":true,"href":"https:\/\/tavieta.lt\/lv\/wp-json\/wp\/v2\/product_tag?post=12664"}],"curies":[{"name":"wp","href":"https:\/\/api.w.org\/{rel}","templated":true}]}}