{"id":12665,"date":"2024-02-07T09:02:13","date_gmt":"2024-02-07T09:02:13","guid":{"rendered":"http:\/\/tavieta.lt\/produktas\/neutralaus-ph-audinys\/"},"modified":"2024-02-07T09:02:15","modified_gmt":"2024-02-07T09:02:15","slug":"neutralaus-ph-audinys","status":"publish","type":"product","link":"https:\/\/tavieta.lt\/lv\/products\/neutralaus-ph-audinys\/","title":{"rendered":"Neitr\u0101ls pH audums"},"content":{"rendered":"<p><span style=\"color: #000000; font-size: 15px;\"> \u00a0Z\u012bda audums bez s\u0101rmain\u0101s pastiprin\u0101juma, uzt\u012bts uz spoles., ma\u0161\u012bnglaz\u0113ts, vienpus\u0113js, pH 7, bez sk\u0101b\u0113m un izgatavots bez optisko balin\u0101t\u0101ju izmanto\u0161anas. Piem\u0113rots k\u0101 ietinamais pap\u012brs fotogr\u0101fiju, gleznu, grafikas un tekstila materi\u0101lu arhiv\u0113\u0161anai un k\u0101 polster\u0113jums smalkiem priek\u0161metiem. Salve\u0161pap\u012brs ir pak\u013cauts fotoaktivit\u0101tes p\u0101rbaudei (PAT) saska\u0146\u0101 ar ISO 18916.<\/span><\/p>\n<table style=\"width: 75.4499110837622%;\" cellspacing=\"0\" cellpadding=\"0\">\n<tbody>\n<tr>\n<td style=\"text-align: center; width: 24.840764331210192%;\" valign=\"top\">\n<p><strong><span style=\"color: #000000; font-size: 15px;\">Materi\u0101la kods<\/span><\/strong><\/p>\n<\/td>\n<td style=\"text-align: center; width: 57.64331210191082%;\" valign=\"top\">\n<p><strong><span style=\"color: #000000; font-size: 15px;\">Apraksts<\/span><\/strong><\/p>\n<\/td>\n<td style=\"text-align: center; width: 61.509697273312824%;\" valign=\"top\">\n<p><strong><span style=\"color: #000000; font-size: 15px;\">Iepakojums<\/span><\/strong><\/p>\n<\/td>\n<\/tr>\n<tr>\n<td style=\"text-align: center; width: 24.840764331210192%;\" rowspan=\"2\" valign=\"top\">\n<p><span style=\"color: #000000; font-size: 15px;\">KL010182<\/span><\/p>\n<\/td>\n<td style=\"text-align: center; width: 57.64331210191082%;\" rowspan=\"2\" valign=\"top\">\n<p><span style=\"color: #000000; font-size: 15px;\">Neitr\u0101ls pH neitr\u0101ls audums, rullis 130 cm<\/span><\/p>\n<\/td>\n<td style=\"text-align: center; width: 61.509697273312824%;\" valign=\"top\">\n<p><span style=\"color: #000000; font-size: 15px;\">1 bm<\/span><\/p>\n<\/td>\n<\/tr>\n<tr>\n<td style=\"text-align: center; width: 61.509697273312824%;\" valign=\"top\">\n<p><span style=\"color: #000000; font-size: 15px;\">roll 500 m<\/span><\/p>\n<\/td>\n<\/tr>\n<\/tbody>\n<\/table>\n<div id=\"gtx-trans\" style=\"position: absolute; left: 79px; top: 37px;\">\n<div class=\"gtx-trans-icon\"><\/div>\n<\/div>","protected":false},"excerpt":{"rendered":"<p>Neitr\u0101ls pH audums<\/p>","protected":false},"featured_media":11562,"template":"","meta":[],"product_brand":[],"product_cat":[149,152],"product_tag":[],"class_list":{"0":"post-12665","1":"product","2":"type-product","3":"status-publish","4":"has-post-thumbnail","6":"product_cat-restauratoriams","7":"product_cat-konservavimas","9":"first","10":"outofstock","11":"product-type-simple"},"_links":{"self":[{"href":"https:\/\/tavieta.lt\/lv\/wp-json\/wp\/v2\/product\/12665","targetHints":{"allow":["GET"]}}],"collection":[{"href":"https:\/\/tavieta.lt\/lv\/wp-json\/wp\/v2\/product"}],"about":[{"href":"https:\/\/tavieta.lt\/lv\/wp-json\/wp\/v2\/types\/product"}],"wp:featuredmedia":[{"embeddable":true,"href":"https:\/\/tavieta.lt\/lv\/wp-json\/wp\/v2\/media\/11562"}],"wp:attachment":[{"href":"https:\/\/tavieta.lt\/lv\/wp-json\/wp\/v2\/media?parent=12665"}],"wp:term":[{"taxonomy":"product_brand","embeddable":true,"href":"https:\/\/tavieta.lt\/lv\/wp-json\/wp\/v2\/product_brand?post=12665"},{"taxonomy":"product_cat","embeddable":true,"href":"https:\/\/tavieta.lt\/lv\/wp-json\/wp\/v2\/product_cat?post=12665"},{"taxonomy":"product_tag","embeddable":true,"href":"https:\/\/tavieta.lt\/lv\/wp-json\/wp\/v2\/product_tag?post=12665"}],"curies":[{"name":"wp","href":"https:\/\/api.w.org\/{rel}","templated":true}]}}