{"id":12673,"date":"2024-02-07T09:02:27","date_gmt":"2024-02-07T09:02:27","guid":{"rendered":"http:\/\/tavieta.lt\/produktas\/archyvine-sarmine-boxboard\/"},"modified":"2025-01-30T13:19:31","modified_gmt":"2025-01-30T13:19:31","slug":"archyvine-sarmine-boxboard","status":"publish","type":"product","link":"https:\/\/tavieta.lt\/lv\/products\/archyvine-sarmine-boxboard\/","title":{"rendered":"Arh\u012bvs Alkaline BoxBoard"},"content":{"rendered":"<p><span style=\"font-size: 16px; color: #000000;\">Arh\u012bva t\u0101fele, pel\u0113kzila\/dabiski balta ar m\u012bkstu serdi un \u012bpa\u0161i apstr\u0101d\u0101tu aug\u0161\u0113jo virsmu, net\u012brumu iztur\u012bga, berzes iztur\u012bga. Sabalans\u0113ti \u0161\u0137\u0113rsgriezuma graudu virzieni un liels daudzums garo \u0161\u0137iedru nodro\u0161ina izcilas rievu un caurumu \u012bpa\u0161\u012bbas. Ide\u0101li piem\u0113rots k\u0101 kartona materi\u0101ls biezu arh\u012bvu mapju un kastu izgatavo\u0161anai.<\/span><\/p>\n<p><span style=\"font-size: 16px; color: #000000;\">Tabul\u0101 nav OBA, tai ir veikta fotoaktivit\u0101tes p\u0101rbaude (PAT) saska\u0146\u0101 ar ISO 18916.<\/span><\/p>\n<p>&nbsp;<\/p>\n<table style=\"width: 89.39929328621908%; height: 160px;\" cellspacing=\"0\" cellpadding=\"0\">\n<tbody>\n<tr>\n<td style=\"text-align: center;\" valign=\"top\">\n<p><strong>Materi\u0101la kods<\/strong><\/p>\n<\/td>\n<td style=\"text-align: center;\" valign=\"top\">\n<p><strong>Apraksts<\/strong><\/p>\n<\/td>\n<td style=\"text-align: center;\" valign=\"top\">\n<p><strong>Biezums<\/strong><\/p>\n<\/td>\n<td style=\"text-align: center;\" valign=\"top\">\n<p><strong>Iepakojums<\/strong><\/p>\n<\/td>\n<\/tr>\n<tr>\n<td style=\"text-align: center;\" valign=\"top\">\n<p>KL04799065<\/p>\n<p>KL04799090<\/p>\n<p>KL04799130<\/p>\n<p>KL04799150<\/p>\n<p>KL04799190<\/p>\n<\/td>\n<td style=\"text-align: center;\" valign=\"top\">\n<p>Lepenka Box Board, 5 50 g\/m 2<\/p>\n<p>Lepenka Box Board, 670 g\/m2<\/p>\n<p>Lepenka Box Board, 955 g\/m2<\/p>\n<p>Lepenka Box Board, 1070 g\/m 2<\/p>\n<p>Lepenka Box Board, 1310 g\/m2<\/p>\n<\/td>\n<td style=\"text-align: center;\" valign=\"top\">\n<p>0,7 mm<\/p>\n<p>0,9 mm<\/p>\n<p>1,3\u00a0mm<\/p>\n<p>1,5\u00a0mm<\/p>\n<p>1,9\u00a0mm<\/p>\n<\/td>\n<td style=\"text-align: center;\" valign=\"top\">\n<p>5 gab.<\/p>\n<p>5 gab.<\/p>\n<p>5 gab.<\/p>\n<p>5 gab.<\/p>\n<p>5 gab.<\/p>\n<\/td>\n<\/tr>\n<\/tbody>\n<\/table>\n<div id=\"gtx-trans\" style=\"position: absolute; left: 79px; top: 37px;\">\n<div class=\"gtx-trans-icon\"><\/div>\n<\/div>","protected":false},"excerpt":{"rendered":"<p>Arh\u012bva s\u0101rmaina kartona loksnes<\/p>","protected":false},"featured_media":11572,"template":"","meta":[],"product_brand":[],"product_cat":[140],"product_tag":[],"class_list":{"0":"post-12673","1":"product","2":"type-product","3":"status-publish","4":"has-post-thumbnail","6":"product_cat-archyvines-dezutes","8":"first","9":"outofstock","10":"product-type-simple"},"_links":{"self":[{"href":"https:\/\/tavieta.lt\/lv\/wp-json\/wp\/v2\/product\/12673","targetHints":{"allow":["GET"]}}],"collection":[{"href":"https:\/\/tavieta.lt\/lv\/wp-json\/wp\/v2\/product"}],"about":[{"href":"https:\/\/tavieta.lt\/lv\/wp-json\/wp\/v2\/types\/product"}],"wp:featuredmedia":[{"embeddable":true,"href":"https:\/\/tavieta.lt\/lv\/wp-json\/wp\/v2\/media\/11572"}],"wp:attachment":[{"href":"https:\/\/tavieta.lt\/lv\/wp-json\/wp\/v2\/media?parent=12673"}],"wp:term":[{"taxonomy":"product_brand","embeddable":true,"href":"https:\/\/tavieta.lt\/lv\/wp-json\/wp\/v2\/product_brand?post=12673"},{"taxonomy":"product_cat","embeddable":true,"href":"https:\/\/tavieta.lt\/lv\/wp-json\/wp\/v2\/product_cat?post=12673"},{"taxonomy":"product_tag","embeddable":true,"href":"https:\/\/tavieta.lt\/lv\/wp-json\/wp\/v2\/product_tag?post=12673"}],"curies":[{"name":"wp","href":"https:\/\/api.w.org\/{rel}","templated":true}]}}